{"id":1478,"date":"2024-08-29T13:13:08","date_gmt":"2024-08-29T11:13:08","guid":{"rendered":"https:\/\/tocdefusta.com\/latelier\/"},"modified":"2024-08-29T13:13:08","modified_gmt":"2024-08-29T11:13:08","slug":"latelier","status":"publish","type":"page","link":"https:\/\/tocdefusta.com\/fr\/latelier\/","title":{"rendered":"L&rsquo;atelier"},"content":{"rendered":"\t\t<div data-elementor-type=\"wp-post\" data-elementor-id=\"1478\" class=\"elementor elementor-1478 elementor-15\" data-elementor-post-type=\"page\">\n\t\t\t\t\t\t<section class=\"elementor-section elementor-top-section elementor-element elementor-element-2988a4c3 elementor-section-boxed elementor-section-height-default elementor-section-height-default\" data-id=\"2988a4c3\" data-element_type=\"section\">\n\t\t\t\t\t\t<div class=\"elementor-container elementor-column-gap-default\">\n\t\t\t\t\t<div class=\"elementor-column elementor-col-100 elementor-top-column elementor-element elementor-element-5dfc910c\" data-id=\"5dfc910c\" data-element_type=\"column\">\n\t\t\t<div class=\"elementor-widget-wrap elementor-element-populated\">\n\t\t\t\t\t\t<section class=\"elementor-section elementor-inner-section elementor-element elementor-element-18222f28 elementor-section-boxed elementor-section-height-default elementor-section-height-default\" data-id=\"18222f28\" data-element_type=\"section\">\n\t\t\t\t\t\t<div class=\"elementor-container elementor-column-gap-default\">\n\t\t\t\t\t<div class=\"elementor-column elementor-col-66 elementor-inner-column elementor-element elementor-element-1f65d251\" data-id=\"1f65d251\" data-element_type=\"column\">\n\t\t\t<div class=\"elementor-widget-wrap elementor-element-populated\">\n\t\t\t\t\t\t<div class=\"elementor-element elementor-element-32cce69 elementor-hidden-tablet elementor-hidden-phone elementor-hidden-desktop elementor-widget elementor-widget-image\" data-id=\"32cce69\" data-element_type=\"widget\" data-widget_type=\"image.default\">\n\t\t\t\t<div class=\"elementor-widget-container\">\n\t\t\t\t\t\t\t\t\t\t\t\t\t\t\t<img decoding=\"async\" src=\"https:\/\/tocdefusta.com\/wp-content\/uploads\/2019\/04\/atelier-tocdefusta-08.png\" title=\"atelier-tocdefusta-08\" alt=\"atelier-tocdefusta-08\" loading=\"lazy\" \/>\t\t\t\t\t\t\t\t\t\t\t\t\t\t\t<\/div>\n\t\t\t\t<\/div>\n\t\t\t\t<div class=\"elementor-element elementor-element-f7867ba elementor-widget elementor-widget-video\" data-id=\"f7867ba\" data-element_type=\"widget\" data-settings=\"{&quot;video_type&quot;:&quot;vimeo&quot;}\" data-widget_type=\"video.default\">\n\t\t\t\t<div class=\"elementor-widget-container\">\n\t\t\t\t\t\t\t<div class=\"elementor-wrapper elementor-open-inline\">\n\t\t\t<iframe class=\"elementor-video-iframe\" allowfullscreen allow=\"clipboard-write\" title=\"Lecteur vid\u00e9o vimeo\" src=\"https:\/\/player.vimeo.com\/video\/500515623?color&amp;autopause=0&amp;loop=0&amp;muted=0&amp;title=0&amp;portrait=0&amp;byline=0#t=\"><\/iframe>\t\t<\/div>\n\t\t\t\t\t\t<\/div>\n\t\t\t\t<\/div>\n\t\t\t\t<div class=\"elementor-element elementor-element-ca77b4f elementor-widget elementor-widget-text-editor\" data-id=\"ca77b4f\" data-element_type=\"widget\" data-widget_type=\"text-editor.default\">\n\t\t\t\t<div class=\"elementor-widget-container\">\n\t\t\t\t\t\t\t\t\t<p>L\u2019\u00e9trange refuge d\u2019un naufrage\u0301 lunatique, absorb\u00e9 par le jeu et par sa propre solitude.<\/p>\n<p>l\u2019atelier est un travail de menuiserie particulier o\u00f9 les machines ont l\u2019air de marcher toutes seules, un curieux atelier o\u00f9 le jeu est ne\u0301cessaire pour activer \u00e0 distance scies et marteaux.<\/p>\n<p>La visite de l\u2019atelier offre au public la possibilit\u00e9 de de\u0301couvrir, jouer et faire marcher tous les engins qui conforment l\u2019installation mais aussi de parcourir les tiroirs et les recoins.<\/p>\n<p>D\u00e9couvrez l\u2019espace o\u00f9 a \u00e9t\u00e9 cr\u00e9\u00e9e l\u2019oeuvre \u2018Les amis de Crusoe\u2019 et entrez dans l\u2019imaginaire de ce naufrag\u00e9 solitaire qui, ennuy\u00e9 de ne pouvoir partager avec d\u2019autres tout le temps qu\u2019il avait devant lui, d\u00e9cida de se construire des amis avec les restes de son bateau.<\/p>\n<p>*Installation interactive, pour tout public, \u00e0 partir de 7 ans.<\/p>\n\t\t\t\t\t\t\t\t<\/div>\n\t\t\t\t<\/div>\n\t\t\t\t\t<\/div>\n\t\t<\/div>\n\t\t\t\t<div class=\"elementor-column elementor-col-33 elementor-inner-column elementor-element elementor-element-3929fb73\" data-id=\"3929fb73\" data-element_type=\"column\">\n\t\t\t<div class=\"elementor-widget-wrap elementor-element-populated\">\n\t\t\t\t\t\t<div class=\"elementor-element elementor-element-e5d7454 elementor-hidden-tablet elementor-hidden-mobile elementor-widget elementor-widget-image\" data-id=\"e5d7454\" data-element_type=\"widget\" data-widget_type=\"image.default\">\n\t\t\t\t<div class=\"elementor-widget-container\">\n\t\t\t\t\t\t\t\t\t\t\t\t\t\t\t<img decoding=\"async\" src=\"https:\/\/tocdefusta.com\/wp-content\/uploads\/2019\/04\/atelier-tocdefusta-08.png\" title=\"atelier-tocdefusta-08\" alt=\"atelier-tocdefusta-08\" loading=\"lazy\" \/>\t\t\t\t\t\t\t\t\t\t\t\t\t\t\t<\/div>\n\t\t\t\t<\/div>\n\t\t\t\t<div class=\"elementor-element elementor-element-724cd6d elementor-position-left elementor-vertical-align-top elementor-widget elementor-widget-image-box\" data-id=\"724cd6d\" data-element_type=\"widget\" data-widget_type=\"image-box.default\">\n\t\t\t\t<div class=\"elementor-widget-container\">\n\t\t\t\t\t<div class=\"elementor-image-box-wrapper\"><figure class=\"elementor-image-box-img\"><img decoding=\"async\" src=\"https:\/\/tocdefusta.com\/wp-content\/uploads\/2019\/04\/ic-tocdefusta-11.png\" title=\"ic-tocdefusta-11\" alt=\"ic-tocdefusta-11\" loading=\"lazy\" \/><\/figure><div class=\"elementor-image-box-content\"><h3 class=\"elementor-image-box-title\">Fiche technique<\/h3><p class=\"elementor-image-box-description\">Un espace plat de 7m x 9m avec acc\u00e8s et parking pour une grande camionnette. Un point d\u2019eau ou \u00e0 d\u00e9faut, 15 litres d\u2019eau dans des bonbonnes. <\/p><\/div><\/div>\t\t\t\t<\/div>\n\t\t\t\t<\/div>\n\t\t\t\t<div class=\"elementor-element elementor-element-c5f1f97 elementor-position-left elementor-vertical-align-top elementor-widget elementor-widget-image-box\" data-id=\"c5f1f97\" data-element_type=\"widget\" data-widget_type=\"image-box.default\">\n\t\t\t\t<div class=\"elementor-widget-container\">\n\t\t\t\t\t<div class=\"elementor-image-box-wrapper\"><figure class=\"elementor-image-box-img\"><img decoding=\"async\" src=\"https:\/\/tocdefusta.com\/wp-content\/uploads\/2019\/04\/ic-tocdefusta-12.png\" title=\"ic-tocdefusta-12\" alt=\"ic-tocdefusta-12\" loading=\"lazy\" \/><\/figure><div class=\"elementor-image-box-content\"><h3 class=\"elementor-image-box-title\">Temps<\/h3><p class=\"elementor-image-box-description\">Montage: 2 h 30'<br>Dur\u00e9e: de 3 \u00e0 6 h, en tout, en faisant entrer des groupes de 25 personnes toutes les 30\u2019<br>D\u00e9montage: 1 h 30\u2019<\/p><\/div><\/div>\t\t\t\t<\/div>\n\t\t\t\t<\/div>\n\t\t\t\t<div class=\"elementor-element elementor-element-e1e065b elementor-position-left elementor-vertical-align-top elementor-widget elementor-widget-image-box\" data-id=\"e1e065b\" data-element_type=\"widget\" data-widget_type=\"image-box.default\">\n\t\t\t\t<div class=\"elementor-widget-container\">\n\t\t\t\t\t<div class=\"elementor-image-box-wrapper\"><figure class=\"elementor-image-box-img\"><img decoding=\"async\" src=\"https:\/\/tocdefusta.com\/wp-content\/uploads\/2019\/04\/ic-tocdefusta-13.png\" title=\"ic-tocdefusta-13\" alt=\"ic-tocdefusta-13\" loading=\"lazy\" \/><\/figure><div class=\"elementor-image-box-content\"><h3 class=\"elementor-image-box-title\">Fiche artistique<\/h3><p class=\"elementor-image-box-description\">Cre\u0301e et construit par Alfred Borr\u00e0s, Albert Utg\u00e9 i Laura Utg\u00e9 Produit par Toc de Fusta<\/p><\/div><\/div>\t\t\t\t<\/div>\n\t\t\t\t<\/div>\n\t\t\t\t<div class=\"elementor-element elementor-element-b80b46b elementor-align-center elementor-widget elementor-widget-button\" data-id=\"b80b46b\" data-element_type=\"widget\" data-widget_type=\"button.default\">\n\t\t\t\t<div class=\"elementor-widget-container\">\n\t\t\t\t\t\t\t\t\t<div class=\"elementor-button-wrapper\">\n\t\t\t\t\t<a class=\"elementor-button elementor-button-link elementor-size-sm\" href=\"https:\/\/tocdefusta.com\/wp-content\/uploads\/2019\/04\/atelier-CA.pdf\" target=\"_blank\">\n\t\t\t\t\t\t<span class=\"elementor-button-content-wrapper\">\n\t\t\t\t\t\t\t\t\t<span class=\"elementor-button-text\">T\u00e9l\u00e9chargez notre fiche<\/span>\n\t\t\t\t\t<\/span>\n\t\t\t\t\t<\/a>\n\t\t\t\t<\/div>\n\t\t\t\t\t\t\t\t<\/div>\n\t\t\t\t<\/div>\n\t\t\t\t<div class=\"elementor-element elementor-element-b236a5b elementor-align-center elementor-widget elementor-widget-button\" data-id=\"b236a5b\" data-element_type=\"widget\" data-widget_type=\"button.default\">\n\t\t\t\t<div class=\"elementor-widget-container\">\n\t\t\t\t\t\t\t\t\t<div class=\"elementor-button-wrapper\">\n\t\t\t\t\t<a class=\"elementor-button elementor-button-link elementor-size-sm\" href=\"https:\/\/tocdefusta.com\/wp-content\/uploads\/2021\/11\/CAT_latelier_compressed.pdf\" target=\"_blank\">\n\t\t\t\t\t\t<span class=\"elementor-button-content-wrapper\">\n\t\t\t\t\t\t\t\t\t<span class=\"elementor-button-text\">T\u00e9l\u00e9chargez notre dossier<\/span>\n\t\t\t\t\t<\/span>\n\t\t\t\t\t<\/a>\n\t\t\t\t<\/div>\n\t\t\t\t\t\t\t\t<\/div>\n\t\t\t\t<\/div>\n\t\t\t\t\t<\/div>\n\t\t<\/div>\n\t\t\t\t\t<\/div>\n\t\t<\/section>\n\t\t\t\t<div class=\"elementor-element elementor-element-69c5697 elementor-widget elementor-widget-gallery\" data-id=\"69c5697\" data-element_type=\"widget\" data-settings=\"{&quot;gallery_layout&quot;:&quot;justified&quot;,&quot;lazyload&quot;:&quot;yes&quot;,&quot;ideal_row_height&quot;:{&quot;unit&quot;:&quot;px&quot;,&quot;size&quot;:200,&quot;sizes&quot;:[]},&quot;ideal_row_height_tablet&quot;:{&quot;unit&quot;:&quot;px&quot;,&quot;size&quot;:150,&quot;sizes&quot;:[]},&quot;ideal_row_height_mobile&quot;:{&quot;unit&quot;:&quot;px&quot;,&quot;size&quot;:150,&quot;sizes&quot;:[]},&quot;gap&quot;:{&quot;unit&quot;:&quot;px&quot;,&quot;size&quot;:10,&quot;sizes&quot;:[]},&quot;gap_tablet&quot;:{&quot;unit&quot;:&quot;px&quot;,&quot;size&quot;:10,&quot;sizes&quot;:[]},&quot;gap_mobile&quot;:{&quot;unit&quot;:&quot;px&quot;,&quot;size&quot;:10,&quot;sizes&quot;:[]},&quot;link_to&quot;:&quot;file&quot;,&quot;overlay_background&quot;:&quot;yes&quot;,&quot;content_hover_animation&quot;:&quot;fade-in&quot;}\" data-widget_type=\"gallery.default\">\n\t\t\t\t<div class=\"elementor-widget-container\">\n\t\t\t\t\t\t\t<div class=\"elementor-gallery__container\">\n\t\t\t\t\t\t\t<a class=\"e-gallery-item elementor-gallery-item elementor-animated-content\" href=\"https:\/\/tocdefusta.com\/wp-content\/uploads\/2021\/01\/Toc-de-Fusta-latelier-scaled.jpg\" data-elementor-open-lightbox=\"yes\" data-elementor-lightbox-slideshow=\"69c5697\" data-e-action-hash=\"#elementor-action%3Aaction%3Dlightbox%26settings%3DeyJpZCI6OTQ1LCJ1cmwiOiJodHRwczpcL1wvdG9jZGVmdXN0YS5jb21cL3dwLWNvbnRlbnRcL3VwbG9hZHNcLzIwMjFcLzAxXC9Ub2MtZGUtRnVzdGEtbGF0ZWxpZXItc2NhbGVkLmpwZyIsInNsaWRlc2hvdyI6IjY5YzU2OTcifQ%3D%3D\">\n\t\t\t\t\t<div class=\"e-gallery-image elementor-gallery-item__image\" data-thumbnail=\"https:\/\/tocdefusta.com\/wp-content\/uploads\/2021\/01\/Toc-de-Fusta-latelier-scaled.jpg\" data-width=\"2560\" data-height=\"1792\" aria-label=\"\" role=\"img\" ><\/div>\n\t\t\t\t\t\t\t\t\t\t\t<div class=\"elementor-gallery-item__overlay\"><\/div>\n\t\t\t\t\t\t\t\t\t\t\t\t\t\t<\/a>\n\t\t\t\t\t\t\t<a class=\"e-gallery-item elementor-gallery-item elementor-animated-content\" href=\"https:\/\/tocdefusta.com\/wp-content\/uploads\/2019\/05\/slider_0001_latelier2.jpg\" data-elementor-open-lightbox=\"yes\" data-elementor-lightbox-slideshow=\"69c5697\" data-e-action-hash=\"#elementor-action%3Aaction%3Dlightbox%26settings%3DeyJpZCI6NjI0LCJ1cmwiOiJodHRwczpcL1wvdG9jZGVmdXN0YS5jb21cL3dwLWNvbnRlbnRcL3VwbG9hZHNcLzIwMTlcLzA1XC9zbGlkZXJfMDAwMV9sYXRlbGllcjIuanBnIiwic2xpZGVzaG93IjoiNjljNTY5NyJ9\">\n\t\t\t\t\t<div class=\"e-gallery-image elementor-gallery-item__image\" data-thumbnail=\"https:\/\/tocdefusta.com\/wp-content\/uploads\/2019\/05\/slider_0001_latelier2.jpg\" data-width=\"1240\" data-height=\"600\" aria-label=\"\" role=\"img\" ><\/div>\n\t\t\t\t\t\t\t\t\t\t\t<div class=\"elementor-gallery-item__overlay\"><\/div>\n\t\t\t\t\t\t\t\t\t\t\t\t\t\t<\/a>\n\t\t\t\t\t\t\t<a class=\"e-gallery-item elementor-gallery-item elementor-animated-content\" href=\"https:\/\/tocdefusta.com\/wp-content\/uploads\/2019\/05\/slider_0000_latelier.jpg\" data-elementor-open-lightbox=\"yes\" data-elementor-lightbox-slideshow=\"69c5697\" data-e-action-hash=\"#elementor-action%3Aaction%3Dlightbox%26settings%3DeyJpZCI6NjIwLCJ1cmwiOiJodHRwczpcL1wvdG9jZGVmdXN0YS5jb21cL3dwLWNvbnRlbnRcL3VwbG9hZHNcLzIwMTlcLzA1XC9zbGlkZXJfMDAwMF9sYXRlbGllci5qcGciLCJzbGlkZXNob3ciOiI2OWM1Njk3In0%3D\">\n\t\t\t\t\t<div class=\"e-gallery-image elementor-gallery-item__image\" data-thumbnail=\"https:\/\/tocdefusta.com\/wp-content\/uploads\/2019\/05\/slider_0000_latelier.jpg\" data-width=\"1240\" data-height=\"600\" aria-label=\"\" role=\"img\" ><\/div>\n\t\t\t\t\t\t\t\t\t\t\t<div class=\"elementor-gallery-item__overlay\"><\/div>\n\t\t\t\t\t\t\t\t\t\t\t\t\t\t<\/a>\n\t\t\t\t\t\t\t<a class=\"e-gallery-item elementor-gallery-item elementor-animated-content\" href=\"https:\/\/tocdefusta.com\/wp-content\/uploads\/2019\/04\/TDF-latelier_06.jpg\" data-elementor-open-lightbox=\"yes\" data-elementor-lightbox-slideshow=\"69c5697\" data-e-action-hash=\"#elementor-action%3Aaction%3Dlightbox%26settings%3DeyJpZCI6MTE2LCJ1cmwiOiJodHRwczpcL1wvdG9jZGVmdXN0YS5jb21cL3dwLWNvbnRlbnRcL3VwbG9hZHNcLzIwMTlcLzA0XC9UREYtbGF0ZWxpZXJfMDYuanBnIiwic2xpZGVzaG93IjoiNjljNTY5NyJ9\">\n\t\t\t\t\t<div class=\"e-gallery-image elementor-gallery-item__image\" data-thumbnail=\"https:\/\/tocdefusta.com\/wp-content\/uploads\/2019\/04\/TDF-latelier_06.jpg\" data-width=\"800\" data-height=\"535\" aria-label=\"\" role=\"img\" ><\/div>\n\t\t\t\t\t\t\t\t\t\t\t<div class=\"elementor-gallery-item__overlay\"><\/div>\n\t\t\t\t\t\t\t\t\t\t\t\t\t\t<\/a>\n\t\t\t\t\t\t\t<a class=\"e-gallery-item elementor-gallery-item elementor-animated-content\" href=\"https:\/\/tocdefusta.com\/wp-content\/uploads\/2019\/04\/TDF-latelier_05.jpg\" data-elementor-open-lightbox=\"yes\" data-elementor-lightbox-slideshow=\"69c5697\" data-e-action-hash=\"#elementor-action%3Aaction%3Dlightbox%26settings%3DeyJpZCI6MTE1LCJ1cmwiOiJodHRwczpcL1wvdG9jZGVmdXN0YS5jb21cL3dwLWNvbnRlbnRcL3VwbG9hZHNcLzIwMTlcLzA0XC9UREYtbGF0ZWxpZXJfMDUuanBnIiwic2xpZGVzaG93IjoiNjljNTY5NyJ9\">\n\t\t\t\t\t<div class=\"e-gallery-image elementor-gallery-item__image\" data-thumbnail=\"https:\/\/tocdefusta.com\/wp-content\/uploads\/2019\/04\/TDF-latelier_05.jpg\" data-width=\"800\" data-height=\"535\" aria-label=\"\" role=\"img\" ><\/div>\n\t\t\t\t\t\t\t\t\t\t\t<div class=\"elementor-gallery-item__overlay\"><\/div>\n\t\t\t\t\t\t\t\t\t\t\t\t\t\t<\/a>\n\t\t\t\t\t\t\t<a class=\"e-gallery-item elementor-gallery-item elementor-animated-content\" href=\"https:\/\/tocdefusta.com\/wp-content\/uploads\/2019\/04\/TDF-latelier_04.jpg\" data-elementor-open-lightbox=\"yes\" data-elementor-lightbox-slideshow=\"69c5697\" data-e-action-hash=\"#elementor-action%3Aaction%3Dlightbox%26settings%3DeyJpZCI6MTE0LCJ1cmwiOiJodHRwczpcL1wvdG9jZGVmdXN0YS5jb21cL3dwLWNvbnRlbnRcL3VwbG9hZHNcLzIwMTlcLzA0XC9UREYtbGF0ZWxpZXJfMDQuanBnIiwic2xpZGVzaG93IjoiNjljNTY5NyJ9\">\n\t\t\t\t\t<div class=\"e-gallery-image elementor-gallery-item__image\" data-thumbnail=\"https:\/\/tocdefusta.com\/wp-content\/uploads\/2019\/04\/TDF-latelier_04.jpg\" data-width=\"800\" data-height=\"535\" aria-label=\"\" role=\"img\" ><\/div>\n\t\t\t\t\t\t\t\t\t\t\t<div class=\"elementor-gallery-item__overlay\"><\/div>\n\t\t\t\t\t\t\t\t\t\t\t\t\t\t<\/a>\n\t\t\t\t\t\t\t<a class=\"e-gallery-item elementor-gallery-item elementor-animated-content\" href=\"https:\/\/tocdefusta.com\/wp-content\/uploads\/2019\/04\/TDF-latelier_03.jpg\" data-elementor-open-lightbox=\"yes\" data-elementor-lightbox-slideshow=\"69c5697\" data-e-action-hash=\"#elementor-action%3Aaction%3Dlightbox%26settings%3DeyJpZCI6MTEzLCJ1cmwiOiJodHRwczpcL1wvdG9jZGVmdXN0YS5jb21cL3dwLWNvbnRlbnRcL3VwbG9hZHNcLzIwMTlcLzA0XC9UREYtbGF0ZWxpZXJfMDMuanBnIiwic2xpZGVzaG93IjoiNjljNTY5NyJ9\">\n\t\t\t\t\t<div class=\"e-gallery-image elementor-gallery-item__image\" data-thumbnail=\"https:\/\/tocdefusta.com\/wp-content\/uploads\/2019\/04\/TDF-latelier_03.jpg\" data-width=\"800\" data-height=\"535\" aria-label=\"\" role=\"img\" ><\/div>\n\t\t\t\t\t\t\t\t\t\t\t<div class=\"elementor-gallery-item__overlay\"><\/div>\n\t\t\t\t\t\t\t\t\t\t\t\t\t\t<\/a>\n\t\t\t\t\t\t\t<a class=\"e-gallery-item elementor-gallery-item elementor-animated-content\" href=\"https:\/\/tocdefusta.com\/wp-content\/uploads\/2019\/04\/TDF-latelier_02.jpg\" data-elementor-open-lightbox=\"yes\" data-elementor-lightbox-slideshow=\"69c5697\" data-e-action-hash=\"#elementor-action%3Aaction%3Dlightbox%26settings%3DeyJpZCI6MTEyLCJ1cmwiOiJodHRwczpcL1wvdG9jZGVmdXN0YS5jb21cL3dwLWNvbnRlbnRcL3VwbG9hZHNcLzIwMTlcLzA0XC9UREYtbGF0ZWxpZXJfMDIuanBnIiwic2xpZGVzaG93IjoiNjljNTY5NyJ9\">\n\t\t\t\t\t<div class=\"e-gallery-image elementor-gallery-item__image\" data-thumbnail=\"https:\/\/tocdefusta.com\/wp-content\/uploads\/2019\/04\/TDF-latelier_02.jpg\" data-width=\"800\" data-height=\"535\" aria-label=\"\" role=\"img\" ><\/div>\n\t\t\t\t\t\t\t\t\t\t\t<div class=\"elementor-gallery-item__overlay\"><\/div>\n\t\t\t\t\t\t\t\t\t\t\t\t\t\t<\/a>\n\t\t\t\t\t\t\t<a class=\"e-gallery-item elementor-gallery-item elementor-animated-content\" href=\"https:\/\/tocdefusta.com\/wp-content\/uploads\/2019\/04\/TDF-latelier_01.jpg\" data-elementor-open-lightbox=\"yes\" data-elementor-lightbox-slideshow=\"69c5697\" data-e-action-hash=\"#elementor-action%3Aaction%3Dlightbox%26settings%3DeyJpZCI6MTExLCJ1cmwiOiJodHRwczpcL1wvdG9jZGVmdXN0YS5jb21cL3dwLWNvbnRlbnRcL3VwbG9hZHNcLzIwMTlcLzA0XC9UREYtbGF0ZWxpZXJfMDEuanBnIiwic2xpZGVzaG93IjoiNjljNTY5NyJ9\">\n\t\t\t\t\t<div class=\"e-gallery-image elementor-gallery-item__image\" data-thumbnail=\"https:\/\/tocdefusta.com\/wp-content\/uploads\/2019\/04\/TDF-latelier_01.jpg\" data-width=\"800\" data-height=\"535\" aria-label=\"\" role=\"img\" ><\/div>\n\t\t\t\t\t\t\t\t\t\t\t<div class=\"elementor-gallery-item__overlay\"><\/div>\n\t\t\t\t\t\t\t\t\t\t\t\t\t\t<\/a>\n\t\t\t\t\t\t\t<a class=\"e-gallery-item elementor-gallery-item elementor-animated-content\" href=\"https:\/\/tocdefusta.com\/wp-content\/uploads\/2019\/04\/TDF-latelier_00.jpg\" data-elementor-open-lightbox=\"yes\" data-elementor-lightbox-slideshow=\"69c5697\" data-e-action-hash=\"#elementor-action%3Aaction%3Dlightbox%26settings%3DeyJpZCI6MTEwLCJ1cmwiOiJodHRwczpcL1wvdG9jZGVmdXN0YS5jb21cL3dwLWNvbnRlbnRcL3VwbG9hZHNcLzIwMTlcLzA0XC9UREYtbGF0ZWxpZXJfMDAuanBnIiwic2xpZGVzaG93IjoiNjljNTY5NyJ9\">\n\t\t\t\t\t<div class=\"e-gallery-image elementor-gallery-item__image\" data-thumbnail=\"https:\/\/tocdefusta.com\/wp-content\/uploads\/2019\/04\/TDF-latelier_00.jpg\" data-width=\"800\" data-height=\"535\" aria-label=\"\" role=\"img\" ><\/div>\n\t\t\t\t\t\t\t\t\t\t\t<div class=\"elementor-gallery-item__overlay\"><\/div>\n\t\t\t\t\t\t\t\t\t\t\t\t\t\t<\/a>\n\t\t\t\t\t<\/div>\n\t\t\t\t\t<\/div>\n\t\t\t\t<\/div>\n\t\t\t\t\t<\/div>\n\t\t<\/div>\n\t\t\t\t\t<\/div>\n\t\t<\/section>\n\t\t\t\t<\/div>\n\t\t","protected":false},"excerpt":{"rendered":"<p>https:\/\/vimeo.com\/500515623 L\u2019\u00e9trange refuge d\u2019un naufrage\u0301 lunatique, absorb\u00e9 par le jeu et par sa propre solitude. l\u2019atelier est un travail de menuiserie particulier o\u00f9 les machines ont l\u2019air de marcher toutes seules, un curieux atelier o\u00f9 le jeu est ne\u0301cessaire pour activer \u00e0 distance scies et marteaux. La visite de l\u2019atelier offre au public la possibilit\u00e9 [&hellip;]<\/p>\n","protected":false},"author":1,"featured_media":0,"parent":0,"menu_order":0,"comment_status":"closed","ping_status":"closed","template":"elementor_header_footer","meta":{"footnotes":""},"class_list":["post-1478","page","type-page","status-publish","hentry"],"_links":{"self":[{"href":"https:\/\/tocdefusta.com\/fr\/wp-json\/wp\/v2\/pages\/1478","targetHints":{"allow":["GET"]}}],"collection":[{"href":"https:\/\/tocdefusta.com\/fr\/wp-json\/wp\/v2\/pages"}],"about":[{"href":"https:\/\/tocdefusta.com\/fr\/wp-json\/wp\/v2\/types\/page"}],"author":[{"embeddable":true,"href":"https:\/\/tocdefusta.com\/fr\/wp-json\/wp\/v2\/users\/1"}],"replies":[{"embeddable":true,"href":"https:\/\/tocdefusta.com\/fr\/wp-json\/wp\/v2\/comments?post=1478"}],"version-history":[{"count":1,"href":"https:\/\/tocdefusta.com\/fr\/wp-json\/wp\/v2\/pages\/1478\/revisions"}],"predecessor-version":[{"id":1486,"href":"https:\/\/tocdefusta.com\/fr\/wp-json\/wp\/v2\/pages\/1478\/revisions\/1486"}],"wp:attachment":[{"href":"https:\/\/tocdefusta.com\/fr\/wp-json\/wp\/v2\/media?parent=1478"}],"curies":[{"name":"wp","href":"https:\/\/api.w.org\/{rel}","templated":true}]}}