{"id":3388,"date":"2025-07-31T11:34:27","date_gmt":"2025-07-31T09:34:27","guid":{"rendered":"https:\/\/tocdefusta.com\/mapa\/yadnya-kasada\/"},"modified":"2025-07-31T11:34:28","modified_gmt":"2025-07-31T09:34:28","slug":"yadnya-kasada","status":"publish","type":"page","link":"https:\/\/tocdefusta.com\/es\/mapa\/yadnya-kasada\/","title":{"rendered":"YADNYA KASADA"},"content":{"rendered":"\t\t<div data-elementor-type=\"wp-page\" data-elementor-id=\"3388\" class=\"elementor elementor-3388 elementor-3256\" data-elementor-post-type=\"page\">\n\t\t\t\t<div class=\"elementor-element elementor-element-4ed7da0 e-flex e-con-boxed e-con e-parent\" data-id=\"4ed7da0\" data-element_type=\"container\">\n\t\t\t\t\t<div class=\"e-con-inner\">\n\t\t<div class=\"elementor-element elementor-element-3760e522 e-con-full e-flex e-con e-child\" data-id=\"3760e522\" data-element_type=\"container\">\n\t\t\t\t<div class=\"elementor-element elementor-element-2a1058b2 elementor-position-left elementor-vertical-align-top elementor-widget elementor-widget-image-box\" data-id=\"2a1058b2\" data-element_type=\"widget\" data-widget_type=\"image-box.default\">\n\t\t\t\t<div class=\"elementor-widget-container\">\n\t\t\t\t\t<div class=\"elementor-image-box-wrapper\"><figure class=\"elementor-image-box-img\"><img fetchpriority=\"high\" decoding=\"async\" width=\"1024\" height=\"1024\" src=\"https:\/\/tocdefusta.com\/wp-content\/uploads\/2025\/05\/Indonesia.png\" class=\"attachment-full size-full wp-image-3262\" alt=\"\" srcset=\"https:\/\/tocdefusta.com\/wp-content\/uploads\/2025\/05\/Indonesia.png 1024w, https:\/\/tocdefusta.com\/wp-content\/uploads\/2025\/05\/Indonesia-300x300.png 300w, https:\/\/tocdefusta.com\/wp-content\/uploads\/2025\/05\/Indonesia-150x150.png 150w, https:\/\/tocdefusta.com\/wp-content\/uploads\/2025\/05\/Indonesia-768x768.png 768w\" sizes=\"(max-width: 1024px) 100vw, 1024px\" \/><\/figure><div class=\"elementor-image-box-content\"><p class=\"elementor-image-box-description\">Indonesia<\/p><\/div><\/div>\t\t\t\t<\/div>\n\t\t\t\t<\/div>\n\t\t\t\t<div class=\"elementor-element elementor-element-2332d830 elementor-widget elementor-widget-text-editor\" data-id=\"2332d830\" data-element_type=\"widget\" data-widget_type=\"text-editor.default\">\n\t\t\t\t<div class=\"elementor-widget-container\">\n\t\t\t\t\t\t\t\t\tCada a\u00f1o, en Indonesia, los habitantes del pueblo tengger suben hasta el cr\u00e1ter del volc\u00e1n Bromo para ofrecer frutas, flores y oraciones. Este juego se inspira en ese gesto: una pelota debe ascender por unas escaleras llenas de trampas, movi\u00e9ndose con precisi\u00f3n y paciencia. Si cae, hay que volver a empezar. Un camino de esfuerzo que nos habla de ofrendas y de fe.   \n\t\t\t\t\t\t\t\t<\/div>\n\t\t\t\t<\/div>\n\t\t\t\t<div class=\"elementor-element elementor-element-47cf4b93 elementor-widget elementor-widget-text-editor\" data-id=\"47cf4b93\" data-element_type=\"widget\" data-widget_type=\"text-editor.default\">\n\t\t\t\t<div class=\"elementor-widget-container\">\n\t\t\t\t\t\t\t\t\tEste juego se inspira en el Yadnya Kasada, un ritual ancestral que tiene lugar en el volc\u00e1n Bromo, en la isla de Java, Indonesia. Cada a\u00f1o, los miembros de la comunidad tengger realizan una larga ascensi\u00f3n hasta el cr\u00e1ter activo del volc\u00e1n para ofrecer alimentos, flores y otros bienes como muestra de gratitud a los dioses y a los esp\u00edritus protectores de la monta\u00f1a. Desde el borde del cr\u00e1ter, lanzan estas ofrendas al interior del volc\u00e1n, en un acto de fe y de conexi\u00f3n con las fuerzas de la naturaleza. Es un gesto que combina respeto, riesgo y esperanza: todo lo que se da, se entrega desde el esfuerzo.   \nNuestro juego reinterpreta esta tradici\u00f3n como una met\u00e1fora del camino espiritual. Los participantes deben hacer subir una bola por unas escaleras inclinadas, manipulando una palanca con precisi\u00f3n. Si los movimientos no son lo suficientemente fluidos, la bola puede caer en una de las trampas ocultas y rodar hacia abajo. Hay que volver a empezar, y as\u00ed, como en el ritual, el ascenso se convierte en un proceso de aprendizaje y persistencia.\nEl simbolismo de este juego conecta con muchas otras culturas que entienden la subida \u2014f\u00edsica o simb\u00f3lica\u2014 como un camino de transformaci\u00f3n. Desde las peregrinaciones a cumbres sagradas, como el Monte Kailash en el T\u00edbet o el Ararat en Armenia, hasta rituales como la ofrenda del Inti Raymi en los Andes, las sociedades han relacionado el gesto de ascender con la b\u00fasqueda de lo sagrado.\nA trav\u00e9s del juego, los ni\u00f1os pueden experimentar esta met\u00e1fora del ascenso: no como una carrera, sino como una danza lenta, llena de retos y repeticiones, que solo se completa con atenci\u00f3n, constancia y un poco de fe.    \n\t\t\t\t\t\t\t\t<\/div>\n\t\t\t\t<\/div>\n\t\t\t\t<\/div>\n\t\t<div class=\"elementor-element elementor-element-7cdfd91a e-con-full e-flex e-con e-child\" data-id=\"7cdfd91a\" data-element_type=\"container\">\n\t\t\t\t<div class=\"elementor-element elementor-element-150cc3f7 elementor-widget elementor-widget-image\" data-id=\"150cc3f7\" data-element_type=\"widget\" data-widget_type=\"image.default\">\n\t\t\t\t<div class=\"elementor-widget-container\">\n\t\t\t\t\t\t\t\t\t\t\t\t\t\t\t<img decoding=\"async\" width=\"882\" height=\"498\" src=\"https:\/\/tocdefusta.com\/wp-content\/uploads\/2025\/05\/Captura-de-pantalla-2025-05-01-a-las-16.45.25.png\" class=\"attachment-full size-full wp-image-3261\" alt=\"\" srcset=\"https:\/\/tocdefusta.com\/wp-content\/uploads\/2025\/05\/Captura-de-pantalla-2025-05-01-a-las-16.45.25.png 882w, https:\/\/tocdefusta.com\/wp-content\/uploads\/2025\/05\/Captura-de-pantalla-2025-05-01-a-las-16.45.25-300x169.png 300w, https:\/\/tocdefusta.com\/wp-content\/uploads\/2025\/05\/Captura-de-pantalla-2025-05-01-a-las-16.45.25-768x434.png 768w\" sizes=\"(max-width: 882px) 100vw, 882px\" \/>\t\t\t\t\t\t\t\t\t\t\t\t\t\t\t<\/div>\n\t\t\t\t<\/div>\n\t\t\t\t<div class=\"elementor-element elementor-element-572fa563 elementor-widget elementor-widget-gallery\" data-id=\"572fa563\" data-element_type=\"widget\" data-settings=\"{&quot;columns&quot;:2,&quot;gap&quot;:{&quot;unit&quot;:&quot;px&quot;,&quot;size&quot;:0,&quot;sizes&quot;:[]},&quot;aspect_ratio&quot;:&quot;1:1&quot;,&quot;columns_mobile&quot;:2,&quot;gap_mobile&quot;:{&quot;unit&quot;:&quot;px&quot;,&quot;size&quot;:0,&quot;sizes&quot;:[]},&quot;gallery_layout&quot;:&quot;grid&quot;,&quot;columns_tablet&quot;:2,&quot;gap_tablet&quot;:{&quot;unit&quot;:&quot;px&quot;,&quot;size&quot;:10,&quot;sizes&quot;:[]},&quot;link_to&quot;:&quot;file&quot;,&quot;overlay_background&quot;:&quot;yes&quot;,&quot;content_hover_animation&quot;:&quot;fade-in&quot;}\" data-widget_type=\"gallery.default\">\n\t\t\t\t<div class=\"elementor-widget-container\">\n\t\t\t\t\t\t\t<div class=\"elementor-gallery__container\">\n\t\t\t\t\t\t\t<a class=\"e-gallery-item elementor-gallery-item elementor-animated-content\" href=\"https:\/\/tocdefusta.com\/wp-content\/uploads\/2025\/05\/Indonesia.jpg\" data-elementor-open-lightbox=\"yes\" data-elementor-lightbox-slideshow=\"572fa563\" data-e-action-hash=\"#elementor-action%3Aaction%3Dlightbox%26settings%3DeyJpZCI6MzI2NywidXJsIjoiaHR0cHM6XC9cL3RvY2RlZnVzdGEuY29tXC93cC1jb250ZW50XC91cGxvYWRzXC8yMDI1XC8wNVwvSW5kb25lc2lhLmpwZyIsInNsaWRlc2hvdyI6IjU3MmZhNTYzIn0%3D\">\n\t\t\t\t\t<div class=\"e-gallery-image elementor-gallery-item__image\" data-thumbnail=\"https:\/\/tocdefusta.com\/wp-content\/uploads\/2025\/05\/Indonesia.jpg\" data-width=\"992\" data-height=\"623\" aria-label=\"\" role=\"img\" ><\/div>\n\t\t\t\t\t\t\t\t\t\t\t<div class=\"elementor-gallery-item__overlay\"><\/div>\n\t\t\t\t\t\t\t\t\t\t\t\t\t\t<\/a>\n\t\t\t\t\t<\/div>\n\t\t\t\t\t<\/div>\n\t\t\t\t<\/div>\n\t\t\t\t<\/div>\n\t\t\t\t\t<\/div>\n\t\t\t\t<\/div>\n\t\t<div class=\"elementor-element elementor-element-533c9bb0 e-flex e-con-boxed e-con e-parent\" data-id=\"533c9bb0\" data-element_type=\"container\">\n\t\t\t\t\t<div class=\"e-con-inner\">\n\t\t<div class=\"elementor-element elementor-element-6473fdb6 e-con-full e-flex e-con e-child\" data-id=\"6473fdb6\" data-element_type=\"container\">\n\t\t\t\t<div class=\"elementor-element elementor-element-21a62110 elementor-nav-menu--dropdown-none elementor-widget elementor-widget-nav-menu\" data-id=\"21a62110\" data-element_type=\"widget\" data-settings=\"{&quot;layout&quot;:&quot;horizontal&quot;,&quot;submenu_icon&quot;:{&quot;value&quot;:&quot;&lt;svg class=\\&quot;e-font-icon-svg e-fas-caret-down\\&quot; viewBox=\\&quot;0 0 320 512\\&quot; xmlns=\\&quot;http:\\\/\\\/www.w3.org\\\/2000\\\/svg\\&quot;&gt;&lt;path d=\\&quot;M31.3 192h257.3c17.8 0 26.7 21.5 14.1 34.1L174.1 354.8c-7.8 7.8-20.5 7.8-28.3 0L17.2 226.1C4.6 213.5 13.5 192 31.3 192z\\&quot;&gt;&lt;\\\/path&gt;&lt;\\\/svg&gt;&quot;,&quot;library&quot;:&quot;fa-solid&quot;}}\" data-widget_type=\"nav-menu.default\">\n\t\t\t\t<div class=\"elementor-widget-container\">\n\t\t\t\t\t\t\t\t<nav aria-label=\"Menu\" class=\"elementor-nav-menu--main elementor-nav-menu__container elementor-nav-menu--layout-horizontal e--pointer-text e--animation-none\">\n\t\t\t\t<ul id=\"menu-1-21a62110\" class=\"elementor-nav-menu\"><li class=\"menu-item menu-item-type-post_type menu-item-object-page menu-item-2651\"><a href=\"https:\/\/tocdefusta.com\/mapa\/los-voladores\/\" class=\"elementor-item\">LOS VOLADORES<\/a><\/li>\n<li class=\"menu-item menu-item-type-post_type menu-item-object-page menu-item-2652\"><a href=\"https:\/\/tocdefusta.com\/mapa\/nenana\/\" class=\"elementor-item\">NENANA<\/a><\/li>\n<li class=\"menu-item menu-item-type-post_type menu-item-object-page menu-item-2743\"><a href=\"https:\/\/tocdefusta.com\/mapa\/boyeros\/\" class=\"elementor-item\">BOYEROS<\/a><\/li>\n<li class=\"menu-item menu-item-type-post_type menu-item-object-page menu-item-2840\"><a href=\"https:\/\/tocdefusta.com\/mapa\/carreiros-do-monte\/\" class=\"elementor-item\">CARRINHOS DO CESTO<\/a><\/li>\n<li class=\"menu-item menu-item-type-post_type menu-item-object-page menu-item-2841\"><a href=\"https:\/\/tocdefusta.com\/mapa\/te-aito\/\" class=\"elementor-item\">TE AITO<\/a><\/li>\n<li class=\"menu-item menu-item-type-post_type menu-item-object-page menu-item-2842\"><a href=\"https:\/\/tocdefusta.com\/mapa\/la-diablada\/\" class=\"elementor-item\">LA DIABLADA<\/a><\/li>\n<li class=\"menu-item menu-item-type-post_type menu-item-object-page menu-item-3209\"><a href=\"https:\/\/tocdefusta.com\/mapa\/mascares-africanes\/\" class=\"elementor-item\">M\u00c1SCARAS AFRICANAS<\/a><\/li>\n<li class=\"menu-item menu-item-type-post_type menu-item-object-page menu-item-3210\"><a href=\"https:\/\/tocdefusta.com\/mapa\/castellers\/\" class=\"elementor-item\">CASTELLERS<\/a><\/li>\n<li class=\"menu-item menu-item-type-post_type menu-item-object-page menu-item-3211\"><a href=\"https:\/\/tocdefusta.com\/mapa\/onbashira\/\" class=\"elementor-item\">ONBASHIRA<\/a><\/li>\n<li class=\"menu-item menu-item-type-post_type menu-item-object-page menu-item-3212\"><a href=\"https:\/\/tocdefusta.com\/mapa\/mallakhamba\/\" class=\"elementor-item\">MALLAKHAMBA<\/a><\/li>\n<li class=\"menu-item menu-item-type-post_type menu-item-object-page menu-item-3213\"><a href=\"https:\/\/tocdefusta.com\/mapa\/la-martenitsa\/\" class=\"elementor-item\">LA MARTENITSA<\/a><\/li>\n<li class=\"menu-item menu-item-type-post_type menu-item-object-page menu-item-3214\"><a href=\"https:\/\/tocdefusta.com\/mapa\/rouketopolemos\/\" class=\"elementor-item\">ROUKETOPOLEMOS<\/a><\/li>\n<li class=\"menu-item menu-item-type-post_type menu-item-object-page menu-item-3215\"><a href=\"https:\/\/tocdefusta.com\/mapa\/ligo\/\" class=\"elementor-item\">LIGO<\/a><\/li>\n<li class=\"menu-item menu-item-type-post_type menu-item-object-page menu-item-3216\"><a href=\"https:\/\/tocdefusta.com\/mapa\/flierljeppen\/\" class=\"elementor-item\">FLIERLJEPPEN<\/a><\/li>\n<li class=\"menu-item menu-item-type-post_type menu-item-object-page menu-item-3217\"><a href=\"https:\/\/tocdefusta.com\/mapa\/coopers-hill-cheese-rolling\/\" class=\"elementor-item\">COOPER&#8217;S HILL CHEESE-ROLLING<\/a><\/li>\n<li class=\"menu-item menu-item-type-post_type menu-item-object-page menu-item-3218\"><a href=\"https:\/\/tocdefusta.com\/mapa\/aizkolari\/\" class=\"elementor-item\">AIZKOLARI<\/a><\/li>\n<li class=\"menu-item menu-item-type-post_type menu-item-object-page menu-item-3219\"><a href=\"https:\/\/tocdefusta.com\/mapa\/as-maias\/\" class=\"elementor-item\">AS MAYAS<\/a><\/li>\n<li class=\"menu-item menu-item-type-post_type menu-item-object-page menu-item-3310\"><a href=\"https:\/\/tocdefusta.com\/mapa\/qamariyya\/\" class=\"elementor-item\">QAMARIYYA<\/a><\/li>\n<li class=\"menu-item menu-item-type-post_type menu-item-object-page menu-item-3311\"><a href=\"https:\/\/tocdefusta.com\/mapa\/yadnya-kasada\/\" class=\"elementor-item\">YADNYA KASADA<\/a><\/li>\n<\/ul>\t\t\t<\/nav>\n\t\t\t\t\t\t<nav class=\"elementor-nav-menu--dropdown elementor-nav-menu__container\" aria-hidden=\"true\">\n\t\t\t\t<ul id=\"menu-2-21a62110\" class=\"elementor-nav-menu\"><li class=\"menu-item menu-item-type-post_type menu-item-object-page menu-item-2651\"><a href=\"https:\/\/tocdefusta.com\/mapa\/los-voladores\/\" class=\"elementor-item\" tabindex=\"-1\">LOS VOLADORES<\/a><\/li>\n<li class=\"menu-item menu-item-type-post_type menu-item-object-page menu-item-2652\"><a href=\"https:\/\/tocdefusta.com\/mapa\/nenana\/\" class=\"elementor-item\" tabindex=\"-1\">NENANA<\/a><\/li>\n<li class=\"menu-item menu-item-type-post_type menu-item-object-page menu-item-2743\"><a href=\"https:\/\/tocdefusta.com\/mapa\/boyeros\/\" class=\"elementor-item\" tabindex=\"-1\">BOYEROS<\/a><\/li>\n<li class=\"menu-item menu-item-type-post_type menu-item-object-page menu-item-2840\"><a href=\"https:\/\/tocdefusta.com\/mapa\/carreiros-do-monte\/\" class=\"elementor-item\" tabindex=\"-1\">CARRINHOS DO CESTO<\/a><\/li>\n<li class=\"menu-item menu-item-type-post_type menu-item-object-page menu-item-2841\"><a href=\"https:\/\/tocdefusta.com\/mapa\/te-aito\/\" class=\"elementor-item\" tabindex=\"-1\">TE AITO<\/a><\/li>\n<li class=\"menu-item menu-item-type-post_type menu-item-object-page menu-item-2842\"><a href=\"https:\/\/tocdefusta.com\/mapa\/la-diablada\/\" class=\"elementor-item\" tabindex=\"-1\">LA DIABLADA<\/a><\/li>\n<li class=\"menu-item menu-item-type-post_type menu-item-object-page menu-item-3209\"><a href=\"https:\/\/tocdefusta.com\/mapa\/mascares-africanes\/\" class=\"elementor-item\" tabindex=\"-1\">M\u00c1SCARAS AFRICANAS<\/a><\/li>\n<li class=\"menu-item menu-item-type-post_type menu-item-object-page menu-item-3210\"><a href=\"https:\/\/tocdefusta.com\/mapa\/castellers\/\" class=\"elementor-item\" tabindex=\"-1\">CASTELLERS<\/a><\/li>\n<li class=\"menu-item menu-item-type-post_type menu-item-object-page menu-item-3211\"><a href=\"https:\/\/tocdefusta.com\/mapa\/onbashira\/\" class=\"elementor-item\" tabindex=\"-1\">ONBASHIRA<\/a><\/li>\n<li class=\"menu-item menu-item-type-post_type menu-item-object-page menu-item-3212\"><a href=\"https:\/\/tocdefusta.com\/mapa\/mallakhamba\/\" class=\"elementor-item\" tabindex=\"-1\">MALLAKHAMBA<\/a><\/li>\n<li class=\"menu-item menu-item-type-post_type menu-item-object-page menu-item-3213\"><a href=\"https:\/\/tocdefusta.com\/mapa\/la-martenitsa\/\" class=\"elementor-item\" tabindex=\"-1\">LA MARTENITSA<\/a><\/li>\n<li class=\"menu-item menu-item-type-post_type menu-item-object-page menu-item-3214\"><a href=\"https:\/\/tocdefusta.com\/mapa\/rouketopolemos\/\" class=\"elementor-item\" tabindex=\"-1\">ROUKETOPOLEMOS<\/a><\/li>\n<li class=\"menu-item menu-item-type-post_type menu-item-object-page menu-item-3215\"><a href=\"https:\/\/tocdefusta.com\/mapa\/ligo\/\" class=\"elementor-item\" tabindex=\"-1\">LIGO<\/a><\/li>\n<li class=\"menu-item menu-item-type-post_type menu-item-object-page menu-item-3216\"><a href=\"https:\/\/tocdefusta.com\/mapa\/flierljeppen\/\" class=\"elementor-item\" tabindex=\"-1\">FLIERLJEPPEN<\/a><\/li>\n<li class=\"menu-item menu-item-type-post_type menu-item-object-page menu-item-3217\"><a href=\"https:\/\/tocdefusta.com\/mapa\/coopers-hill-cheese-rolling\/\" class=\"elementor-item\" tabindex=\"-1\">COOPER&#8217;S HILL CHEESE-ROLLING<\/a><\/li>\n<li class=\"menu-item menu-item-type-post_type menu-item-object-page menu-item-3218\"><a href=\"https:\/\/tocdefusta.com\/mapa\/aizkolari\/\" class=\"elementor-item\" tabindex=\"-1\">AIZKOLARI<\/a><\/li>\n<li class=\"menu-item menu-item-type-post_type menu-item-object-page menu-item-3219\"><a href=\"https:\/\/tocdefusta.com\/mapa\/as-maias\/\" class=\"elementor-item\" tabindex=\"-1\">AS MAYAS<\/a><\/li>\n<li class=\"menu-item menu-item-type-post_type menu-item-object-page menu-item-3310\"><a href=\"https:\/\/tocdefusta.com\/mapa\/qamariyya\/\" class=\"elementor-item\" tabindex=\"-1\">QAMARIYYA<\/a><\/li>\n<li class=\"menu-item menu-item-type-post_type menu-item-object-page menu-item-3311\"><a href=\"https:\/\/tocdefusta.com\/mapa\/yadnya-kasada\/\" class=\"elementor-item\" tabindex=\"-1\">YADNYA KASADA<\/a><\/li>\n<\/ul>\t\t\t<\/nav>\n\t\t\t\t\t\t<\/div>\n\t\t\t\t<\/div>\n\t\t\t\t<\/div>\n\t\t<div class=\"elementor-element elementor-element-7ea949b2 e-con-full e-flex e-con e-child\" data-id=\"7ea949b2\" data-element_type=\"container\">\n\t\t\t\t<div class=\"elementor-element elementor-element-186ddab8 elementor-align-center elementor-widget elementor-widget-button\" data-id=\"186ddab8\" data-element_type=\"widget\" data-widget_type=\"button.default\">\n\t\t\t\t<div class=\"elementor-widget-container\">\n\t\t\t\t\t\t\t\t\t<div class=\"elementor-button-wrapper\">\n\t\t\t\t\t<a class=\"elementor-button elementor-button-link elementor-size-sm\" href=\"https:\/\/tocdefusta.com\/es\/mapa\/\">\n\t\t\t\t\t\t<span class=\"elementor-button-content-wrapper\">\n\t\t\t\t\t\t\t\t\t<span class=\"elementor-button-text\">VOLVER AL MAPA<\/span>\n\t\t\t\t\t<\/span>\n\t\t\t\t\t<\/a>\n\t\t\t\t<\/div>\n\t\t\t\t\t\t\t\t<\/div>\n\t\t\t\t<\/div>\n\t\t\t\t<\/div>\n\t\t\t\t\t<\/div>\n\t\t\t\t<\/div>\n\t\t\t\t<\/div>\n\t\t","protected":false},"excerpt":{"rendered":"<p>Indonesia Cada a\u00f1o, en Indonesia, los habitantes del pueblo tengger suben hasta el cr\u00e1ter del volc\u00e1n Bromo para ofrecer frutas, flores y oraciones. Este juego se inspira en ese gesto: una pelota debe ascender por unas escaleras llenas de trampas, movi\u00e9ndose con precisi\u00f3n y paciencia. Si cae, hay que volver a empezar. Un camino de [&hellip;]<\/p>\n","protected":false},"author":1,"featured_media":0,"parent":2532,"menu_order":0,"comment_status":"closed","ping_status":"closed","template":"elementor_header_footer","meta":{"footnotes":""},"class_list":["post-3388","page","type-page","status-publish","hentry"],"_links":{"self":[{"href":"https:\/\/tocdefusta.com\/es\/wp-json\/wp\/v2\/pages\/3388","targetHints":{"allow":["GET"]}}],"collection":[{"href":"https:\/\/tocdefusta.com\/es\/wp-json\/wp\/v2\/pages"}],"about":[{"href":"https:\/\/tocdefusta.com\/es\/wp-json\/wp\/v2\/types\/page"}],"author":[{"embeddable":true,"href":"https:\/\/tocdefusta.com\/es\/wp-json\/wp\/v2\/users\/1"}],"replies":[{"embeddable":true,"href":"https:\/\/tocdefusta.com\/es\/wp-json\/wp\/v2\/comments?post=3388"}],"version-history":[{"count":2,"href":"https:\/\/tocdefusta.com\/es\/wp-json\/wp\/v2\/pages\/3388\/revisions"}],"predecessor-version":[{"id":3390,"href":"https:\/\/tocdefusta.com\/es\/wp-json\/wp\/v2\/pages\/3388\/revisions\/3390"}],"up":[{"embeddable":true,"href":"https:\/\/tocdefusta.com\/es\/wp-json\/wp\/v2\/pages\/2532"}],"wp:attachment":[{"href":"https:\/\/tocdefusta.com\/es\/wp-json\/wp\/v2\/media?parent=3388"}],"curies":[{"name":"wp","href":"https:\/\/api.w.org\/{rel}","templated":true}]}}