{"id":3385,"date":"2025-07-31T11:33:24","date_gmt":"2025-07-31T09:33:24","guid":{"rendered":"https:\/\/tocdefusta.com\/mapa\/te-aito\/"},"modified":"2025-07-31T11:33:25","modified_gmt":"2025-07-31T09:33:25","slug":"te-aito","status":"publish","type":"page","link":"https:\/\/tocdefusta.com\/es\/mapa\/te-aito\/","title":{"rendered":"TE AITO"},"content":{"rendered":"\t\t<div data-elementor-type=\"wp-page\" data-elementor-id=\"3385\" class=\"elementor elementor-3385 elementor-2785\" data-elementor-post-type=\"page\">\n\t\t\t\t<div class=\"elementor-element elementor-element-1fcc55e5 e-flex e-con-boxed e-con e-parent\" data-id=\"1fcc55e5\" data-element_type=\"container\">\n\t\t\t\t\t<div class=\"e-con-inner\">\n\t\t<div class=\"elementor-element elementor-element-147c7a53 e-con-full e-flex e-con e-child\" data-id=\"147c7a53\" data-element_type=\"container\">\n\t\t\t\t<div class=\"elementor-element elementor-element-557152a0 elementor-position-left elementor-vertical-align-top elementor-widget elementor-widget-image-box\" data-id=\"557152a0\" data-element_type=\"widget\" data-widget_type=\"image-box.default\">\n\t\t\t\t<div class=\"elementor-widget-container\">\n\t\t\t\t\t<div class=\"elementor-image-box-wrapper\"><figure class=\"elementor-image-box-img\"><img fetchpriority=\"high\" decoding=\"async\" width=\"1024\" height=\"1536\" src=\"https:\/\/tocdefusta.com\/wp-content\/uploads\/2025\/05\/polinesia1.jpg\" class=\"attachment-full size-full wp-image-2781\" alt=\"\" srcset=\"https:\/\/tocdefusta.com\/wp-content\/uploads\/2025\/05\/polinesia1.jpg 1024w, https:\/\/tocdefusta.com\/wp-content\/uploads\/2025\/05\/polinesia1-200x300.jpg 200w, https:\/\/tocdefusta.com\/wp-content\/uploads\/2025\/05\/polinesia1-683x1024.jpg 683w, https:\/\/tocdefusta.com\/wp-content\/uploads\/2025\/05\/polinesia1-768x1152.jpg 768w\" sizes=\"(max-width: 1024px) 100vw, 1024px\" \/><\/figure><div class=\"elementor-image-box-content\"><p class=\"elementor-image-box-description\">Polinesia francesa<\/p><\/div><\/div>\t\t\t\t<\/div>\n\t\t\t\t<\/div>\n\t\t\t\t<div class=\"elementor-element elementor-element-46565179 elementor-widget elementor-widget-text-editor\" data-id=\"46565179\" data-element_type=\"widget\" data-widget_type=\"text-editor.default\">\n\t\t\t\t<div class=\"elementor-widget-container\">\n\t\t\t\t\t\t\t\t\tEste juego evoca las antiguas traves\u00edas polinesias en waka o va&#8217;a, donde la paciencia y la habilidad eran clave para avanzar entre islas. Con cada lanzamiento, los jugadores impulsan la canoa a trav\u00e9s de un viaje simb\u00f3lico por el agua. Un recordatorio de la conexi\u00f3n universal entre los seres humanos y el mar, y de la constante b\u00fasqueda de nuevas tierras.   \t\t\t\t\t\t\t\t<\/div>\n\t\t\t\t<\/div>\n\t\t\t\t<div class=\"elementor-element elementor-element-27dd91ee elementor-widget elementor-widget-text-editor\" data-id=\"27dd91ee\" data-element_type=\"widget\" data-widget_type=\"text-editor.default\">\n\t\t\t\t<div class=\"elementor-widget-container\">\n\t\t\t\t\t\t\t\t\t<p>Este juego rinde homenaje a las antiguas tradiciones de navegaci\u00f3n polinesia, donde los navegantes utilizaban <b>waka<\/b> o <b>va&#8217;a<\/b> para conectar las islas del Pac\u00edfico. Los jugadores lanzan bolas met\u00e1licas para hacer avanzar una canoa, imitando la destreza y la paciencia necesarias para navegar. Cada lanzamiento activa un mecanismo que hace avanzar la canoa unos cent\u00edmetros, reflejando los peque\u00f1os pasos del trayecto y la determinaci\u00f3n constante de seguir adelante, paso a paso, hasta alcanzar el objetivo.  <\/p><p>El juego recupera el esp\u00edritu de <b>b\u00fasqueda y descubrimiento<\/b> que defin\u00eda los viajes polinesios, quienes, con sabidur\u00eda y conocimiento, se orientaban mediante mapas de cuerdas, estrellas y corrientes marinas, atravesando grandes distancias entre islas. Es una met\u00e1fora de la perseverancia ante la adversidad: cada lanzamiento es una nueva oportunidad para avanzar, igual que hac\u00edan los navegantes del pasado en sus exploraciones. <\/p><p>M\u00e1s all\u00e1 de la t\u00e9cnica de navegaci\u00f3n, este juego simboliza tambi\u00e9n la profunda conexi\u00f3n entre el ser humano y el mar, un elemento esencial en la cultura polinesia. Los oc\u00e9anos no eran solo un obst\u00e1culo, sino una v\u00eda de comunicaci\u00f3n, de encuentro y de crecimiento. As\u00ed, el juego nos recuerda que la b\u00fasqueda de nuevas tierras, tanto f\u00edsicas como espirituales, forma parte de un viaje sin fin que contin\u00faa conect\u00e1ndonos con el mundo natural y el universo.  <\/p><p>Un homenaje al ingenio y la sabidur\u00eda ancestral de los navegantes polinesios, que transformaron el mar en un espacio de conexi\u00f3n entre islas, culturas y esp\u00edritus, y convirtieron su forma de navegar en una parte fundamental de su identidad.<\/p>\t\t\t\t\t\t\t\t<\/div>\n\t\t\t\t<\/div>\n\t\t\t\t<\/div>\n\t\t<div class=\"elementor-element elementor-element-70aaf1c4 e-con-full e-flex e-con e-child\" data-id=\"70aaf1c4\" data-element_type=\"container\">\n\t\t\t\t<div class=\"elementor-element elementor-element-717fcfe3 elementor-widget elementor-widget-image\" data-id=\"717fcfe3\" data-element_type=\"widget\" data-widget_type=\"image.default\">\n\t\t\t\t<div class=\"elementor-widget-container\">\n\t\t\t\t\t\t\t\t\t\t\t\t\t\t\t<img decoding=\"async\" width=\"536\" height=\"344\" src=\"https:\/\/tocdefusta.com\/wp-content\/uploads\/2025\/05\/Captura-de-pantalla-2025-05-01-a-las-16.45.44-1.png\" class=\"attachment-full size-full wp-image-2795\" alt=\"\" srcset=\"https:\/\/tocdefusta.com\/wp-content\/uploads\/2025\/05\/Captura-de-pantalla-2025-05-01-a-las-16.45.44-1.png 536w, https:\/\/tocdefusta.com\/wp-content\/uploads\/2025\/05\/Captura-de-pantalla-2025-05-01-a-las-16.45.44-1-300x193.png 300w\" sizes=\"(max-width: 536px) 100vw, 536px\" \/>\t\t\t\t\t\t\t\t\t\t\t\t\t\t\t<\/div>\n\t\t\t\t<\/div>\n\t\t\t\t<div class=\"elementor-element elementor-element-794df424 elementor-widget elementor-widget-gallery\" data-id=\"794df424\" data-element_type=\"widget\" data-settings=\"{&quot;columns&quot;:2,&quot;gap&quot;:{&quot;unit&quot;:&quot;px&quot;,&quot;size&quot;:0,&quot;sizes&quot;:[]},&quot;aspect_ratio&quot;:&quot;1:1&quot;,&quot;columns_mobile&quot;:2,&quot;gap_mobile&quot;:{&quot;unit&quot;:&quot;px&quot;,&quot;size&quot;:0,&quot;sizes&quot;:[]},&quot;gallery_layout&quot;:&quot;grid&quot;,&quot;columns_tablet&quot;:2,&quot;gap_tablet&quot;:{&quot;unit&quot;:&quot;px&quot;,&quot;size&quot;:10,&quot;sizes&quot;:[]},&quot;link_to&quot;:&quot;file&quot;,&quot;overlay_background&quot;:&quot;yes&quot;,&quot;content_hover_animation&quot;:&quot;fade-in&quot;}\" data-widget_type=\"gallery.default\">\n\t\t\t\t<div class=\"elementor-widget-container\">\n\t\t\t\t\t\t\t<div class=\"elementor-gallery__container\">\n\t\t\t\t\t\t\t<a class=\"e-gallery-item elementor-gallery-item elementor-animated-content\" href=\"https:\/\/tocdefusta.com\/wp-content\/uploads\/2025\/05\/polinesia.jpg\" data-elementor-open-lightbox=\"yes\" data-elementor-lightbox-slideshow=\"794df424\" data-e-action-hash=\"#elementor-action%3Aaction%3Dlightbox%26settings%3DeyJpZCI6Mjc5NiwidXJsIjoiaHR0cHM6XC9cL3RvY2RlZnVzdGEuY29tXC93cC1jb250ZW50XC91cGxvYWRzXC8yMDI1XC8wNVwvcG9saW5lc2lhLmpwZyIsInNsaWRlc2hvdyI6Ijc5NGRmNDI0In0%3D\">\n\t\t\t\t\t<div class=\"e-gallery-image elementor-gallery-item__image\" data-thumbnail=\"https:\/\/tocdefusta.com\/wp-content\/uploads\/2025\/05\/polinesia.jpg\" data-width=\"750\" data-height=\"422\" aria-label=\"\" role=\"img\" ><\/div>\n\t\t\t\t\t\t\t\t\t\t\t<div class=\"elementor-gallery-item__overlay\"><\/div>\n\t\t\t\t\t\t\t\t\t\t\t\t\t\t<\/a>\n\t\t\t\t\t\t\t<a class=\"e-gallery-item elementor-gallery-item elementor-animated-content\" href=\"https:\/\/tocdefusta.com\/wp-content\/uploads\/2025\/05\/PXL_20240906_153500818.MP_-scaled.jpg\" data-elementor-open-lightbox=\"yes\" data-elementor-lightbox-slideshow=\"794df424\" data-e-action-hash=\"#elementor-action%3Aaction%3Dlightbox%26settings%3DeyJpZCI6MjgwMCwidXJsIjoiaHR0cHM6XC9cL3RvY2RlZnVzdGEuY29tXC93cC1jb250ZW50XC91cGxvYWRzXC8yMDI1XC8wNVwvUFhMXzIwMjQwOTA2XzE1MzUwMDgxOC5NUF8tc2NhbGVkLmpwZyIsInNsaWRlc2hvdyI6Ijc5NGRmNDI0In0%3D\">\n\t\t\t\t\t<div class=\"e-gallery-image elementor-gallery-item__image\" data-thumbnail=\"https:\/\/tocdefusta.com\/wp-content\/uploads\/2025\/05\/PXL_20240906_153500818.MP_-scaled.jpg\" data-width=\"2560\" data-height=\"1440\" aria-label=\"\" role=\"img\" ><\/div>\n\t\t\t\t\t\t\t\t\t\t\t<div class=\"elementor-gallery-item__overlay\"><\/div>\n\t\t\t\t\t\t\t\t\t\t\t\t\t\t<\/a>\n\t\t\t\t\t\t\t<a class=\"e-gallery-item elementor-gallery-item elementor-animated-content\" href=\"https:\/\/tocdefusta.com\/wp-content\/uploads\/2025\/05\/PXL_20240906_153618233-scaled.jpg\" data-elementor-open-lightbox=\"yes\" data-elementor-lightbox-slideshow=\"794df424\" data-e-action-hash=\"#elementor-action%3Aaction%3Dlightbox%26settings%3DeyJpZCI6MjgwNCwidXJsIjoiaHR0cHM6XC9cL3RvY2RlZnVzdGEuY29tXC93cC1jb250ZW50XC91cGxvYWRzXC8yMDI1XC8wNVwvUFhMXzIwMjQwOTA2XzE1MzYxODIzMy1zY2FsZWQuanBnIiwic2xpZGVzaG93IjoiNzk0ZGY0MjQifQ%3D%3D\">\n\t\t\t\t\t<div class=\"e-gallery-image elementor-gallery-item__image\" data-thumbnail=\"https:\/\/tocdefusta.com\/wp-content\/uploads\/2025\/05\/PXL_20240906_153618233-scaled.jpg\" data-width=\"2560\" data-height=\"1440\" aria-label=\"\" role=\"img\" ><\/div>\n\t\t\t\t\t\t\t\t\t\t\t<div class=\"elementor-gallery-item__overlay\"><\/div>\n\t\t\t\t\t\t\t\t\t\t\t\t\t\t<\/a>\n\t\t\t\t\t\t\t<a class=\"e-gallery-item elementor-gallery-item elementor-animated-content\" href=\"https:\/\/tocdefusta.com\/wp-content\/uploads\/2025\/05\/PXL_20240921_113516448.MP_-scaled.jpg\" data-elementor-open-lightbox=\"yes\" data-elementor-lightbox-slideshow=\"794df424\" data-e-action-hash=\"#elementor-action%3Aaction%3Dlightbox%26settings%3DeyJpZCI6MjgwOCwidXJsIjoiaHR0cHM6XC9cL3RvY2RlZnVzdGEuY29tXC93cC1jb250ZW50XC91cGxvYWRzXC8yMDI1XC8wNVwvUFhMXzIwMjQwOTIxXzExMzUxNjQ0OC5NUF8tc2NhbGVkLmpwZyIsInNsaWRlc2hvdyI6Ijc5NGRmNDI0In0%3D\">\n\t\t\t\t\t<div class=\"e-gallery-image elementor-gallery-item__image\" data-thumbnail=\"https:\/\/tocdefusta.com\/wp-content\/uploads\/2025\/05\/PXL_20240921_113516448.MP_-scaled.jpg\" data-width=\"1440\" data-height=\"2560\" aria-label=\"\" role=\"img\" ><\/div>\n\t\t\t\t\t\t\t\t\t\t\t<div class=\"elementor-gallery-item__overlay\"><\/div>\n\t\t\t\t\t\t\t\t\t\t\t\t\t\t<\/a>\n\t\t\t\t\t<\/div>\n\t\t\t\t\t<\/div>\n\t\t\t\t<\/div>\n\t\t\t\t<\/div>\n\t\t\t\t\t<\/div>\n\t\t\t\t<\/div>\n\t\t<div class=\"elementor-element elementor-element-60e94ed e-flex e-con-boxed e-con e-parent\" data-id=\"60e94ed\" data-element_type=\"container\">\n\t\t\t\t\t<div class=\"e-con-inner\">\n\t\t<div class=\"elementor-element elementor-element-fc6f4b e-con-full e-flex e-con e-child\" data-id=\"fc6f4b\" data-element_type=\"container\">\n\t\t\t\t<div class=\"elementor-element elementor-element-35acc19d elementor-nav-menu--dropdown-none elementor-widget elementor-widget-nav-menu\" data-id=\"35acc19d\" data-element_type=\"widget\" data-settings=\"{&quot;layout&quot;:&quot;horizontal&quot;,&quot;submenu_icon&quot;:{&quot;value&quot;:&quot;&lt;svg class=\\&quot;e-font-icon-svg e-fas-caret-down\\&quot; viewBox=\\&quot;0 0 320 512\\&quot; xmlns=\\&quot;http:\\\/\\\/www.w3.org\\\/2000\\\/svg\\&quot;&gt;&lt;path d=\\&quot;M31.3 192h257.3c17.8 0 26.7 21.5 14.1 34.1L174.1 354.8c-7.8 7.8-20.5 7.8-28.3 0L17.2 226.1C4.6 213.5 13.5 192 31.3 192z\\&quot;&gt;&lt;\\\/path&gt;&lt;\\\/svg&gt;&quot;,&quot;library&quot;:&quot;fa-solid&quot;}}\" data-widget_type=\"nav-menu.default\">\n\t\t\t\t<div class=\"elementor-widget-container\">\n\t\t\t\t\t\t\t\t<nav aria-label=\"Menu\" class=\"elementor-nav-menu--main elementor-nav-menu__container elementor-nav-menu--layout-horizontal e--pointer-text e--animation-none\">\n\t\t\t\t<ul id=\"menu-1-35acc19d\" class=\"elementor-nav-menu\"><li class=\"menu-item menu-item-type-post_type menu-item-object-page menu-item-2651\"><a href=\"https:\/\/tocdefusta.com\/mapa\/los-voladores\/\" class=\"elementor-item\">LOS VOLADORES<\/a><\/li>\n<li class=\"menu-item menu-item-type-post_type menu-item-object-page menu-item-2652\"><a href=\"https:\/\/tocdefusta.com\/mapa\/nenana\/\" class=\"elementor-item\">NENANA<\/a><\/li>\n<li class=\"menu-item menu-item-type-post_type menu-item-object-page menu-item-2743\"><a href=\"https:\/\/tocdefusta.com\/mapa\/boyeros\/\" class=\"elementor-item\">BOYEROS<\/a><\/li>\n<li class=\"menu-item menu-item-type-post_type menu-item-object-page menu-item-2840\"><a href=\"https:\/\/tocdefusta.com\/mapa\/carreiros-do-monte\/\" class=\"elementor-item\">CARRINHOS DO CESTO<\/a><\/li>\n<li class=\"menu-item menu-item-type-post_type menu-item-object-page menu-item-2841\"><a href=\"https:\/\/tocdefusta.com\/mapa\/te-aito\/\" class=\"elementor-item\">TE AITO<\/a><\/li>\n<li class=\"menu-item menu-item-type-post_type menu-item-object-page menu-item-2842\"><a href=\"https:\/\/tocdefusta.com\/mapa\/la-diablada\/\" class=\"elementor-item\">LA DIABLADA<\/a><\/li>\n<li class=\"menu-item menu-item-type-post_type menu-item-object-page menu-item-3209\"><a href=\"https:\/\/tocdefusta.com\/mapa\/mascares-africanes\/\" class=\"elementor-item\">M\u00c1SCARAS AFRICANAS<\/a><\/li>\n<li class=\"menu-item menu-item-type-post_type menu-item-object-page menu-item-3210\"><a href=\"https:\/\/tocdefusta.com\/mapa\/castellers\/\" class=\"elementor-item\">CASTELLERS<\/a><\/li>\n<li class=\"menu-item menu-item-type-post_type menu-item-object-page menu-item-3211\"><a href=\"https:\/\/tocdefusta.com\/mapa\/onbashira\/\" class=\"elementor-item\">ONBASHIRA<\/a><\/li>\n<li class=\"menu-item menu-item-type-post_type menu-item-object-page menu-item-3212\"><a href=\"https:\/\/tocdefusta.com\/mapa\/mallakhamba\/\" class=\"elementor-item\">MALLAKHAMBA<\/a><\/li>\n<li class=\"menu-item menu-item-type-post_type menu-item-object-page menu-item-3213\"><a href=\"https:\/\/tocdefusta.com\/mapa\/la-martenitsa\/\" class=\"elementor-item\">LA MARTENITSA<\/a><\/li>\n<li class=\"menu-item menu-item-type-post_type menu-item-object-page menu-item-3214\"><a href=\"https:\/\/tocdefusta.com\/mapa\/rouketopolemos\/\" class=\"elementor-item\">ROUKETOPOLEMOS<\/a><\/li>\n<li class=\"menu-item menu-item-type-post_type menu-item-object-page menu-item-3215\"><a href=\"https:\/\/tocdefusta.com\/mapa\/ligo\/\" class=\"elementor-item\">LIGO<\/a><\/li>\n<li class=\"menu-item menu-item-type-post_type menu-item-object-page menu-item-3216\"><a href=\"https:\/\/tocdefusta.com\/mapa\/flierljeppen\/\" class=\"elementor-item\">FLIERLJEPPEN<\/a><\/li>\n<li class=\"menu-item menu-item-type-post_type menu-item-object-page menu-item-3217\"><a href=\"https:\/\/tocdefusta.com\/mapa\/coopers-hill-cheese-rolling\/\" class=\"elementor-item\">COOPER&#8217;S HILL CHEESE-ROLLING<\/a><\/li>\n<li class=\"menu-item menu-item-type-post_type menu-item-object-page menu-item-3218\"><a href=\"https:\/\/tocdefusta.com\/mapa\/aizkolari\/\" class=\"elementor-item\">AIZKOLARI<\/a><\/li>\n<li class=\"menu-item menu-item-type-post_type menu-item-object-page menu-item-3219\"><a href=\"https:\/\/tocdefusta.com\/mapa\/as-maias\/\" class=\"elementor-item\">AS MAYAS<\/a><\/li>\n<li class=\"menu-item menu-item-type-post_type menu-item-object-page menu-item-3310\"><a href=\"https:\/\/tocdefusta.com\/mapa\/qamariyya\/\" class=\"elementor-item\">QAMARIYYA<\/a><\/li>\n<li class=\"menu-item menu-item-type-post_type menu-item-object-page menu-item-3311\"><a href=\"https:\/\/tocdefusta.com\/mapa\/yadnya-kasada\/\" class=\"elementor-item\">YADNYA KASADA<\/a><\/li>\n<\/ul>\t\t\t<\/nav>\n\t\t\t\t\t\t<nav class=\"elementor-nav-menu--dropdown elementor-nav-menu__container\" aria-hidden=\"true\">\n\t\t\t\t<ul id=\"menu-2-35acc19d\" class=\"elementor-nav-menu\"><li class=\"menu-item menu-item-type-post_type menu-item-object-page menu-item-2651\"><a href=\"https:\/\/tocdefusta.com\/mapa\/los-voladores\/\" class=\"elementor-item\" tabindex=\"-1\">LOS VOLADORES<\/a><\/li>\n<li class=\"menu-item menu-item-type-post_type menu-item-object-page menu-item-2652\"><a href=\"https:\/\/tocdefusta.com\/mapa\/nenana\/\" class=\"elementor-item\" tabindex=\"-1\">NENANA<\/a><\/li>\n<li class=\"menu-item menu-item-type-post_type menu-item-object-page menu-item-2743\"><a href=\"https:\/\/tocdefusta.com\/mapa\/boyeros\/\" class=\"elementor-item\" tabindex=\"-1\">BOYEROS<\/a><\/li>\n<li class=\"menu-item menu-item-type-post_type menu-item-object-page menu-item-2840\"><a href=\"https:\/\/tocdefusta.com\/mapa\/carreiros-do-monte\/\" class=\"elementor-item\" tabindex=\"-1\">CARRINHOS DO CESTO<\/a><\/li>\n<li class=\"menu-item menu-item-type-post_type menu-item-object-page menu-item-2841\"><a href=\"https:\/\/tocdefusta.com\/mapa\/te-aito\/\" class=\"elementor-item\" tabindex=\"-1\">TE AITO<\/a><\/li>\n<li class=\"menu-item menu-item-type-post_type menu-item-object-page menu-item-2842\"><a href=\"https:\/\/tocdefusta.com\/mapa\/la-diablada\/\" class=\"elementor-item\" tabindex=\"-1\">LA DIABLADA<\/a><\/li>\n<li class=\"menu-item menu-item-type-post_type menu-item-object-page menu-item-3209\"><a href=\"https:\/\/tocdefusta.com\/mapa\/mascares-africanes\/\" class=\"elementor-item\" tabindex=\"-1\">M\u00c1SCARAS AFRICANAS<\/a><\/li>\n<li class=\"menu-item menu-item-type-post_type menu-item-object-page menu-item-3210\"><a href=\"https:\/\/tocdefusta.com\/mapa\/castellers\/\" class=\"elementor-item\" tabindex=\"-1\">CASTELLERS<\/a><\/li>\n<li class=\"menu-item menu-item-type-post_type menu-item-object-page menu-item-3211\"><a href=\"https:\/\/tocdefusta.com\/mapa\/onbashira\/\" class=\"elementor-item\" tabindex=\"-1\">ONBASHIRA<\/a><\/li>\n<li class=\"menu-item menu-item-type-post_type menu-item-object-page menu-item-3212\"><a href=\"https:\/\/tocdefusta.com\/mapa\/mallakhamba\/\" class=\"elementor-item\" tabindex=\"-1\">MALLAKHAMBA<\/a><\/li>\n<li class=\"menu-item menu-item-type-post_type menu-item-object-page menu-item-3213\"><a href=\"https:\/\/tocdefusta.com\/mapa\/la-martenitsa\/\" class=\"elementor-item\" tabindex=\"-1\">LA MARTENITSA<\/a><\/li>\n<li class=\"menu-item menu-item-type-post_type menu-item-object-page menu-item-3214\"><a href=\"https:\/\/tocdefusta.com\/mapa\/rouketopolemos\/\" class=\"elementor-item\" tabindex=\"-1\">ROUKETOPOLEMOS<\/a><\/li>\n<li class=\"menu-item menu-item-type-post_type menu-item-object-page menu-item-3215\"><a href=\"https:\/\/tocdefusta.com\/mapa\/ligo\/\" class=\"elementor-item\" tabindex=\"-1\">LIGO<\/a><\/li>\n<li class=\"menu-item menu-item-type-post_type menu-item-object-page menu-item-3216\"><a href=\"https:\/\/tocdefusta.com\/mapa\/flierljeppen\/\" class=\"elementor-item\" tabindex=\"-1\">FLIERLJEPPEN<\/a><\/li>\n<li class=\"menu-item menu-item-type-post_type menu-item-object-page menu-item-3217\"><a href=\"https:\/\/tocdefusta.com\/mapa\/coopers-hill-cheese-rolling\/\" class=\"elementor-item\" tabindex=\"-1\">COOPER&#8217;S HILL CHEESE-ROLLING<\/a><\/li>\n<li class=\"menu-item menu-item-type-post_type menu-item-object-page menu-item-3218\"><a href=\"https:\/\/tocdefusta.com\/mapa\/aizkolari\/\" class=\"elementor-item\" tabindex=\"-1\">AIZKOLARI<\/a><\/li>\n<li class=\"menu-item menu-item-type-post_type menu-item-object-page menu-item-3219\"><a href=\"https:\/\/tocdefusta.com\/mapa\/as-maias\/\" class=\"elementor-item\" tabindex=\"-1\">AS MAYAS<\/a><\/li>\n<li class=\"menu-item menu-item-type-post_type menu-item-object-page menu-item-3310\"><a href=\"https:\/\/tocdefusta.com\/mapa\/qamariyya\/\" class=\"elementor-item\" tabindex=\"-1\">QAMARIYYA<\/a><\/li>\n<li class=\"menu-item menu-item-type-post_type menu-item-object-page menu-item-3311\"><a href=\"https:\/\/tocdefusta.com\/mapa\/yadnya-kasada\/\" class=\"elementor-item\" tabindex=\"-1\">YADNYA KASADA<\/a><\/li>\n<\/ul>\t\t\t<\/nav>\n\t\t\t\t\t\t<\/div>\n\t\t\t\t<\/div>\n\t\t\t\t<\/div>\n\t\t<div class=\"elementor-element elementor-element-610f9894 e-con-full e-flex e-con e-child\" data-id=\"610f9894\" data-element_type=\"container\">\n\t\t\t\t<div class=\"elementor-element elementor-element-55bfcdfd elementor-align-center elementor-widget elementor-widget-button\" data-id=\"55bfcdfd\" data-element_type=\"widget\" data-widget_type=\"button.default\">\n\t\t\t\t<div class=\"elementor-widget-container\">\n\t\t\t\t\t\t\t\t\t<div class=\"elementor-button-wrapper\">\n\t\t\t\t\t<a class=\"elementor-button elementor-button-link elementor-size-sm\" href=\"https:\/\/tocdefusta.com\/es\/mapa\/\">\n\t\t\t\t\t\t<span class=\"elementor-button-content-wrapper\">\n\t\t\t\t\t\t\t\t\t<span class=\"elementor-button-text\">VOLVER AL MAPA<\/span>\n\t\t\t\t\t<\/span>\n\t\t\t\t\t<\/a>\n\t\t\t\t<\/div>\n\t\t\t\t\t\t\t\t<\/div>\n\t\t\t\t<\/div>\n\t\t\t\t<\/div>\n\t\t\t\t\t<\/div>\n\t\t\t\t<\/div>\n\t\t\t\t<\/div>\n\t\t","protected":false},"excerpt":{"rendered":"<p>Polinesia francesa Este juego evoca las antiguas traves\u00edas polinesias en waka o va&#8217;a, donde la paciencia y la habilidad eran clave para avanzar entre islas. Con cada lanzamiento, los jugadores impulsan la canoa a trav\u00e9s de un viaje simb\u00f3lico por el agua. Un recordatorio de la conexi\u00f3n universal entre los seres humanos y el mar, [&hellip;]<\/p>\n","protected":false},"author":1,"featured_media":0,"parent":2532,"menu_order":0,"comment_status":"closed","ping_status":"closed","template":"elementor_header_footer","meta":{"footnotes":""},"class_list":["post-3385","page","type-page","status-publish","hentry"],"_links":{"self":[{"href":"https:\/\/tocdefusta.com\/es\/wp-json\/wp\/v2\/pages\/3385","targetHints":{"allow":["GET"]}}],"collection":[{"href":"https:\/\/tocdefusta.com\/es\/wp-json\/wp\/v2\/pages"}],"about":[{"href":"https:\/\/tocdefusta.com\/es\/wp-json\/wp\/v2\/types\/page"}],"author":[{"embeddable":true,"href":"https:\/\/tocdefusta.com\/es\/wp-json\/wp\/v2\/users\/1"}],"replies":[{"embeddable":true,"href":"https:\/\/tocdefusta.com\/es\/wp-json\/wp\/v2\/comments?post=3385"}],"version-history":[{"count":2,"href":"https:\/\/tocdefusta.com\/es\/wp-json\/wp\/v2\/pages\/3385\/revisions"}],"predecessor-version":[{"id":3387,"href":"https:\/\/tocdefusta.com\/es\/wp-json\/wp\/v2\/pages\/3385\/revisions\/3387"}],"up":[{"embeddable":true,"href":"https:\/\/tocdefusta.com\/es\/wp-json\/wp\/v2\/pages\/2532"}],"wp:attachment":[{"href":"https:\/\/tocdefusta.com\/es\/wp-json\/wp\/v2\/media?parent=3385"}],"curies":[{"name":"wp","href":"https:\/\/api.w.org\/{rel}","templated":true}]}}