{"id":3346,"date":"2025-07-29T17:44:59","date_gmt":"2025-07-29T15:44:59","guid":{"rendered":"https:\/\/tocdefusta.com\/mapa\/coopers-hill-cheese-rolling\/"},"modified":"2025-07-29T17:45:01","modified_gmt":"2025-07-29T15:45:01","slug":"coopers-hill-cheese-rolling","status":"publish","type":"page","link":"https:\/\/tocdefusta.com\/es\/mapa\/coopers-hill-cheese-rolling\/","title":{"rendered":"COOPER&#8217;S HILL CHEESE-ROLLING"},"content":{"rendered":"\t\t<div data-elementor-type=\"wp-page\" data-elementor-id=\"3346\" class=\"elementor elementor-3346 elementor-2914\" data-elementor-post-type=\"page\">\n\t\t\t\t<div class=\"elementor-element elementor-element-6d5687b6 e-flex e-con-boxed e-con e-parent\" data-id=\"6d5687b6\" data-element_type=\"container\">\n\t\t\t\t\t<div class=\"e-con-inner\">\n\t\t<div class=\"elementor-element elementor-element-4f0bcd3c e-con-full e-flex e-con e-child\" data-id=\"4f0bcd3c\" data-element_type=\"container\">\n\t\t\t\t<div class=\"elementor-element elementor-element-6cb7f23e elementor-position-left elementor-vertical-align-top elementor-widget elementor-widget-image-box\" data-id=\"6cb7f23e\" data-element_type=\"widget\" data-widget_type=\"image-box.default\">\n\t\t\t\t<div class=\"elementor-widget-container\">\n\t\t\t\t\t<div class=\"elementor-image-box-wrapper\"><figure class=\"elementor-image-box-img\"><img fetchpriority=\"high\" decoding=\"async\" width=\"1024\" height=\"1024\" src=\"https:\/\/tocdefusta.com\/wp-content\/uploads\/2025\/05\/gloucester.png\" class=\"attachment-full size-full wp-image-2916\" alt=\"\" srcset=\"https:\/\/tocdefusta.com\/wp-content\/uploads\/2025\/05\/gloucester.png 1024w, https:\/\/tocdefusta.com\/wp-content\/uploads\/2025\/05\/gloucester-300x300.png 300w, https:\/\/tocdefusta.com\/wp-content\/uploads\/2025\/05\/gloucester-150x150.png 150w, https:\/\/tocdefusta.com\/wp-content\/uploads\/2025\/05\/gloucester-768x768.png 768w\" sizes=\"(max-width: 1024px) 100vw, 1024px\" \/><\/figure><div class=\"elementor-image-box-content\"><p class=\"elementor-image-box-description\">Inglaterra<\/p><\/div><\/div>\t\t\t\t<\/div>\n\t\t\t\t<\/div>\n\t\t\t\t<div class=\"elementor-element elementor-element-67e88afe elementor-widget elementor-widget-text-editor\" data-id=\"67e88afe\" data-element_type=\"widget\" data-widget_type=\"text-editor.default\">\n\t\t\t\t<div class=\"elementor-widget-container\">\n\t\t\t\t\t\t\t\t\tDesde hace siglos, en la colina de Cooper\u2019s Hill (Gloucestershire), una rueda de queso Double Gloucester da inicio a una carrera cuesta abajo tan temeraria como celebrada. Cada a\u00f1o, la tradici\u00f3n sigue atrayendo a corredores y curiosos, transformando el vertiginoso descenso en una aut\u00e9ntica fiesta popular.<br>Este juego convierte esa adrenalina en movimiento de madera y nos recuerda que una locura compartida puede convertirse en tradici\u00f3n. \t\t\t\t\t\t\t\t<\/div>\n\t\t\t\t<\/div>\n\t\t\t\t<div class=\"elementor-element elementor-element-23566bc8 elementor-widget elementor-widget-text-editor\" data-id=\"23566bc8\" data-element_type=\"widget\" data-widget_type=\"text-editor.default\">\n\t\t\t\t<div class=\"elementor-widget-container\">\n\t\t\t\t\t\t\t\t\t<p>El Cooper\u2019s Hill Cheese-Rolling es una competici\u00f3n tan temeraria como festiva que, cada Spring Bank Holiday, convierte la colina de Brockworth, cerca de Gloucester, en un escenario de euforia colectiva. Corredores de todo el mundo se lanzan ladera abajo tras una rueda de queso Double Gloucester que acelera hasta perderse de vista; el premio es para quien cruza primero la meta, a menudo entre resbalones y golpes que acaban formando parte del relato heroico.    <\/p><p> <\/p><p>Los or\u00edgenes exactos del descenso siguen envueltos en leyenda: se dice que podr\u00eda nacer de rituales agr\u00edcolas que celebraban la fertilidad de los campos o de la antigua costumbre de reivindicar los derechos de pastoreo sobre la colina comunal. Sea como sea, con el tiempo aquel gesto de exuberancia primaveral se ha transformado en un s\u00edmbolo del folclore local y en un reclamo medi\u00e1tico que proyecta el nombre de Brockworth por todo el mundo. <\/p><p> <\/p><p>Nuestro juego adopta ese esp\u00edritu sin el riesgo f\u00edsico extremo: simula la ca\u00edda descontrolada en persecuci\u00f3n de un \u201cqueso\u201d de madera que serpentea por una pendiente estilizada. Quien participa se enfrenta a la inercia, el ritmo y la coordinaci\u00f3n, experimentando en primera persona la emoci\u00f3n de la carrera.  <\/p><p> <\/p><p>M\u00e1s all\u00e1 de su extravagancia, el Cheese-Rolling demuestra c\u00f3mo una idea aparentemente descabellada puede arraigar hasta convertirse en patrimonio compartido. Celebrarla \u2014ya sea corriendo por la colina real o a trav\u00e9s de esta versi\u00f3n l\u00fadica y accesible\u2014 es recordar que el humor, la audacia y el sentido de comunidad siguen siendo motores poderosos de la cultura viva.  <\/p>\t\t\t\t\t\t\t\t<\/div>\n\t\t\t\t<\/div>\n\t\t\t\t<\/div>\n\t\t<div class=\"elementor-element elementor-element-7c56b371 e-con-full e-flex e-con e-child\" data-id=\"7c56b371\" data-element_type=\"container\">\n\t\t\t\t<div class=\"elementor-element elementor-element-6c3d9e7e elementor-widget elementor-widget-image\" data-id=\"6c3d9e7e\" data-element_type=\"widget\" data-widget_type=\"image.default\">\n\t\t\t\t<div class=\"elementor-widget-container\">\n\t\t\t\t\t\t\t\t\t\t\t\t\t\t\t<img decoding=\"async\" width=\"486\" height=\"388\" src=\"https:\/\/tocdefusta.com\/wp-content\/uploads\/2025\/05\/Captura-de-pantalla-2025-05-01-a-las-16.47.11.png\" class=\"attachment-full size-full wp-image-2923\" alt=\"\" srcset=\"https:\/\/tocdefusta.com\/wp-content\/uploads\/2025\/05\/Captura-de-pantalla-2025-05-01-a-las-16.47.11.png 486w, https:\/\/tocdefusta.com\/wp-content\/uploads\/2025\/05\/Captura-de-pantalla-2025-05-01-a-las-16.47.11-300x240.png 300w\" sizes=\"(max-width: 486px) 100vw, 486px\" \/>\t\t\t\t\t\t\t\t\t\t\t\t\t\t\t<\/div>\n\t\t\t\t<\/div>\n\t\t\t\t<div class=\"elementor-element elementor-element-172ff2ce elementor-widget elementor-widget-heading\" data-id=\"172ff2ce\" data-element_type=\"widget\" data-widget_type=\"heading.default\">\n\t\t\t\t<div class=\"elementor-widget-container\">\n\t\t\t\t\t<h4 class=\"elementor-heading-title elementor-size-default\">M\u00e1s informaci\u00f3n<\/h4>\t\t\t\t<\/div>\n\t\t\t\t<\/div>\n\t\t\t\t<div class=\"elementor-element elementor-element-49f9f7e elementor-align-left elementor-icon-list--layout-traditional elementor-list-item-link-full_width elementor-widget elementor-widget-icon-list\" data-id=\"49f9f7e\" data-element_type=\"widget\" data-widget_type=\"icon-list.default\">\n\t\t\t\t<div class=\"elementor-widget-container\">\n\t\t\t\t\t\t\t<ul class=\"elementor-icon-list-items\">\n\t\t\t\t\t\t\t<li class=\"elementor-icon-list-item\">\n\t\t\t\t\t\t\t\t\t\t\t<a href=\"https:\/\/ca.wikipedia.org\/wiki\/Cooper%27s_Hill_Cheese-Rolling_and_Wake\" target=\"_blank\">\n\n\t\t\t\t\t\t\t\t\t\t\t\t<span class=\"elementor-icon-list-icon\">\n\t\t\t\t\t\t\t<svg aria-hidden=\"true\" class=\"e-font-icon-svg e-fas-link\" viewBox=\"0 0 512 512\" xmlns=\"http:\/\/www.w3.org\/2000\/svg\"><path d=\"M326.612 185.391c59.747 59.809 58.927 155.698.36 214.59-.11.12-.24.25-.36.37l-67.2 67.2c-59.27 59.27-155.699 59.262-214.96 0-59.27-59.26-59.27-155.7 0-214.96l37.106-37.106c9.84-9.84 26.786-3.3 27.294 10.606.648 17.722 3.826 35.527 9.69 52.721 1.986 5.822.567 12.262-3.783 16.612l-13.087 13.087c-28.026 28.026-28.905 73.66-1.155 101.96 28.024 28.579 74.086 28.749 102.325.51l67.2-67.19c28.191-28.191 28.073-73.757 0-101.83-3.701-3.694-7.429-6.564-10.341-8.569a16.037 16.037 0 0 1-6.947-12.606c-.396-10.567 3.348-21.456 11.698-29.806l21.054-21.055c5.521-5.521 14.182-6.199 20.584-1.731a152.482 152.482 0 0 1 20.522 17.197zM467.547 44.449c-59.261-59.262-155.69-59.27-214.96 0l-67.2 67.2c-.12.12-.25.25-.36.37-58.566 58.892-59.387 154.781.36 214.59a152.454 152.454 0 0 0 20.521 17.196c6.402 4.468 15.064 3.789 20.584-1.731l21.054-21.055c8.35-8.35 12.094-19.239 11.698-29.806a16.037 16.037 0 0 0-6.947-12.606c-2.912-2.005-6.64-4.875-10.341-8.569-28.073-28.073-28.191-73.639 0-101.83l67.2-67.19c28.239-28.239 74.3-28.069 102.325.51 27.75 28.3 26.872 73.934-1.155 101.96l-13.087 13.087c-4.35 4.35-5.769 10.79-3.783 16.612 5.864 17.194 9.042 34.999 9.69 52.721.509 13.906 17.454 20.446 27.294 10.606l37.106-37.106c59.271-59.259 59.271-155.699.001-214.959z\"><\/path><\/svg>\t\t\t\t\t\t<\/span>\n\t\t\t\t\t\t\t\t\t\t<span class=\"elementor-icon-list-text\">https:\/\/ca.wikipedia.org\/wiki\/Cooper%27s_Hill_Cheese-Rolling_and_Wake<\/span>\n\t\t\t\t\t\t\t\t\t\t\t<\/a>\n\t\t\t\t\t\t\t\t\t<\/li>\n\t\t\t\t\t\t\t\t<li class=\"elementor-icon-list-item\">\n\t\t\t\t\t\t\t\t\t\t\t<a href=\"https:\/\/www.bbc.com\/news\/live\/uk-england-gloucestershire-69065807\" target=\"_blank\">\n\n\t\t\t\t\t\t\t\t\t\t\t\t<span class=\"elementor-icon-list-icon\">\n\t\t\t\t\t\t\t<svg aria-hidden=\"true\" class=\"e-font-icon-svg e-fas-link\" viewBox=\"0 0 512 512\" xmlns=\"http:\/\/www.w3.org\/2000\/svg\"><path d=\"M326.612 185.391c59.747 59.809 58.927 155.698.36 214.59-.11.12-.24.25-.36.37l-67.2 67.2c-59.27 59.27-155.699 59.262-214.96 0-59.27-59.26-59.27-155.7 0-214.96l37.106-37.106c9.84-9.84 26.786-3.3 27.294 10.606.648 17.722 3.826 35.527 9.69 52.721 1.986 5.822.567 12.262-3.783 16.612l-13.087 13.087c-28.026 28.026-28.905 73.66-1.155 101.96 28.024 28.579 74.086 28.749 102.325.51l67.2-67.19c28.191-28.191 28.073-73.757 0-101.83-3.701-3.694-7.429-6.564-10.341-8.569a16.037 16.037 0 0 1-6.947-12.606c-.396-10.567 3.348-21.456 11.698-29.806l21.054-21.055c5.521-5.521 14.182-6.199 20.584-1.731a152.482 152.482 0 0 1 20.522 17.197zM467.547 44.449c-59.261-59.262-155.69-59.27-214.96 0l-67.2 67.2c-.12.12-.25.25-.36.37-58.566 58.892-59.387 154.781.36 214.59a152.454 152.454 0 0 0 20.521 17.196c6.402 4.468 15.064 3.789 20.584-1.731l21.054-21.055c8.35-8.35 12.094-19.239 11.698-29.806a16.037 16.037 0 0 0-6.947-12.606c-2.912-2.005-6.64-4.875-10.341-8.569-28.073-28.073-28.191-73.639 0-101.83l67.2-67.19c28.239-28.239 74.3-28.069 102.325.51 27.75 28.3 26.872 73.934-1.155 101.96l-13.087 13.087c-4.35 4.35-5.769 10.79-3.783 16.612 5.864 17.194 9.042 34.999 9.69 52.721.509 13.906 17.454 20.446 27.294 10.606l37.106-37.106c59.271-59.259 59.271-155.699.001-214.959z\"><\/path><\/svg>\t\t\t\t\t\t<\/span>\n\t\t\t\t\t\t\t\t\t\t<span class=\"elementor-icon-list-text\">https:\/\/www.bbc.com\/news\/live\/uk-england-gloucestershire-69065807<\/span>\n\t\t\t\t\t\t\t\t\t\t\t<\/a>\n\t\t\t\t\t\t\t\t\t<\/li>\n\t\t\t\t\t\t<\/ul>\n\t\t\t\t\t\t<\/div>\n\t\t\t\t<\/div>\n\t\t\t\t<\/div>\n\t\t\t\t\t<\/div>\n\t\t\t\t<\/div>\n\t\t<div class=\"elementor-element elementor-element-1244c625 e-flex e-con-boxed e-con e-parent\" data-id=\"1244c625\" data-element_type=\"container\">\n\t\t\t\t\t<div class=\"e-con-inner\">\n\t\t<div class=\"elementor-element elementor-element-13881e2a e-con-full e-flex e-con e-child\" data-id=\"13881e2a\" data-element_type=\"container\">\n\t\t\t\t<div class=\"elementor-element elementor-element-302115ae elementor-nav-menu--dropdown-none elementor-widget elementor-widget-nav-menu\" data-id=\"302115ae\" data-element_type=\"widget\" data-settings=\"{&quot;layout&quot;:&quot;horizontal&quot;,&quot;submenu_icon&quot;:{&quot;value&quot;:&quot;&lt;svg class=\\&quot;e-font-icon-svg e-fas-caret-down\\&quot; viewBox=\\&quot;0 0 320 512\\&quot; xmlns=\\&quot;http:\\\/\\\/www.w3.org\\\/2000\\\/svg\\&quot;&gt;&lt;path d=\\&quot;M31.3 192h257.3c17.8 0 26.7 21.5 14.1 34.1L174.1 354.8c-7.8 7.8-20.5 7.8-28.3 0L17.2 226.1C4.6 213.5 13.5 192 31.3 192z\\&quot;&gt;&lt;\\\/path&gt;&lt;\\\/svg&gt;&quot;,&quot;library&quot;:&quot;fa-solid&quot;}}\" data-widget_type=\"nav-menu.default\">\n\t\t\t\t<div class=\"elementor-widget-container\">\n\t\t\t\t\t\t\t\t<nav aria-label=\"Menu\" class=\"elementor-nav-menu--main elementor-nav-menu__container elementor-nav-menu--layout-horizontal e--pointer-text e--animation-none\">\n\t\t\t\t<ul id=\"menu-1-302115ae\" class=\"elementor-nav-menu\"><li class=\"menu-item menu-item-type-post_type menu-item-object-page menu-item-2651\"><a href=\"https:\/\/tocdefusta.com\/mapa\/los-voladores\/\" class=\"elementor-item\">LOS VOLADORES<\/a><\/li>\n<li class=\"menu-item menu-item-type-post_type menu-item-object-page menu-item-2652\"><a href=\"https:\/\/tocdefusta.com\/mapa\/nenana\/\" class=\"elementor-item\">NENANA<\/a><\/li>\n<li class=\"menu-item menu-item-type-post_type menu-item-object-page menu-item-2743\"><a href=\"https:\/\/tocdefusta.com\/mapa\/boyeros\/\" class=\"elementor-item\">BOYEROS<\/a><\/li>\n<li class=\"menu-item menu-item-type-post_type menu-item-object-page menu-item-2840\"><a href=\"https:\/\/tocdefusta.com\/mapa\/carreiros-do-monte\/\" class=\"elementor-item\">CARRINHOS DO CESTO<\/a><\/li>\n<li class=\"menu-item menu-item-type-post_type menu-item-object-page menu-item-2841\"><a href=\"https:\/\/tocdefusta.com\/mapa\/te-aito\/\" class=\"elementor-item\">TE AITO<\/a><\/li>\n<li class=\"menu-item menu-item-type-post_type menu-item-object-page menu-item-2842\"><a href=\"https:\/\/tocdefusta.com\/mapa\/la-diablada\/\" class=\"elementor-item\">LA DIABLADA<\/a><\/li>\n<li class=\"menu-item menu-item-type-post_type menu-item-object-page menu-item-3209\"><a href=\"https:\/\/tocdefusta.com\/mapa\/mascares-africanes\/\" class=\"elementor-item\">M\u00c1SCARAS AFRICANAS<\/a><\/li>\n<li class=\"menu-item menu-item-type-post_type menu-item-object-page menu-item-3210\"><a href=\"https:\/\/tocdefusta.com\/mapa\/castellers\/\" class=\"elementor-item\">CASTELLERS<\/a><\/li>\n<li class=\"menu-item menu-item-type-post_type menu-item-object-page menu-item-3211\"><a href=\"https:\/\/tocdefusta.com\/mapa\/onbashira\/\" class=\"elementor-item\">ONBASHIRA<\/a><\/li>\n<li class=\"menu-item menu-item-type-post_type menu-item-object-page menu-item-3212\"><a href=\"https:\/\/tocdefusta.com\/mapa\/mallakhamba\/\" class=\"elementor-item\">MALLAKHAMBA<\/a><\/li>\n<li class=\"menu-item menu-item-type-post_type menu-item-object-page menu-item-3213\"><a href=\"https:\/\/tocdefusta.com\/mapa\/la-martenitsa\/\" class=\"elementor-item\">LA MARTENITSA<\/a><\/li>\n<li class=\"menu-item menu-item-type-post_type menu-item-object-page menu-item-3214\"><a href=\"https:\/\/tocdefusta.com\/mapa\/rouketopolemos\/\" class=\"elementor-item\">ROUKETOPOLEMOS<\/a><\/li>\n<li class=\"menu-item menu-item-type-post_type menu-item-object-page menu-item-3215\"><a href=\"https:\/\/tocdefusta.com\/mapa\/ligo\/\" class=\"elementor-item\">LIGO<\/a><\/li>\n<li class=\"menu-item menu-item-type-post_type menu-item-object-page menu-item-3216\"><a href=\"https:\/\/tocdefusta.com\/mapa\/flierljeppen\/\" class=\"elementor-item\">FLIERLJEPPEN<\/a><\/li>\n<li class=\"menu-item menu-item-type-post_type menu-item-object-page menu-item-3217\"><a href=\"https:\/\/tocdefusta.com\/mapa\/coopers-hill-cheese-rolling\/\" class=\"elementor-item\">COOPER&#8217;S HILL CHEESE-ROLLING<\/a><\/li>\n<li class=\"menu-item menu-item-type-post_type menu-item-object-page menu-item-3218\"><a href=\"https:\/\/tocdefusta.com\/mapa\/aizkolari\/\" class=\"elementor-item\">AIZKOLARI<\/a><\/li>\n<li class=\"menu-item menu-item-type-post_type menu-item-object-page menu-item-3219\"><a href=\"https:\/\/tocdefusta.com\/mapa\/as-maias\/\" class=\"elementor-item\">AS MAYAS<\/a><\/li>\n<li class=\"menu-item menu-item-type-post_type menu-item-object-page menu-item-3310\"><a href=\"https:\/\/tocdefusta.com\/mapa\/qamariyya\/\" class=\"elementor-item\">QAMARIYYA<\/a><\/li>\n<li class=\"menu-item menu-item-type-post_type menu-item-object-page menu-item-3311\"><a href=\"https:\/\/tocdefusta.com\/mapa\/yadnya-kasada\/\" class=\"elementor-item\">YADNYA KASADA<\/a><\/li>\n<\/ul>\t\t\t<\/nav>\n\t\t\t\t\t\t<nav class=\"elementor-nav-menu--dropdown elementor-nav-menu__container\" aria-hidden=\"true\">\n\t\t\t\t<ul id=\"menu-2-302115ae\" class=\"elementor-nav-menu\"><li class=\"menu-item menu-item-type-post_type menu-item-object-page menu-item-2651\"><a href=\"https:\/\/tocdefusta.com\/mapa\/los-voladores\/\" class=\"elementor-item\" tabindex=\"-1\">LOS VOLADORES<\/a><\/li>\n<li class=\"menu-item menu-item-type-post_type menu-item-object-page menu-item-2652\"><a href=\"https:\/\/tocdefusta.com\/mapa\/nenana\/\" class=\"elementor-item\" tabindex=\"-1\">NENANA<\/a><\/li>\n<li class=\"menu-item menu-item-type-post_type menu-item-object-page menu-item-2743\"><a href=\"https:\/\/tocdefusta.com\/mapa\/boyeros\/\" class=\"elementor-item\" tabindex=\"-1\">BOYEROS<\/a><\/li>\n<li class=\"menu-item menu-item-type-post_type menu-item-object-page menu-item-2840\"><a href=\"https:\/\/tocdefusta.com\/mapa\/carreiros-do-monte\/\" class=\"elementor-item\" tabindex=\"-1\">CARRINHOS DO CESTO<\/a><\/li>\n<li class=\"menu-item menu-item-type-post_type menu-item-object-page menu-item-2841\"><a href=\"https:\/\/tocdefusta.com\/mapa\/te-aito\/\" class=\"elementor-item\" tabindex=\"-1\">TE AITO<\/a><\/li>\n<li class=\"menu-item menu-item-type-post_type menu-item-object-page menu-item-2842\"><a href=\"https:\/\/tocdefusta.com\/mapa\/la-diablada\/\" class=\"elementor-item\" tabindex=\"-1\">LA DIABLADA<\/a><\/li>\n<li class=\"menu-item menu-item-type-post_type menu-item-object-page menu-item-3209\"><a href=\"https:\/\/tocdefusta.com\/mapa\/mascares-africanes\/\" class=\"elementor-item\" tabindex=\"-1\">M\u00c1SCARAS AFRICANAS<\/a><\/li>\n<li class=\"menu-item menu-item-type-post_type menu-item-object-page menu-item-3210\"><a href=\"https:\/\/tocdefusta.com\/mapa\/castellers\/\" class=\"elementor-item\" tabindex=\"-1\">CASTELLERS<\/a><\/li>\n<li class=\"menu-item menu-item-type-post_type menu-item-object-page menu-item-3211\"><a href=\"https:\/\/tocdefusta.com\/mapa\/onbashira\/\" class=\"elementor-item\" tabindex=\"-1\">ONBASHIRA<\/a><\/li>\n<li class=\"menu-item menu-item-type-post_type menu-item-object-page menu-item-3212\"><a href=\"https:\/\/tocdefusta.com\/mapa\/mallakhamba\/\" class=\"elementor-item\" tabindex=\"-1\">MALLAKHAMBA<\/a><\/li>\n<li class=\"menu-item menu-item-type-post_type menu-item-object-page menu-item-3213\"><a href=\"https:\/\/tocdefusta.com\/mapa\/la-martenitsa\/\" class=\"elementor-item\" tabindex=\"-1\">LA MARTENITSA<\/a><\/li>\n<li class=\"menu-item menu-item-type-post_type menu-item-object-page menu-item-3214\"><a href=\"https:\/\/tocdefusta.com\/mapa\/rouketopolemos\/\" class=\"elementor-item\" tabindex=\"-1\">ROUKETOPOLEMOS<\/a><\/li>\n<li class=\"menu-item menu-item-type-post_type menu-item-object-page menu-item-3215\"><a href=\"https:\/\/tocdefusta.com\/mapa\/ligo\/\" class=\"elementor-item\" tabindex=\"-1\">LIGO<\/a><\/li>\n<li class=\"menu-item menu-item-type-post_type menu-item-object-page menu-item-3216\"><a href=\"https:\/\/tocdefusta.com\/mapa\/flierljeppen\/\" class=\"elementor-item\" tabindex=\"-1\">FLIERLJEPPEN<\/a><\/li>\n<li class=\"menu-item menu-item-type-post_type menu-item-object-page menu-item-3217\"><a href=\"https:\/\/tocdefusta.com\/mapa\/coopers-hill-cheese-rolling\/\" class=\"elementor-item\" tabindex=\"-1\">COOPER&#8217;S HILL CHEESE-ROLLING<\/a><\/li>\n<li class=\"menu-item menu-item-type-post_type menu-item-object-page menu-item-3218\"><a href=\"https:\/\/tocdefusta.com\/mapa\/aizkolari\/\" class=\"elementor-item\" tabindex=\"-1\">AIZKOLARI<\/a><\/li>\n<li class=\"menu-item menu-item-type-post_type menu-item-object-page menu-item-3219\"><a href=\"https:\/\/tocdefusta.com\/mapa\/as-maias\/\" class=\"elementor-item\" tabindex=\"-1\">AS MAYAS<\/a><\/li>\n<li class=\"menu-item menu-item-type-post_type menu-item-object-page menu-item-3310\"><a href=\"https:\/\/tocdefusta.com\/mapa\/qamariyya\/\" class=\"elementor-item\" tabindex=\"-1\">QAMARIYYA<\/a><\/li>\n<li class=\"menu-item menu-item-type-post_type menu-item-object-page menu-item-3311\"><a href=\"https:\/\/tocdefusta.com\/mapa\/yadnya-kasada\/\" class=\"elementor-item\" tabindex=\"-1\">YADNYA KASADA<\/a><\/li>\n<\/ul>\t\t\t<\/nav>\n\t\t\t\t\t\t<\/div>\n\t\t\t\t<\/div>\n\t\t\t\t<\/div>\n\t\t<div class=\"elementor-element elementor-element-193381db e-con-full e-flex e-con e-child\" data-id=\"193381db\" data-element_type=\"container\">\n\t\t\t\t<div class=\"elementor-element elementor-element-31a3e287 elementor-align-center elementor-widget elementor-widget-button\" data-id=\"31a3e287\" data-element_type=\"widget\" data-widget_type=\"button.default\">\n\t\t\t\t<div class=\"elementor-widget-container\">\n\t\t\t\t\t\t\t\t\t<div class=\"elementor-button-wrapper\">\n\t\t\t\t\t<a class=\"elementor-button elementor-button-link elementor-size-sm\" href=\"https:\/\/tocdefusta.com\/es\/mapa\/\">\n\t\t\t\t\t\t<span class=\"elementor-button-content-wrapper\">\n\t\t\t\t\t\t\t\t\t<span class=\"elementor-button-text\">VOLVER AL MAPA<\/span>\n\t\t\t\t\t<\/span>\n\t\t\t\t\t<\/a>\n\t\t\t\t<\/div>\n\t\t\t\t\t\t\t\t<\/div>\n\t\t\t\t<\/div>\n\t\t\t\t<\/div>\n\t\t\t\t\t<\/div>\n\t\t\t\t<\/div>\n\t\t\t\t<\/div>\n\t\t","protected":false},"excerpt":{"rendered":"<p>Inglaterra Desde hace siglos, en la colina de Cooper\u2019s Hill (Gloucestershire), una rueda de queso Double Gloucester da inicio a una carrera cuesta abajo tan temeraria como celebrada. Cada a\u00f1o, la tradici\u00f3n sigue atrayendo a corredores y curiosos, transformando el vertiginoso descenso en una aut\u00e9ntica fiesta popular.Este juego convierte esa adrenalina en movimiento de madera [&hellip;]<\/p>\n","protected":false},"author":1,"featured_media":0,"parent":2532,"menu_order":0,"comment_status":"closed","ping_status":"closed","template":"elementor_header_footer","meta":{"footnotes":""},"class_list":["post-3346","page","type-page","status-publish","hentry"],"_links":{"self":[{"href":"https:\/\/tocdefusta.com\/es\/wp-json\/wp\/v2\/pages\/3346","targetHints":{"allow":["GET"]}}],"collection":[{"href":"https:\/\/tocdefusta.com\/es\/wp-json\/wp\/v2\/pages"}],"about":[{"href":"https:\/\/tocdefusta.com\/es\/wp-json\/wp\/v2\/types\/page"}],"author":[{"embeddable":true,"href":"https:\/\/tocdefusta.com\/es\/wp-json\/wp\/v2\/users\/1"}],"replies":[{"embeddable":true,"href":"https:\/\/tocdefusta.com\/es\/wp-json\/wp\/v2\/comments?post=3346"}],"version-history":[{"count":2,"href":"https:\/\/tocdefusta.com\/es\/wp-json\/wp\/v2\/pages\/3346\/revisions"}],"predecessor-version":[{"id":3348,"href":"https:\/\/tocdefusta.com\/es\/wp-json\/wp\/v2\/pages\/3346\/revisions\/3348"}],"up":[{"embeddable":true,"href":"https:\/\/tocdefusta.com\/es\/wp-json\/wp\/v2\/pages\/2532"}],"wp:attachment":[{"href":"https:\/\/tocdefusta.com\/es\/wp-json\/wp\/v2\/media?parent=3346"}],"curies":[{"name":"wp","href":"https:\/\/api.w.org\/{rel}","templated":true}]}}