{"id":3326,"date":"2025-07-28T12:25:25","date_gmt":"2025-07-28T10:25:25","guid":{"rendered":"https:\/\/tocdefusta.com\/mapa\/aizkolari\/"},"modified":"2025-07-28T12:25:29","modified_gmt":"2025-07-28T10:25:29","slug":"aizkolari","status":"publish","type":"page","link":"https:\/\/tocdefusta.com\/es\/mapa\/aizkolari\/","title":{"rendered":"AIZKOLARI"},"content":{"rendered":"\t\t<div data-elementor-type=\"wp-page\" data-elementor-id=\"3326\" class=\"elementor elementor-3326 elementor-2889\" data-elementor-post-type=\"page\">\n\t\t\t\t<div class=\"elementor-element elementor-element-19187ac6 e-flex e-con-boxed e-con e-parent\" data-id=\"19187ac6\" data-element_type=\"container\">\n\t\t\t\t\t<div class=\"e-con-inner\">\n\t\t<div class=\"elementor-element elementor-element-7ea56480 e-con-full e-flex e-con e-child\" data-id=\"7ea56480\" data-element_type=\"container\">\n\t\t\t\t<div class=\"elementor-element elementor-element-24e0f775 elementor-position-left elementor-vertical-align-top elementor-widget elementor-widget-image-box\" data-id=\"24e0f775\" data-element_type=\"widget\" data-widget_type=\"image-box.default\">\n\t\t\t\t<div class=\"elementor-widget-container\">\n\t\t\t\t\t<div class=\"elementor-image-box-wrapper\"><figure class=\"elementor-image-box-img\"><img fetchpriority=\"high\" decoding=\"async\" width=\"1024\" height=\"1536\" src=\"https:\/\/tocdefusta.com\/wp-content\/uploads\/2025\/05\/euskalherria.jpg\" class=\"attachment-full size-full wp-image-2892\" alt=\"\" srcset=\"https:\/\/tocdefusta.com\/wp-content\/uploads\/2025\/05\/euskalherria.jpg 1024w, https:\/\/tocdefusta.com\/wp-content\/uploads\/2025\/05\/euskalherria-200x300.jpg 200w, https:\/\/tocdefusta.com\/wp-content\/uploads\/2025\/05\/euskalherria-683x1024.jpg 683w, https:\/\/tocdefusta.com\/wp-content\/uploads\/2025\/05\/euskalherria-768x1152.jpg 768w\" sizes=\"(max-width: 1024px) 100vw, 1024px\" \/><\/figure><div class=\"elementor-image-box-content\"><p class=\"elementor-image-box-description\">Euskal Herria<\/p><\/div><\/div>\t\t\t\t<\/div>\n\t\t\t\t<\/div>\n\t\t\t\t<div class=\"elementor-element elementor-element-34919e93 elementor-widget elementor-widget-text-editor\" data-id=\"34919e93\" data-element_type=\"widget\" data-widget_type=\"text-editor.default\">\n\t\t\t\t<div class=\"elementor-widget-container\">\n\t\t\t\t\t\t\t\t\tEl deporte de los Aizkolari, donde participantes compiten cortando troncos con hachas, es una tradici\u00f3n que muestra la fuerza y resistencia de los cortadores de le\u00f1a, similar a las competiciones de le\u00f1adores de regiones como Norteam\u00e9rica, Australia, y otras pr\u00e1cticas globales que celebran las habilidades en el manejo de la madera. Inspir\u00e1ndonos en esta tradici\u00f3n, el juego propuesto permite a los jugadores guiar una pelota a trav\u00e9s de un enorme tronco mientras un aut\u00f3mata diminuto simula cortar la madera. \t\t\t\t\t\t\t\t<\/div>\n\t\t\t\t<\/div>\n\t\t\t\t<div class=\"elementor-element elementor-element-43d72325 elementor-widget elementor-widget-text-editor\" data-id=\"43d72325\" data-element_type=\"widget\" data-widget_type=\"text-editor.default\">\n\t\t\t\t<div class=\"elementor-widget-container\">\n\t\t\t\t\t\t\t\t\t<p>Los Aizkolari forman parte de una tradici\u00f3n que tiene sus ra\u00edces en la vida de los le\u00f1adores del Pa\u00eds Vasco. Esta pr\u00e1ctica, originada en las competiciones entre cortadores de le\u00f1a para demostrar habilidad y fuerza, permanece viva como un deporte rural de gran simbolismo cultural. Las pruebas consisten en cortar troncos de varios tama\u00f1os con hachas, destacando la precisi\u00f3n, la resistencia y la t\u00e9cnica de los participantes. Estas competiciones son un homenaje a la conexi\u00f3n del pueblo vasco con sus bosques y tradiciones ancestrales, al tiempo que muestran la evoluci\u00f3n de un trabajo duro hacia una celebraci\u00f3n de la destreza y el esfuerzo humano.   <\/p><p> <\/p><p>Las similitudes con las competiciones de cortadores de le\u00f1a de Norteam\u00e9rica o Australia son evidentes, ya que en muchos lugares del mundo estas actividades han evolucionado en eventos deportivos y culturales.  <\/p><p> <\/p><p>El juego propuesto reproduce esta tradici\u00f3n de forma l\u00fadica. Los participantes deben guiar una pelota a trav\u00e9s de un tronco utilizando un sistema de balanceo, mientras un peque\u00f1o aut\u00f3mata simula cortar la madera con un hacha. Este mecanismo interactivo refleja el esfuerzo de los Aizkolari y nos conecta con la artesan\u00eda y el simbolismo que representa el trabajo de la madera.    <\/p><p> <\/p><p>El juego no s\u00f3lo es un recordatorio de las ra\u00edces culturales del Pa\u00eds Vasco, sino tambi\u00e9n una invitaci\u00f3n a explorar c\u00f3mo las tradiciones laborales se convierten en s\u00edmbolos de identidad. El trabajo con la madera, presente en culturas de todo el mundo, simboliza la relaci\u00f3n del ser humano con la naturaleza, su capacidad para transformarla y los valores de resistencia y esfuerzo compartidos que han definido generaciones. <\/p>\t\t\t\t\t\t\t\t<\/div>\n\t\t\t\t<\/div>\n\t\t\t\t<\/div>\n\t\t<div class=\"elementor-element elementor-element-22233585 e-con-full e-flex e-con e-child\" data-id=\"22233585\" data-element_type=\"container\">\n\t\t\t\t<div class=\"elementor-element elementor-element-76f56ce0 elementor-widget elementor-widget-image\" data-id=\"76f56ce0\" data-element_type=\"widget\" data-widget_type=\"image.default\">\n\t\t\t\t<div class=\"elementor-widget-container\">\n\t\t\t\t\t\t\t\t\t\t\t\t\t\t\t<img decoding=\"async\" width=\"428\" height=\"250\" src=\"https:\/\/tocdefusta.com\/wp-content\/uploads\/2025\/05\/Captura-de-pantalla-2025-05-01-a-las-16.46.26.png\" class=\"attachment-full size-full wp-image-2899\" alt=\"\" srcset=\"https:\/\/tocdefusta.com\/wp-content\/uploads\/2025\/05\/Captura-de-pantalla-2025-05-01-a-las-16.46.26.png 428w, https:\/\/tocdefusta.com\/wp-content\/uploads\/2025\/05\/Captura-de-pantalla-2025-05-01-a-las-16.46.26-300x175.png 300w\" sizes=\"(max-width: 428px) 100vw, 428px\" \/>\t\t\t\t\t\t\t\t\t\t\t\t\t\t\t<\/div>\n\t\t\t\t<\/div>\n\t\t\t\t<div class=\"elementor-element elementor-element-5266ce24 elementor-widget elementor-widget-heading\" data-id=\"5266ce24\" data-element_type=\"widget\" data-widget_type=\"heading.default\">\n\t\t\t\t<div class=\"elementor-widget-container\">\n\t\t\t\t\t<h4 class=\"elementor-heading-title elementor-size-default\">M\u00e1s informaci\u00f3n<\/h4>\t\t\t\t<\/div>\n\t\t\t\t<\/div>\n\t\t\t\t<div class=\"elementor-element elementor-element-5455b008 elementor-align-left elementor-icon-list--layout-traditional elementor-list-item-link-full_width elementor-widget elementor-widget-icon-list\" data-id=\"5455b008\" data-element_type=\"widget\" data-widget_type=\"icon-list.default\">\n\t\t\t\t<div class=\"elementor-widget-container\">\n\t\t\t\t\t\t\t<ul class=\"elementor-icon-list-items\">\n\t\t\t\t\t\t\t<li class=\"elementor-icon-list-item\">\n\t\t\t\t\t\t\t\t\t\t\t<a href=\"https:\/\/www.euskadi.eus\/deporte-autoctono\/web01-a2kirola\/es\/deporte02_c.html\" target=\"_blank\">\n\n\t\t\t\t\t\t\t\t\t\t\t\t<span class=\"elementor-icon-list-icon\">\n\t\t\t\t\t\t\t<svg aria-hidden=\"true\" class=\"e-font-icon-svg e-fas-link\" viewBox=\"0 0 512 512\" xmlns=\"http:\/\/www.w3.org\/2000\/svg\"><path d=\"M326.612 185.391c59.747 59.809 58.927 155.698.36 214.59-.11.12-.24.25-.36.37l-67.2 67.2c-59.27 59.27-155.699 59.262-214.96 0-59.27-59.26-59.27-155.7 0-214.96l37.106-37.106c9.84-9.84 26.786-3.3 27.294 10.606.648 17.722 3.826 35.527 9.69 52.721 1.986 5.822.567 12.262-3.783 16.612l-13.087 13.087c-28.026 28.026-28.905 73.66-1.155 101.96 28.024 28.579 74.086 28.749 102.325.51l67.2-67.19c28.191-28.191 28.073-73.757 0-101.83-3.701-3.694-7.429-6.564-10.341-8.569a16.037 16.037 0 0 1-6.947-12.606c-.396-10.567 3.348-21.456 11.698-29.806l21.054-21.055c5.521-5.521 14.182-6.199 20.584-1.731a152.482 152.482 0 0 1 20.522 17.197zM467.547 44.449c-59.261-59.262-155.69-59.27-214.96 0l-67.2 67.2c-.12.12-.25.25-.36.37-58.566 58.892-59.387 154.781.36 214.59a152.454 152.454 0 0 0 20.521 17.196c6.402 4.468 15.064 3.789 20.584-1.731l21.054-21.055c8.35-8.35 12.094-19.239 11.698-29.806a16.037 16.037 0 0 0-6.947-12.606c-2.912-2.005-6.64-4.875-10.341-8.569-28.073-28.073-28.191-73.639 0-101.83l67.2-67.19c28.239-28.239 74.3-28.069 102.325.51 27.75 28.3 26.872 73.934-1.155 101.96l-13.087 13.087c-4.35 4.35-5.769 10.79-3.783 16.612 5.864 17.194 9.042 34.999 9.69 52.721.509 13.906 17.454 20.446 27.294 10.606l37.106-37.106c59.271-59.259 59.271-155.699.001-214.959z\"><\/path><\/svg>\t\t\t\t\t\t<\/span>\n\t\t\t\t\t\t\t\t\t\t<span class=\"elementor-icon-list-text\">https:\/\/www.euskadi.eus\/deporte-autoctono\/web01-a2kirola\/es\/deporte02_c.html<\/span>\n\t\t\t\t\t\t\t\t\t\t\t<\/a>\n\t\t\t\t\t\t\t\t\t<\/li>\n\t\t\t\t\t\t\t\t<li class=\"elementor-icon-list-item\">\n\t\t\t\t\t\t\t\t\t\t\t<a href=\"https:\/\/ca.wikipedia.org\/wiki\/Aizkolari\" target=\"_blank\">\n\n\t\t\t\t\t\t\t\t\t\t\t\t<span class=\"elementor-icon-list-icon\">\n\t\t\t\t\t\t\t<svg aria-hidden=\"true\" class=\"e-font-icon-svg e-fas-link\" viewBox=\"0 0 512 512\" xmlns=\"http:\/\/www.w3.org\/2000\/svg\"><path d=\"M326.612 185.391c59.747 59.809 58.927 155.698.36 214.59-.11.12-.24.25-.36.37l-67.2 67.2c-59.27 59.27-155.699 59.262-214.96 0-59.27-59.26-59.27-155.7 0-214.96l37.106-37.106c9.84-9.84 26.786-3.3 27.294 10.606.648 17.722 3.826 35.527 9.69 52.721 1.986 5.822.567 12.262-3.783 16.612l-13.087 13.087c-28.026 28.026-28.905 73.66-1.155 101.96 28.024 28.579 74.086 28.749 102.325.51l67.2-67.19c28.191-28.191 28.073-73.757 0-101.83-3.701-3.694-7.429-6.564-10.341-8.569a16.037 16.037 0 0 1-6.947-12.606c-.396-10.567 3.348-21.456 11.698-29.806l21.054-21.055c5.521-5.521 14.182-6.199 20.584-1.731a152.482 152.482 0 0 1 20.522 17.197zM467.547 44.449c-59.261-59.262-155.69-59.27-214.96 0l-67.2 67.2c-.12.12-.25.25-.36.37-58.566 58.892-59.387 154.781.36 214.59a152.454 152.454 0 0 0 20.521 17.196c6.402 4.468 15.064 3.789 20.584-1.731l21.054-21.055c8.35-8.35 12.094-19.239 11.698-29.806a16.037 16.037 0 0 0-6.947-12.606c-2.912-2.005-6.64-4.875-10.341-8.569-28.073-28.073-28.191-73.639 0-101.83l67.2-67.19c28.239-28.239 74.3-28.069 102.325.51 27.75 28.3 26.872 73.934-1.155 101.96l-13.087 13.087c-4.35 4.35-5.769 10.79-3.783 16.612 5.864 17.194 9.042 34.999 9.69 52.721.509 13.906 17.454 20.446 27.294 10.606l37.106-37.106c59.271-59.259 59.271-155.699.001-214.959z\"><\/path><\/svg>\t\t\t\t\t\t<\/span>\n\t\t\t\t\t\t\t\t\t\t<span class=\"elementor-icon-list-text\">https:\/\/ca.wikipedia.org\/wiki\/Aizkolari<\/span>\n\t\t\t\t\t\t\t\t\t\t\t<\/a>\n\t\t\t\t\t\t\t\t\t<\/li>\n\t\t\t\t\t\t<\/ul>\n\t\t\t\t\t\t<\/div>\n\t\t\t\t<\/div>\n\t\t\t\t<div class=\"elementor-element elementor-element-41a73b1 elementor-widget elementor-widget-gallery\" data-id=\"41a73b1\" data-element_type=\"widget\" data-settings=\"{&quot;columns&quot;:2,&quot;gap&quot;:{&quot;unit&quot;:&quot;px&quot;,&quot;size&quot;:0,&quot;sizes&quot;:[]},&quot;aspect_ratio&quot;:&quot;1:1&quot;,&quot;columns_mobile&quot;:2,&quot;gap_mobile&quot;:{&quot;unit&quot;:&quot;px&quot;,&quot;size&quot;:0,&quot;sizes&quot;:[]},&quot;gallery_layout&quot;:&quot;grid&quot;,&quot;columns_tablet&quot;:2,&quot;gap_tablet&quot;:{&quot;unit&quot;:&quot;px&quot;,&quot;size&quot;:10,&quot;sizes&quot;:[]},&quot;link_to&quot;:&quot;file&quot;,&quot;overlay_background&quot;:&quot;yes&quot;,&quot;content_hover_animation&quot;:&quot;fade-in&quot;}\" data-widget_type=\"gallery.default\">\n\t\t\t\t<div class=\"elementor-widget-container\">\n\t\t\t\t\t\t\t<div class=\"elementor-gallery__container\">\n\t\t\t\t\t\t\t<a class=\"e-gallery-item elementor-gallery-item elementor-animated-content\" href=\"https:\/\/tocdefusta.com\/wp-content\/uploads\/2025\/05\/euskalherria.gif\" data-elementor-open-lightbox=\"yes\" data-elementor-lightbox-slideshow=\"41a73b1\" data-e-action-hash=\"#elementor-action%3Aaction%3Dlightbox%26settings%3DeyJpZCI6MjkwMywidXJsIjoiaHR0cHM6XC9cL3RvY2RlZnVzdGEuY29tXC93cC1jb250ZW50XC91cGxvYWRzXC8yMDI1XC8wNVwvZXVza2FsaGVycmlhLmdpZiIsInNsaWRlc2hvdyI6IjQxYTczYjEifQ%3D%3D\">\n\t\t\t\t\t<div class=\"e-gallery-image elementor-gallery-item__image\" data-thumbnail=\"https:\/\/tocdefusta.com\/wp-content\/uploads\/2025\/05\/euskalherria.gif\" data-width=\"364\" data-height=\"297\" aria-label=\"\" role=\"img\" ><\/div>\n\t\t\t\t\t\t\t\t\t\t\t<div class=\"elementor-gallery-item__overlay\"><\/div>\n\t\t\t\t\t\t\t\t\t\t\t\t\t\t<\/a>\n\t\t\t\t\t\t\t<a class=\"e-gallery-item elementor-gallery-item elementor-animated-content\" href=\"https:\/\/tocdefusta.com\/wp-content\/uploads\/2025\/05\/PXL_20240907_101135688-scaled.jpg\" data-elementor-open-lightbox=\"yes\" data-elementor-lightbox-slideshow=\"41a73b1\" data-e-action-hash=\"#elementor-action%3Aaction%3Dlightbox%26settings%3DeyJpZCI6MjkwNywidXJsIjoiaHR0cHM6XC9cL3RvY2RlZnVzdGEuY29tXC93cC1jb250ZW50XC91cGxvYWRzXC8yMDI1XC8wNVwvUFhMXzIwMjQwOTA3XzEwMTEzNTY4OC1zY2FsZWQuanBnIiwic2xpZGVzaG93IjoiNDFhNzNiMSJ9\">\n\t\t\t\t\t<div class=\"e-gallery-image elementor-gallery-item__image\" data-thumbnail=\"https:\/\/tocdefusta.com\/wp-content\/uploads\/2025\/05\/PXL_20240907_101135688-scaled.jpg\" data-width=\"1440\" data-height=\"2560\" aria-label=\"\" role=\"img\" ><\/div>\n\t\t\t\t\t\t\t\t\t\t\t<div class=\"elementor-gallery-item__overlay\"><\/div>\n\t\t\t\t\t\t\t\t\t\t\t\t\t\t<\/a>\n\t\t\t\t\t<\/div>\n\t\t\t\t\t<\/div>\n\t\t\t\t<\/div>\n\t\t\t\t<\/div>\n\t\t\t\t\t<\/div>\n\t\t\t\t<\/div>\n\t\t<div class=\"elementor-element elementor-element-29f30418 e-flex e-con-boxed e-con e-parent\" data-id=\"29f30418\" data-element_type=\"container\">\n\t\t\t\t\t<div class=\"e-con-inner\">\n\t\t<div class=\"elementor-element elementor-element-5595f461 e-con-full e-flex e-con e-child\" data-id=\"5595f461\" data-element_type=\"container\">\n\t\t\t\t<div class=\"elementor-element elementor-element-4c8345ca elementor-nav-menu--dropdown-none elementor-widget elementor-widget-nav-menu\" data-id=\"4c8345ca\" data-element_type=\"widget\" data-settings=\"{&quot;layout&quot;:&quot;horizontal&quot;,&quot;submenu_icon&quot;:{&quot;value&quot;:&quot;&lt;svg class=\\&quot;e-font-icon-svg e-fas-caret-down\\&quot; viewBox=\\&quot;0 0 320 512\\&quot; xmlns=\\&quot;http:\\\/\\\/www.w3.org\\\/2000\\\/svg\\&quot;&gt;&lt;path d=\\&quot;M31.3 192h257.3c17.8 0 26.7 21.5 14.1 34.1L174.1 354.8c-7.8 7.8-20.5 7.8-28.3 0L17.2 226.1C4.6 213.5 13.5 192 31.3 192z\\&quot;&gt;&lt;\\\/path&gt;&lt;\\\/svg&gt;&quot;,&quot;library&quot;:&quot;fa-solid&quot;}}\" data-widget_type=\"nav-menu.default\">\n\t\t\t\t<div class=\"elementor-widget-container\">\n\t\t\t\t\t\t\t\t<nav aria-label=\"Menu\" class=\"elementor-nav-menu--main elementor-nav-menu__container elementor-nav-menu--layout-horizontal e--pointer-text e--animation-none\">\n\t\t\t\t<ul id=\"menu-1-4c8345ca\" class=\"elementor-nav-menu\"><li class=\"menu-item menu-item-type-post_type menu-item-object-page menu-item-2651\"><a href=\"https:\/\/tocdefusta.com\/mapa\/los-voladores\/\" class=\"elementor-item\">LOS VOLADORES<\/a><\/li>\n<li class=\"menu-item menu-item-type-post_type menu-item-object-page menu-item-2652\"><a href=\"https:\/\/tocdefusta.com\/mapa\/nenana\/\" class=\"elementor-item\">NENANA<\/a><\/li>\n<li class=\"menu-item menu-item-type-post_type menu-item-object-page menu-item-2743\"><a href=\"https:\/\/tocdefusta.com\/mapa\/boyeros\/\" class=\"elementor-item\">BOYEROS<\/a><\/li>\n<li class=\"menu-item menu-item-type-post_type menu-item-object-page menu-item-2840\"><a href=\"https:\/\/tocdefusta.com\/mapa\/carreiros-do-monte\/\" class=\"elementor-item\">CARRINHOS DO CESTO<\/a><\/li>\n<li class=\"menu-item menu-item-type-post_type menu-item-object-page menu-item-2841\"><a href=\"https:\/\/tocdefusta.com\/mapa\/te-aito\/\" class=\"elementor-item\">TE AITO<\/a><\/li>\n<li class=\"menu-item menu-item-type-post_type menu-item-object-page menu-item-2842\"><a href=\"https:\/\/tocdefusta.com\/mapa\/la-diablada\/\" class=\"elementor-item\">LA DIABLADA<\/a><\/li>\n<li class=\"menu-item menu-item-type-post_type menu-item-object-page menu-item-3209\"><a href=\"https:\/\/tocdefusta.com\/mapa\/mascares-africanes\/\" class=\"elementor-item\">M\u00c1SCARAS AFRICANAS<\/a><\/li>\n<li class=\"menu-item menu-item-type-post_type menu-item-object-page menu-item-3210\"><a href=\"https:\/\/tocdefusta.com\/mapa\/castellers\/\" class=\"elementor-item\">CASTELLERS<\/a><\/li>\n<li class=\"menu-item menu-item-type-post_type menu-item-object-page menu-item-3211\"><a href=\"https:\/\/tocdefusta.com\/mapa\/onbashira\/\" class=\"elementor-item\">ONBASHIRA<\/a><\/li>\n<li class=\"menu-item menu-item-type-post_type menu-item-object-page menu-item-3212\"><a href=\"https:\/\/tocdefusta.com\/mapa\/mallakhamba\/\" class=\"elementor-item\">MALLAKHAMBA<\/a><\/li>\n<li class=\"menu-item menu-item-type-post_type menu-item-object-page menu-item-3213\"><a href=\"https:\/\/tocdefusta.com\/mapa\/la-martenitsa\/\" class=\"elementor-item\">LA MARTENITSA<\/a><\/li>\n<li class=\"menu-item menu-item-type-post_type menu-item-object-page menu-item-3214\"><a href=\"https:\/\/tocdefusta.com\/mapa\/rouketopolemos\/\" class=\"elementor-item\">ROUKETOPOLEMOS<\/a><\/li>\n<li class=\"menu-item menu-item-type-post_type menu-item-object-page menu-item-3215\"><a href=\"https:\/\/tocdefusta.com\/mapa\/ligo\/\" class=\"elementor-item\">LIGO<\/a><\/li>\n<li class=\"menu-item menu-item-type-post_type menu-item-object-page menu-item-3216\"><a href=\"https:\/\/tocdefusta.com\/mapa\/flierljeppen\/\" class=\"elementor-item\">FLIERLJEPPEN<\/a><\/li>\n<li class=\"menu-item menu-item-type-post_type menu-item-object-page menu-item-3217\"><a href=\"https:\/\/tocdefusta.com\/mapa\/coopers-hill-cheese-rolling\/\" class=\"elementor-item\">COOPER&#8217;S HILL CHEESE-ROLLING<\/a><\/li>\n<li class=\"menu-item menu-item-type-post_type menu-item-object-page menu-item-3218\"><a href=\"https:\/\/tocdefusta.com\/mapa\/aizkolari\/\" class=\"elementor-item\">AIZKOLARI<\/a><\/li>\n<li class=\"menu-item menu-item-type-post_type menu-item-object-page menu-item-3219\"><a href=\"https:\/\/tocdefusta.com\/mapa\/as-maias\/\" class=\"elementor-item\">AS MAYAS<\/a><\/li>\n<li class=\"menu-item menu-item-type-post_type menu-item-object-page menu-item-3310\"><a href=\"https:\/\/tocdefusta.com\/mapa\/qamariyya\/\" class=\"elementor-item\">QAMARIYYA<\/a><\/li>\n<li class=\"menu-item menu-item-type-post_type menu-item-object-page menu-item-3311\"><a href=\"https:\/\/tocdefusta.com\/mapa\/yadnya-kasada\/\" class=\"elementor-item\">YADNYA KASADA<\/a><\/li>\n<\/ul>\t\t\t<\/nav>\n\t\t\t\t\t\t<nav class=\"elementor-nav-menu--dropdown elementor-nav-menu__container\" aria-hidden=\"true\">\n\t\t\t\t<ul id=\"menu-2-4c8345ca\" class=\"elementor-nav-menu\"><li class=\"menu-item menu-item-type-post_type menu-item-object-page menu-item-2651\"><a href=\"https:\/\/tocdefusta.com\/mapa\/los-voladores\/\" class=\"elementor-item\" tabindex=\"-1\">LOS VOLADORES<\/a><\/li>\n<li class=\"menu-item menu-item-type-post_type menu-item-object-page menu-item-2652\"><a href=\"https:\/\/tocdefusta.com\/mapa\/nenana\/\" class=\"elementor-item\" tabindex=\"-1\">NENANA<\/a><\/li>\n<li class=\"menu-item menu-item-type-post_type menu-item-object-page menu-item-2743\"><a href=\"https:\/\/tocdefusta.com\/mapa\/boyeros\/\" class=\"elementor-item\" tabindex=\"-1\">BOYEROS<\/a><\/li>\n<li class=\"menu-item menu-item-type-post_type menu-item-object-page menu-item-2840\"><a href=\"https:\/\/tocdefusta.com\/mapa\/carreiros-do-monte\/\" class=\"elementor-item\" tabindex=\"-1\">CARRINHOS DO CESTO<\/a><\/li>\n<li class=\"menu-item menu-item-type-post_type menu-item-object-page menu-item-2841\"><a href=\"https:\/\/tocdefusta.com\/mapa\/te-aito\/\" class=\"elementor-item\" tabindex=\"-1\">TE AITO<\/a><\/li>\n<li class=\"menu-item menu-item-type-post_type menu-item-object-page menu-item-2842\"><a href=\"https:\/\/tocdefusta.com\/mapa\/la-diablada\/\" class=\"elementor-item\" tabindex=\"-1\">LA DIABLADA<\/a><\/li>\n<li class=\"menu-item menu-item-type-post_type menu-item-object-page menu-item-3209\"><a href=\"https:\/\/tocdefusta.com\/mapa\/mascares-africanes\/\" class=\"elementor-item\" tabindex=\"-1\">M\u00c1SCARAS AFRICANAS<\/a><\/li>\n<li class=\"menu-item menu-item-type-post_type menu-item-object-page menu-item-3210\"><a href=\"https:\/\/tocdefusta.com\/mapa\/castellers\/\" class=\"elementor-item\" tabindex=\"-1\">CASTELLERS<\/a><\/li>\n<li class=\"menu-item menu-item-type-post_type menu-item-object-page menu-item-3211\"><a href=\"https:\/\/tocdefusta.com\/mapa\/onbashira\/\" class=\"elementor-item\" tabindex=\"-1\">ONBASHIRA<\/a><\/li>\n<li class=\"menu-item menu-item-type-post_type menu-item-object-page menu-item-3212\"><a href=\"https:\/\/tocdefusta.com\/mapa\/mallakhamba\/\" class=\"elementor-item\" tabindex=\"-1\">MALLAKHAMBA<\/a><\/li>\n<li class=\"menu-item menu-item-type-post_type menu-item-object-page menu-item-3213\"><a href=\"https:\/\/tocdefusta.com\/mapa\/la-martenitsa\/\" class=\"elementor-item\" tabindex=\"-1\">LA MARTENITSA<\/a><\/li>\n<li class=\"menu-item menu-item-type-post_type menu-item-object-page menu-item-3214\"><a href=\"https:\/\/tocdefusta.com\/mapa\/rouketopolemos\/\" class=\"elementor-item\" tabindex=\"-1\">ROUKETOPOLEMOS<\/a><\/li>\n<li class=\"menu-item menu-item-type-post_type menu-item-object-page menu-item-3215\"><a href=\"https:\/\/tocdefusta.com\/mapa\/ligo\/\" class=\"elementor-item\" tabindex=\"-1\">LIGO<\/a><\/li>\n<li class=\"menu-item menu-item-type-post_type menu-item-object-page menu-item-3216\"><a href=\"https:\/\/tocdefusta.com\/mapa\/flierljeppen\/\" class=\"elementor-item\" tabindex=\"-1\">FLIERLJEPPEN<\/a><\/li>\n<li class=\"menu-item menu-item-type-post_type menu-item-object-page menu-item-3217\"><a href=\"https:\/\/tocdefusta.com\/mapa\/coopers-hill-cheese-rolling\/\" class=\"elementor-item\" tabindex=\"-1\">COOPER&#8217;S HILL CHEESE-ROLLING<\/a><\/li>\n<li class=\"menu-item menu-item-type-post_type menu-item-object-page menu-item-3218\"><a href=\"https:\/\/tocdefusta.com\/mapa\/aizkolari\/\" class=\"elementor-item\" tabindex=\"-1\">AIZKOLARI<\/a><\/li>\n<li class=\"menu-item menu-item-type-post_type menu-item-object-page menu-item-3219\"><a href=\"https:\/\/tocdefusta.com\/mapa\/as-maias\/\" class=\"elementor-item\" tabindex=\"-1\">AS MAYAS<\/a><\/li>\n<li class=\"menu-item menu-item-type-post_type menu-item-object-page menu-item-3310\"><a href=\"https:\/\/tocdefusta.com\/mapa\/qamariyya\/\" class=\"elementor-item\" tabindex=\"-1\">QAMARIYYA<\/a><\/li>\n<li class=\"menu-item menu-item-type-post_type menu-item-object-page menu-item-3311\"><a href=\"https:\/\/tocdefusta.com\/mapa\/yadnya-kasada\/\" class=\"elementor-item\" tabindex=\"-1\">YADNYA KASADA<\/a><\/li>\n<\/ul>\t\t\t<\/nav>\n\t\t\t\t\t\t<\/div>\n\t\t\t\t<\/div>\n\t\t\t\t<\/div>\n\t\t<div class=\"elementor-element elementor-element-20d269d e-con-full e-flex e-con e-child\" data-id=\"20d269d\" data-element_type=\"container\">\n\t\t\t\t<div class=\"elementor-element elementor-element-12f99237 elementor-align-center elementor-widget elementor-widget-button\" data-id=\"12f99237\" data-element_type=\"widget\" data-widget_type=\"button.default\">\n\t\t\t\t<div class=\"elementor-widget-container\">\n\t\t\t\t\t\t\t\t\t<div class=\"elementor-button-wrapper\">\n\t\t\t\t\t<a class=\"elementor-button elementor-button-link elementor-size-sm\" href=\"https:\/\/tocdefusta.com\/es\/mapa\/\">\n\t\t\t\t\t\t<span class=\"elementor-button-content-wrapper\">\n\t\t\t\t\t\t\t\t\t<span class=\"elementor-button-text\">VOLVER AL MAPA<\/span>\n\t\t\t\t\t<\/span>\n\t\t\t\t\t<\/a>\n\t\t\t\t<\/div>\n\t\t\t\t\t\t\t\t<\/div>\n\t\t\t\t<\/div>\n\t\t\t\t<\/div>\n\t\t\t\t\t<\/div>\n\t\t\t\t<\/div>\n\t\t\t\t<\/div>\n\t\t","protected":false},"excerpt":{"rendered":"<p>Euskal Herria El deporte de los Aizkolari, donde participantes compiten cortando troncos con hachas, es una tradici\u00f3n que muestra la fuerza y resistencia de los cortadores de le\u00f1a, similar a las competiciones de le\u00f1adores de regiones como Norteam\u00e9rica, Australia, y otras pr\u00e1cticas globales que celebran las habilidades en el manejo de la madera. Inspir\u00e1ndonos en [&hellip;]<\/p>\n","protected":false},"author":1,"featured_media":0,"parent":2532,"menu_order":0,"comment_status":"closed","ping_status":"closed","template":"elementor_header_footer","meta":{"footnotes":""},"class_list":["post-3326","page","type-page","status-publish","hentry"],"_links":{"self":[{"href":"https:\/\/tocdefusta.com\/es\/wp-json\/wp\/v2\/pages\/3326","targetHints":{"allow":["GET"]}}],"collection":[{"href":"https:\/\/tocdefusta.com\/es\/wp-json\/wp\/v2\/pages"}],"about":[{"href":"https:\/\/tocdefusta.com\/es\/wp-json\/wp\/v2\/types\/page"}],"author":[{"embeddable":true,"href":"https:\/\/tocdefusta.com\/es\/wp-json\/wp\/v2\/users\/1"}],"replies":[{"embeddable":true,"href":"https:\/\/tocdefusta.com\/es\/wp-json\/wp\/v2\/comments?post=3326"}],"version-history":[{"count":2,"href":"https:\/\/tocdefusta.com\/es\/wp-json\/wp\/v2\/pages\/3326\/revisions"}],"predecessor-version":[{"id":3328,"href":"https:\/\/tocdefusta.com\/es\/wp-json\/wp\/v2\/pages\/3326\/revisions\/3328"}],"up":[{"embeddable":true,"href":"https:\/\/tocdefusta.com\/es\/wp-json\/wp\/v2\/pages\/2532"}],"wp:attachment":[{"href":"https:\/\/tocdefusta.com\/es\/wp-json\/wp\/v2\/media?parent=3326"}],"curies":[{"name":"wp","href":"https:\/\/api.w.org\/{rel}","templated":true}]}}