{"id":1399,"date":"2024-08-29T12:35:48","date_gmt":"2024-08-29T10:35:48","guid":{"rendered":"https:\/\/tocdefusta.com\/politica-de-privacidad\/"},"modified":"2024-08-29T12:35:48","modified_gmt":"2024-08-29T10:35:48","slug":"politica-de-privacidad","status":"publish","type":"page","link":"https:\/\/tocdefusta.com\/es\/politica-de-privacidad\/","title":{"rendered":"Pol\u00edtica de privacidad"},"content":{"rendered":"\t\t<div data-elementor-type=\"wp-post\" data-elementor-id=\"1399\" class=\"elementor elementor-1399 elementor-168\" data-elementor-post-type=\"page\">\n\t\t\t\t\t\t<section class=\"elementor-section elementor-top-section elementor-element elementor-element-5656332f elementor-section-boxed elementor-section-height-default elementor-section-height-default\" data-id=\"5656332f\" data-element_type=\"section\">\n\t\t\t\t\t\t<div class=\"elementor-container elementor-column-gap-default\">\n\t\t\t\t\t<div class=\"elementor-column elementor-col-100 elementor-top-column elementor-element elementor-element-4d441e5d\" data-id=\"4d441e5d\" data-element_type=\"column\">\n\t\t\t<div class=\"elementor-widget-wrap elementor-element-populated\">\n\t\t\t\t\t\t<div class=\"elementor-element elementor-element-753bc6ce elementor-widget elementor-widget-heading\" data-id=\"753bc6ce\" data-element_type=\"widget\" data-widget_type=\"heading.default\">\n\t\t\t\t<div class=\"elementor-widget-container\">\n\t\t\t\t\t<h2 class=\"elementor-heading-title elementor-size-default\">Pol\u00edtica de privacidad<\/h2>\t\t\t\t<\/div>\n\t\t\t\t<\/div>\n\t\t\t\t<div class=\"elementor-element elementor-element-8124205 elementor-widget elementor-widget-text-editor\" data-id=\"8124205\" data-element_type=\"widget\" data-widget_type=\"text-editor.default\">\n\t\t\t\t<div class=\"elementor-widget-container\">\n\t\t\t\t\t\t\t\t\t<p>En cumplimiento del Reglamento (UE) 2016\/679 del Parlamento Europeo y del Consejo, de 27 de abril de 2016, relativo a la protecci\u00f3n de las personas f\u00edsicas en lo que se refiere al tratamiento de datos personales ya la libre circulaci\u00f3n de estos datos y por el que se deroga la Directiva 95\/46\/CE (en adelante, RGPD), Toc de Fusta, con NIF: 0000000, informa al Usuario que es titular de un fichero de datos de car\u00e1cter personal inscrito ante el R.G.P.D. (Registro General de Protecci\u00f3n de Datos), en los que sus datos quedan incorporados y son tratados con el fin de prestarle los servicios solicitados y enviarle la informaci\u00f3n sobre nuestra empresa que pueda ser de su inter\u00e9s.<\/p>\n<p><\/p>\n<p>Els usuaris, mitjan\u00e7ant la marcaci\u00f3 de la casella, accepten expressament i de forma lliure i inequ\u00edvoca que les seves dades personals siguin tractats per part del Prestador per a realitzar les seg\u00fcents finalitats:<\/p>\n<ul>\n<li>Remitir el bolet\u00edn de noticias de la p\u00e1gina web.<\/li>\n<li>Tramitar encargos, solicitudes o cualquier tipo de petici\u00f3n que sea realizada por el usuario a trav\u00e9s de cualquiera de las formas de contacto que se ponen a su disposici\u00f3n en el Sitio Web.\n<p><\/li>\n<li>Remisi\u00f3n de comunicaciones comerciales publicitarias por email relacionadas sobre productos o servicios ofrecidos por el Prestador, as\u00ed como por parte de los colaboradores o partners con los que \u00e9ste hubiera alcanzado alg\u00fan acuerdo de promoci\u00f3n comercial entre sus clientes. En ese caso, los terceros nunca tendr\u00e1n acceso a los datos personales. En todo caso las comunicaciones comerciales ser\u00e1n realizadas por parte del Prestador y ser\u00e1n productos y servicios relacionados con el sector del Prestador.\n<p>  <\/li>\n<li>Realizar estudios estad\u00edsticos.<\/li>\n<\/ul>\n<p>Los datos que se solicitan a trav\u00e9s del sitio web son obligatorios, puesto que son necesarios para la prestaci\u00f3n de un servicio \u00f3ptimo al usuario. En caso de que no sean facilitados todos los datos, el prestamista no garantiza que la informaci\u00f3n y servicios facilitados sean completamente ajustados a sus necesidades.<\/p>\n<p> <\/p>\n<p>El usuario es el \u00fanico responsable de la veracidad y correcci\u00f3n de los datos que remita al prestamista, exonerando al mismo de cualquier responsabilidad al respecto. Los usuarios garantizan y responden, en cualquier caso, de la exactitud, vigencia y autenticidad de los datos personales facilitados, comprometi\u00e9ndose a mantenerlos debidamente actualizados. El usuario acepta proporcionar informaci\u00f3n completa y correcta en el formulario de contacto o suscripci\u00f3n.<\/p>\n<p>  <\/p>\n<p>usuario podr\u00e1 dirigir sus comunicaciones y ejercitar los derechos de acceso, rectificaci\u00f3n, cancelaci\u00f3n y oposici\u00f3n a trav\u00e9s de correo postal a <span style=\"color: #222222; font-family: Raleway, sans-serif; font-size: 17px; font-style: normal; font-variant-ligatures: normal; font-variant-caps: normal; font-weight: 400; letter-spacing: normal; orphans: 2; text-align: left; text-indent: 0px; text-transform: none; white-space: normal; widows: 2; word-spacing: 0px; -webkit-text-stroke-width: 0px; background-color: #ffffff; text-decoration-style: initial; text-decoration-color: initial; display: inline !important; float: none;\">Cami Marulls s\/n <\/span><span style=\"color: #222222; font-family: Raleway, sans-serif; font-size: 17px; font-style: normal; font-variant-ligatures: normal; font-variant-caps: normal; font-weight: 400; letter-spacing: normal; orphans: 2; text-align: left; text-indent: 0px; text-transform: none; white-space: normal; widows: 2; word-spacing: 0px; -webkit-text-stroke-width: 0px; background-color: #ffffff; text-decoration-style: initial; text-decoration-color: initial; display: inline !important; float: none;\">25612 \u2013 Les Avellanes<\/span>, o en el correo electr\u00f3nico: info@tocdefusta.com junto con prueba v\u00e1lida en derecho, como fotocopia del D.N.I. o equivalente, indicando en el asunto \u201cProtecci\u00f3n de Datos\u201d.<\/p>\n<p><\/p>\n<p>De igual modo, el usuario podr\u00e1 darse de baja de cualquiera de los servicios de suscripci\u00f3n facilitados haciendo clic en el apartado de darse de baja de todos los correos electr\u00f3nicos remitidos por parte del prestamista. Si recibe los citados correos electr\u00f3nicos es que ha dado su autorizaci\u00f3n previa, ya que el prestamista no realiza pr\u00e1cticas de SPAM.<\/p>\n<p> <\/p>\n<p>El prestamista ha adoptado todas las medidas t\u00e9cnicas y de organizaci\u00f3n necesarias para garantizar la seguridad e integridad de los datos de car\u00e1cter personal que trate, as\u00ed como para evitar su p\u00e9rdida, alteraci\u00f3n y\/o acceso por parte de terceros no autorizados.<\/p>\n<p><\/p>\n<p>El prestamista se reserva el derecho a modificar la presente pol\u00edtica para adaptarla a novedades legislativas o jurisprudenciales as\u00ed como a pr\u00e1cticas de la industria. En estos supuestos, el Prestador anunciar\u00e1 en esta p\u00e1gina los cambios introducidos con razonable antelaci\u00f3n a su puesta en pr\u00e1ctica.<\/p>\n<p> <\/p>\n\t\t\t\t\t\t\t\t<\/div>\n\t\t\t\t<\/div>\n\t\t\t\t\t<\/div>\n\t\t<\/div>\n\t\t\t\t\t<\/div>\n\t\t<\/section>\n\t\t\t\t<\/div>\n\t\t","protected":false},"excerpt":{"rendered":"<p>Pol\u00edtica de privacidad En cumplimiento del Reglamento (UE) 2016\/679 del Parlamento Europeo y del Consejo, de 27 de abril de 2016, relativo a la protecci\u00f3n de las personas f\u00edsicas en lo que se refiere al tratamiento de datos personales ya la libre circulaci\u00f3n de estos datos y por el que se deroga la Directiva 95\/46\/CE [&hellip;]<\/p>\n","protected":false},"author":1,"featured_media":0,"parent":0,"menu_order":0,"comment_status":"closed","ping_status":"closed","template":"elementor_header_footer","meta":{"footnotes":""},"class_list":["post-1399","page","type-page","status-publish","hentry"],"_links":{"self":[{"href":"https:\/\/tocdefusta.com\/es\/wp-json\/wp\/v2\/pages\/1399","targetHints":{"allow":["GET"]}}],"collection":[{"href":"https:\/\/tocdefusta.com\/es\/wp-json\/wp\/v2\/pages"}],"about":[{"href":"https:\/\/tocdefusta.com\/es\/wp-json\/wp\/v2\/types\/page"}],"author":[{"embeddable":true,"href":"https:\/\/tocdefusta.com\/es\/wp-json\/wp\/v2\/users\/1"}],"replies":[{"embeddable":true,"href":"https:\/\/tocdefusta.com\/es\/wp-json\/wp\/v2\/comments?post=1399"}],"version-history":[{"count":1,"href":"https:\/\/tocdefusta.com\/es\/wp-json\/wp\/v2\/pages\/1399\/revisions"}],"predecessor-version":[{"id":1400,"href":"https:\/\/tocdefusta.com\/es\/wp-json\/wp\/v2\/pages\/1399\/revisions\/1400"}],"wp:attachment":[{"href":"https:\/\/tocdefusta.com\/es\/wp-json\/wp\/v2\/media?parent=1399"}],"curies":[{"name":"wp","href":"https:\/\/api.w.org\/{rel}","templated":true}]}}