{"id":1397,"date":"2024-08-29T12:34:18","date_gmt":"2024-08-29T10:34:18","guid":{"rendered":"https:\/\/tocdefusta.com\/politica-de-cookies\/"},"modified":"2024-08-29T12:34:18","modified_gmt":"2024-08-29T10:34:18","slug":"politica-de-cookies","status":"publish","type":"page","link":"https:\/\/tocdefusta.com\/es\/politica-de-cookies\/","title":{"rendered":"Pol\u00edtica de cookies"},"content":{"rendered":"\t\t<div data-elementor-type=\"wp-post\" data-elementor-id=\"1397\" class=\"elementor elementor-1397 elementor-172\" data-elementor-post-type=\"page\">\n\t\t\t\t\t\t<section class=\"elementor-section elementor-top-section elementor-element elementor-element-3a0ec13d elementor-section-boxed elementor-section-height-default elementor-section-height-default\" data-id=\"3a0ec13d\" data-element_type=\"section\">\n\t\t\t\t\t\t<div class=\"elementor-container elementor-column-gap-default\">\n\t\t\t\t\t<div class=\"elementor-column elementor-col-100 elementor-top-column elementor-element elementor-element-6b30a191\" data-id=\"6b30a191\" data-element_type=\"column\">\n\t\t\t<div class=\"elementor-widget-wrap elementor-element-populated\">\n\t\t\t\t\t\t<div class=\"elementor-element elementor-element-7eba8368 elementor-widget elementor-widget-heading\" data-id=\"7eba8368\" data-element_type=\"widget\" data-widget_type=\"heading.default\">\n\t\t\t\t<div class=\"elementor-widget-container\">\n\t\t\t\t\t<h2 class=\"elementor-heading-title elementor-size-default\">Pol\u00edtica de cookies<\/h2>\t\t\t\t<\/div>\n\t\t\t\t<\/div>\n\t\t\t\t<div class=\"elementor-element elementor-element-5c111202 elementor-widget elementor-widget-text-editor\" data-id=\"5c111202\" data-element_type=\"widget\" data-widget_type=\"text-editor.default\">\n\t\t\t\t<div class=\"elementor-widget-container\">\n\t\t\t\t\t\t\t\t\t<p><b>\u00bfQu\u00e9 son las cookies?<\/b><\/p>\n<p>Cookie es un archivo que se descarga en su ordenador al acceder a determinadas p\u00e1ginas web. Las cookies permiten a una p\u00e1gina web, entre otras cosas, almacenar y recuperar informaci\u00f3n sobre los h\u00e1bitos de navegaci\u00f3n de un usuario o de su equipo y, dependiendo de la informaci\u00f3n que contengan y de la forma en que utilice su equipo, pueden utilizar cese para reconocer al usuario.<\/p>\n<p> <\/p>\n<p>El navegador del usuario memoriza cookies en el disco duro solo durante la sesi\u00f3n actual ocupando un espacio de memoria m\u00ednimo y no perjudicando al ordenador. Las cookies no contienen ninguna clase de informaci\u00f3n personal espec\u00edfica, y la mayor\u00eda de las mismas se borran del disco duro al finalizar la sesi\u00f3n de navegador (las denominadas cookies de sesi\u00f3n).<\/p>\n<p> <\/p>\n<p>La mayor\u00eda de los navegadores aceptan como est\u00e1ndar a las cookies y, con independencia de \u00e9stas, permiten o impiden en los ajustes de seguridad las cookies temporales o memorizadas.<\/p>\n<p><\/p>\n<p>Sin su expreso consentimiento \u2013mediante la activaci\u00f3n de las cookies en su navegador\u2013 Toc de Fusta no enlazar\u00e1 en las cookies los datos memorizados con sus datos personales proporcionados en el momento del registro o la compra.<\/p>\n<p><\/p>\n<p><b>\u00bfQu\u00e9 tipos de cookies utiliza esta p\u00e1gina web?<\/b><\/p>\n<p>&#8211; Cookies t\u00e9cnicas: Son aquellas que permiten al usuario la navegaci\u00f3n a trav\u00e9s de una p\u00e1gina web, plataforma o aplicaci\u00f3n y la utilizaci\u00f3n de las diferentes opciones o servicios que en ella existan como, por ejemplo, controlar el tr\u00e1fico y la comunicaci\u00f3n de datos, identificar la sesi\u00f3n, acceder a partes de acceso restringido, recordar los elementos que integran un pedido, realizar el proceso de compra de un pedido, realizar la solicitud de inscripci\u00f3n o participaci\u00f3n en un evento, utilizar elementos de seguridad durante la navegaci\u00f3n, almacenar contenidos para la difusi\u00f3n de v\u00eddeos o sonido o compartir contenidos a trav\u00e9s de redes sociales.<\/p>\n<p><\/p>\n<p>&#8211; Cookies de personalizaci\u00f3n: Son aquellas que permiten al usuario acceder al servicio con algunas caracter\u00edsticas de car\u00e1cter general predefinidas en funci\u00f3n de una serie de criterios en el terminal del usuario como por ejemplo ser\u00edan el idioma, el tipo de navegador a trav\u00e9s del cual accede al servicio, la configuraci\u00f3n regional desde la que accede al servicio, etc.<\/p>\n<p><\/p>\n<p>&#8211; Cookies de an\u00e1lisis: Son aquellas que bien tratadas por nosotros o por terceros, nos permiten cuantificar el n\u00famero de usuarios y as\u00ed realizar la medici\u00f3n y an\u00e1lisis estad\u00edstico de la utilizaci\u00f3n que realizan los usuarios del servicio ofrecido. Para ello se analiza su navegaci\u00f3n en nuestra p\u00e1gina web con el fin de mejorar la oferta de productos o servicios que le ofrecemos.<\/p>\n<p> <\/p>\n<p>&#8211; Cookies publicitarias: Son aquellas que, bien tratadas por nosotros o por terceros, nos permiten gestionar de la forma m\u00e1s eficaz posible la oferta de los espacios publicitarios que existen en la p\u00e1gina web, adecuando el contenido del anuncio al contenido del servicio solicitado o al uso que realice de nuestra p\u00e1gina web. Para ello, podemos analizar sus h\u00e1bitos de navegaci\u00f3n en Internet y podemos mostrarle publicidad relacionada con su perfil de navegaci\u00f3n.<\/p>\n<p> <\/p>\n<p>&#8211; Cookies de publicidad comportamental: Son aquellas que permiten la gesti\u00f3n, de la forma m\u00e1s eficaz posible, de los espacios publicitarios que, en su caso, el editor haya incluido en una p\u00e1gina web, aplicaci\u00f3n o plataforma desde la que presta el servicio solo. licidad. Estas cookies almacenan informaci\u00f3n del comportamiento de los usuarios obtenida a trav\u00e9s de la continua observaci\u00f3n de sus h\u00e1bitos de navegaci\u00f3n, lo que permite desarrollar un perfil espec\u00edfico para mostrar publicidad en funci\u00f3n del mismo.<\/p>\n<p> <\/p>\n<p>Cookies de terceros: El Sitio web puede utilizar servicios de terceros que recopilaran informaci\u00f3n con fines estad\u00edsticos, de uso del Site por parte del usuario y para la prestaci\u00f3n de otros servicios relacionados con la actividad del Website y otros servicios de &#8216;Internet.<\/p>\n<p><\/p>\n<p>En particular, este sitio web utiliza:<\/p>\n<p>Google Analytics, un servicio anal\u00edtico de web prestado por Google, Inc. con domicilio en Estados Unidos con sede central en 1600 Amphitheatre Parkway, Mountain View, California 94043. Para la prestaci\u00f3n de estos servicios, \u00e9stos utilizan cookies que recopilan la informaci\u00f3n, incluida la direcci\u00f3n IP del usuario, que ser\u00e1 transmitida, tratada y almacenada por Google en los t\u00e9rminos fijados en la Web Google.com. Incluyendo la posible transmisi\u00f3n de esta informaci\u00f3n a terceros por razones de exigencia legal o cuando dichos terceros procesen la informaci\u00f3n por cuenta de Google.<\/p>\n<p>  <\/p>\n<\/p>\n<table>\n<tbody>\n<tr>\n<td>\n<p>NOMBRE<\/p>\n<\/td>\n<td>\n<p>DURACI\u00d3N PREDETERMINADA<\/p>\n<\/td>\n<td>\n<p>FINALIDAD Y DOMINIO<\/p>\n<\/td>\n<\/tr>\n<tr>\n<td>\n<p>__ut__utma, __utmb, __utmc, __utmz<\/p>\n<\/td>\n<td>\n<p>2 a\u00f1os a partir de la configuraci\u00f3n o actualizaci\u00f3n<\/p>\n<\/td>\n<td>\n<p>Google Analytics ,Permite analizar el tr\u00e1fico de la web y obtener estad\u00edsticas de navegaci\u00f3n. <a href=\"http:\/\/www.google.com\/analytics\/\">M\u00e1s informaci\u00f3n<\/a>.<\/p>\n<\/td>\n<\/tr>\n<tr>\n<td>\n<p>Cookie: __qca<\/p>\n<\/p>\n<\/td>\n<td>\n<p>2 a\u00f1os a partir de la configuraci\u00f3n o actualizaci\u00f3n<\/p>\n<\/td>\n<td>\n<p>WordPress: Permite analizar el tr\u00e1fico de la web ya todos sus usuarios le instala inevitablemente una cookie de estad\u00edsticas que rastrea y almacena su IP en una empresa estadounidense (Automaticc) a trav\u00e9s de un tercero (Quantcast) la suya es una cookie generalmente asociada a Quantcast, Proporcionan el ranking de sitios web, y los datos que recogen tambi\u00e9n se utiliza para la segmentaci\u00f3n de la audiencia.<\/p>\n<p><\/p>\n<\/td>\n<\/tr>\n<tr>\n<td>\n<p>wordpress_test_cookie<\/p>\n<\/td>\n<td>\n<p>Caduca al finalizar la sesi\u00f3n.<\/p>\n<\/td>\n<td>\n<p>Se utiliza para que el gestor de contenidos WordPress compruebe si el navegador tiene las cookies activadas. Es una cookie de tercero: WordPress.<\/p>\n<p>  <a href=\"https:\/\/automattic.com\/privacy\/\">M\u00e1s informaci\u00f3n.<\/a><\/p>\n<\/td>\n<\/tr>\n<\/tbody>\n<\/table>\n<p><b>Desactivar les cookies<\/b><\/p>\n<p>Puede usted permitir, bloquear o eliminar las cookies instaladas en su equipo mediante la configuraci\u00f3n de las opciones del navegador instalado en su ordenador.<\/p>\n<p><\/p>\n<p>A continuaci\u00f3n puede acceder a la configuraci\u00f3n de los navegadores webs m\u00e1s frecuentes para aceptar, instalar o desactivar las cookies:<\/p>\n<p><\/p>\n<ul>\n<li><a href=\"http:\/\/support.google.com\/chrome\/bin\/answer.py?hl=es&amp;answer=95647\">Chrome<\/a><\/li>\n<li><a href=\"http:\/\/windows.microsoft.com\/es-es\/windows7\/how-to-manage-cookies-in-internet-explorer-9\">Explorer<\/a><\/li>\n<li><a href=\"http:\/\/support.mozilla.org\/es\/kb\/habilitar-y-deshabilitar-cookies-que-los-sitios-we\">Firefox<\/a><\/li>\n<li><a href=\"http:\/\/support.apple.com\/kb\/ph5042\">Safari<\/a><\/li>\n<\/ul>\n<p>Al desactivar a eliminar las cookies, parte del sitio web no funcionar\u00e1 o la calidad de la p\u00e1gina web puede verse afectada.<\/p>\n<p><\/p>\n<p>Si tiene dudas sobre esta pol\u00edtica de cookies, puede contactar con Toc de Fusta en info@tocdefusta.com<\/p>\n<p><\/p>\n\t\t\t\t\t\t\t\t<\/div>\n\t\t\t\t<\/div>\n\t\t\t\t\t<\/div>\n\t\t<\/div>\n\t\t\t\t\t<\/div>\n\t\t<\/section>\n\t\t\t\t<\/div>\n\t\t","protected":false},"excerpt":{"rendered":"<p>Pol\u00edtica de cookies \u00bfQu\u00e9 son las cookies? Cookie es un archivo que se descarga en su ordenador al acceder a determinadas p\u00e1ginas web. Las cookies permiten a una p\u00e1gina web, entre otras cosas, almacenar y recuperar informaci\u00f3n sobre los h\u00e1bitos de navegaci\u00f3n de un usuario o de su equipo y, dependiendo de la informaci\u00f3n que [&hellip;]<\/p>\n","protected":false},"author":1,"featured_media":0,"parent":0,"menu_order":0,"comment_status":"closed","ping_status":"closed","template":"elementor_header_footer","meta":{"footnotes":""},"class_list":["post-1397","page","type-page","status-publish","hentry"],"_links":{"self":[{"href":"https:\/\/tocdefusta.com\/es\/wp-json\/wp\/v2\/pages\/1397","targetHints":{"allow":["GET"]}}],"collection":[{"href":"https:\/\/tocdefusta.com\/es\/wp-json\/wp\/v2\/pages"}],"about":[{"href":"https:\/\/tocdefusta.com\/es\/wp-json\/wp\/v2\/types\/page"}],"author":[{"embeddable":true,"href":"https:\/\/tocdefusta.com\/es\/wp-json\/wp\/v2\/users\/1"}],"replies":[{"embeddable":true,"href":"https:\/\/tocdefusta.com\/es\/wp-json\/wp\/v2\/comments?post=1397"}],"version-history":[{"count":1,"href":"https:\/\/tocdefusta.com\/es\/wp-json\/wp\/v2\/pages\/1397\/revisions"}],"predecessor-version":[{"id":1398,"href":"https:\/\/tocdefusta.com\/es\/wp-json\/wp\/v2\/pages\/1397\/revisions\/1398"}],"wp:attachment":[{"href":"https:\/\/tocdefusta.com\/es\/wp-json\/wp\/v2\/media?parent=1397"}],"curies":[{"name":"wp","href":"https:\/\/api.w.org\/{rel}","templated":true}]}}