{"id":1376,"date":"2024-08-29T12:29:23","date_gmt":"2024-08-29T10:29:23","guid":{"rendered":"https:\/\/tocdefusta.com\/arrels\/"},"modified":"2024-08-29T12:29:26","modified_gmt":"2024-08-29T10:29:26","slug":"arrels","status":"publish","type":"page","link":"https:\/\/tocdefusta.com\/es\/arrels\/","title":{"rendered":"Arrels"},"content":{"rendered":"\t\t<div data-elementor-type=\"wp-page\" data-elementor-id=\"1376\" class=\"elementor elementor-1376 elementor-1233\" data-elementor-post-type=\"page\">\n\t\t\t\t\t\t<section class=\"elementor-section elementor-top-section elementor-element elementor-element-3b87317 elementor-section-boxed elementor-section-height-default elementor-section-height-default\" data-id=\"3b87317\" data-element_type=\"section\">\n\t\t\t\t\t\t<div class=\"elementor-container elementor-column-gap-default\">\n\t\t\t\t\t<div class=\"elementor-column elementor-col-100 elementor-top-column elementor-element elementor-element-41dacc6\" data-id=\"41dacc6\" data-element_type=\"column\">\n\t\t\t<div class=\"elementor-widget-wrap elementor-element-populated\">\n\t\t\t\t\t\t<section class=\"elementor-section elementor-inner-section elementor-element elementor-element-d4bde79 elementor-section-boxed elementor-section-height-default elementor-section-height-default\" data-id=\"d4bde79\" data-element_type=\"section\">\n\t\t\t\t\t\t<div class=\"elementor-container elementor-column-gap-default\">\n\t\t\t\t\t<div class=\"elementor-column elementor-col-66 elementor-inner-column elementor-element elementor-element-a1ad1a8\" data-id=\"a1ad1a8\" data-element_type=\"column\">\n\t\t\t<div class=\"elementor-widget-wrap elementor-element-populated\">\n\t\t\t\t\t\t<div class=\"elementor-element elementor-element-91d293d elementor-hidden-desktop elementor-widget elementor-widget-image\" data-id=\"91d293d\" data-element_type=\"widget\" data-widget_type=\"image.default\">\n\t\t\t\t<div class=\"elementor-widget-container\">\n\t\t\t\t\t\t\t\t\t\t\t\t\t\t\t<img fetchpriority=\"high\" decoding=\"async\" width=\"786\" height=\"1000\" src=\"https:\/\/tocdefusta.com\/wp-content\/uploads\/2024\/08\/arrels_logo_ppal-_color.png\" class=\"attachment-full size-full wp-image-1238\" alt=\"\" srcset=\"https:\/\/tocdefusta.com\/wp-content\/uploads\/2024\/08\/arrels_logo_ppal-_color.png 786w, https:\/\/tocdefusta.com\/wp-content\/uploads\/2024\/08\/arrels_logo_ppal-_color-236x300.png 236w, https:\/\/tocdefusta.com\/wp-content\/uploads\/2024\/08\/arrels_logo_ppal-_color-768x977.png 768w\" sizes=\"(max-width: 786px) 100vw, 786px\" \/>\t\t\t\t\t\t\t\t\t\t\t\t\t\t\t<\/div>\n\t\t\t\t<\/div>\n\t\t\t\t<div class=\"elementor-element elementor-element-3431e40 elementor-widget elementor-widget-video\" data-id=\"3431e40\" data-element_type=\"widget\" data-settings=\"{&quot;youtube_url&quot;:&quot;https:\\\/\\\/youtu.be\\\/gdQkJ1rSByg&quot;,&quot;video_type&quot;:&quot;youtube&quot;,&quot;controls&quot;:&quot;yes&quot;}\" data-widget_type=\"video.default\">\n\t\t\t\t<div class=\"elementor-widget-container\">\n\t\t\t\t\t\t\t<div class=\"elementor-wrapper elementor-open-inline\">\n\t\t\t<div class=\"elementor-video\"><\/div>\t\t<\/div>\n\t\t\t\t\t\t<\/div>\n\t\t\t\t<\/div>\n\t\t\t\t<div class=\"elementor-element elementor-element-8caae25 elementor-widget elementor-widget-text-editor\" data-id=\"8caae25\" data-element_type=\"widget\" data-widget_type=\"text-editor.default\">\n\t\t\t\t<div class=\"elementor-widget-container\">\n\t\t\t\t\t\t\t\t\t<p>Arrels es una instalaci\u00f3n participativa que transforma tradiciones de todo el mundo en una experiencia l\u00fadica. A trav\u00e9s de una colecci\u00f3n de juegos originales, de creaci\u00f3n propia, abrimos una ventana a la riqueza de las ra\u00edces culturales globales. 16 estructuras que son la reinterpretaci\u00f3n creativa de una tradici\u00f3n cultural espec\u00edfica, con la cual comparten no solo la esencia, sino tambi\u00e9n la historia y el car\u00e1cter.  <\/p>\n<p>Hacemos que las tradiciones cobren vida a trav\u00e9s del juego.<br \/>Creamos un espacio de encuentro que celebre la diversidad cultural<br \/>e invite a explorar y conectar con la historia y las costumbres de diferentes culturas.<br \/>Una propuesta intuitiva y libre, donde interactuar sin instrucciones, dejando que la curiosidad sea el motor de la experiencia.<\/p>\n\t\t\t\t\t\t\t\t<\/div>\n\t\t\t\t<\/div>\n\t\t\t\t\t<\/div>\n\t\t<\/div>\n\t\t\t\t<div class=\"elementor-column elementor-col-33 elementor-inner-column elementor-element elementor-element-e93641b\" data-id=\"e93641b\" data-element_type=\"column\">\n\t\t\t<div class=\"elementor-widget-wrap elementor-element-populated\">\n\t\t\t\t\t\t<div class=\"elementor-element elementor-element-09a5f5b elementor-hidden-tablet elementor-hidden-phone elementor-widget elementor-widget-image\" data-id=\"09a5f5b\" data-element_type=\"widget\" data-widget_type=\"image.default\">\n\t\t\t\t<div class=\"elementor-widget-container\">\n\t\t\t\t\t\t\t\t\t\t\t\t\t\t\t<img decoding=\"async\" src=\"https:\/\/tocdefusta.com\/wp-content\/uploads\/2024\/08\/arrels_logo_ppal-_color.png\" title=\"arrels_logo_ppal _color\" alt=\"arrels_logo_ppal _color\" loading=\"lazy\" \/>\t\t\t\t\t\t\t\t\t\t\t\t\t\t\t<\/div>\n\t\t\t\t<\/div>\n\t\t\t\t<div class=\"elementor-element elementor-element-14a9c73 elementor-position-left elementor-vertical-align-top elementor-widget elementor-widget-image-box\" data-id=\"14a9c73\" data-element_type=\"widget\" data-widget_type=\"image-box.default\">\n\t\t\t\t<div class=\"elementor-widget-container\">\n\t\t\t\t\t<div class=\"elementor-image-box-wrapper\"><figure class=\"elementor-image-box-img\"><img decoding=\"async\" width=\"25\" height=\"25\" src=\"https:\/\/tocdefusta.com\/wp-content\/uploads\/2024\/08\/TdF_icones_tecnica.png\" class=\"attachment-full size-full wp-image-1196\" alt=\"\" \/><\/figure><div class=\"elementor-image-box-content\"><h3 class=\"elementor-image-box-title\">Ficha t\u00e9cnica<\/h3><p class=\"elementor-image-box-description\">Un espacio llano de unos 300m2 con acceso y aparcamiento para una furgoneta grande.<\/p><\/div><\/div>\t\t\t\t<\/div>\n\t\t\t\t<\/div>\n\t\t\t\t<div class=\"elementor-element elementor-element-44cb27f elementor-position-left elementor-vertical-align-top elementor-widget elementor-widget-image-box\" data-id=\"44cb27f\" data-element_type=\"widget\" data-widget_type=\"image-box.default\">\n\t\t\t\t<div class=\"elementor-widget-container\">\n\t\t\t\t\t<div class=\"elementor-image-box-wrapper\"><figure class=\"elementor-image-box-img\"><img decoding=\"async\" width=\"25\" height=\"25\" src=\"https:\/\/tocdefusta.com\/wp-content\/uploads\/2024\/08\/TdF_icones_temps.png\" class=\"attachment-full size-full wp-image-1197\" alt=\"\" \/><\/figure><div class=\"elementor-image-box-content\"><h3 class=\"elementor-image-box-title\">Tiempo<\/h3><p class=\"elementor-image-box-description\">Montaje: 2 h<br>Duraci\u00f3n: de 3 a 6 h<br>Desmontaje: 1 h 30\u2019<\/p><\/div><\/div>\t\t\t\t<\/div>\n\t\t\t\t<\/div>\n\t\t\t\t<div class=\"elementor-element elementor-element-1d07b1c elementor-position-left elementor-vertical-align-top elementor-widget elementor-widget-image-box\" data-id=\"1d07b1c\" data-element_type=\"widget\" data-widget_type=\"image-box.default\">\n\t\t\t\t<div class=\"elementor-widget-container\">\n\t\t\t\t\t<div class=\"elementor-image-box-wrapper\"><figure class=\"elementor-image-box-img\"><img loading=\"lazy\" decoding=\"async\" width=\"25\" height=\"25\" src=\"https:\/\/tocdefusta.com\/wp-content\/uploads\/2024\/08\/TdF_icones_idea.png\" class=\"attachment-full size-full wp-image-1195\" alt=\"\" \/><\/figure><div class=\"elementor-image-box-content\"><h3 class=\"elementor-image-box-title\">Ficha art\u00edstica<\/h3><p class=\"elementor-image-box-description\">Creado y construido por Alfred Borr\u00e0s, Albert Utg\u00e9 y Laura Utg\u00e9 Producido por Toc de Fusta<\/p><\/div><\/div>\t\t\t\t<\/div>\n\t\t\t\t<\/div>\n\t\t\t\t\t<\/div>\n\t\t<\/div>\n\t\t\t\t\t<\/div>\n\t\t<\/section>\n\t\t\t\t<div class=\"elementor-element elementor-element-cadadd9 elementor-widget elementor-widget-gallery\" data-id=\"cadadd9\" data-element_type=\"widget\" data-settings=\"{&quot;gallery_layout&quot;:&quot;justified&quot;,&quot;lazyload&quot;:&quot;yes&quot;,&quot;ideal_row_height&quot;:{&quot;unit&quot;:&quot;px&quot;,&quot;size&quot;:200,&quot;sizes&quot;:[]},&quot;ideal_row_height_tablet&quot;:{&quot;unit&quot;:&quot;px&quot;,&quot;size&quot;:150,&quot;sizes&quot;:[]},&quot;ideal_row_height_mobile&quot;:{&quot;unit&quot;:&quot;px&quot;,&quot;size&quot;:150,&quot;sizes&quot;:[]},&quot;gap&quot;:{&quot;unit&quot;:&quot;px&quot;,&quot;size&quot;:10,&quot;sizes&quot;:[]},&quot;gap_tablet&quot;:{&quot;unit&quot;:&quot;px&quot;,&quot;size&quot;:10,&quot;sizes&quot;:[]},&quot;gap_mobile&quot;:{&quot;unit&quot;:&quot;px&quot;,&quot;size&quot;:10,&quot;sizes&quot;:[]},&quot;link_to&quot;:&quot;file&quot;,&quot;overlay_background&quot;:&quot;yes&quot;,&quot;content_hover_animation&quot;:&quot;fade-in&quot;}\" data-widget_type=\"gallery.default\">\n\t\t\t\t<div class=\"elementor-widget-container\">\n\t\t\t\t\t\t\t<div class=\"elementor-gallery__container\">\n\t\t\t\t\t\t\t<a class=\"e-gallery-item elementor-gallery-item elementor-animated-content\" href=\"https:\/\/tocdefusta.com\/wp-content\/uploads\/2024\/08\/TDF_arrels1.jpg\" data-elementor-open-lightbox=\"yes\" data-elementor-lightbox-slideshow=\"cadadd9\" data-e-action-hash=\"#elementor-action%3Aaction%3Dlightbox%26settings%3DeyJpZCI6MTIzOSwidXJsIjoiaHR0cHM6XC9cL3RvY2RlZnVzdGEuY29tXC93cC1jb250ZW50XC91cGxvYWRzXC8yMDI0XC8wOFwvVERGX2FycmVsczEuanBnIiwic2xpZGVzaG93IjoiY2FkYWRkOSJ9\">\n\t\t\t\t\t<div class=\"e-gallery-image elementor-gallery-item__image\" data-thumbnail=\"https:\/\/tocdefusta.com\/wp-content\/uploads\/2024\/08\/TDF_arrels1.jpg\" data-width=\"1920\" data-height=\"1080\" aria-label=\"\" role=\"img\" ><\/div>\n\t\t\t\t\t\t\t\t\t\t\t<div class=\"elementor-gallery-item__overlay\"><\/div>\n\t\t\t\t\t\t\t\t\t\t\t\t\t\t<\/a>\n\t\t\t\t\t\t\t<a class=\"e-gallery-item elementor-gallery-item elementor-animated-content\" href=\"https:\/\/tocdefusta.com\/wp-content\/uploads\/2024\/08\/TDF_arrels15.jpg\" data-elementor-open-lightbox=\"yes\" data-elementor-lightbox-slideshow=\"cadadd9\" data-e-action-hash=\"#elementor-action%3Aaction%3Dlightbox%26settings%3DeyJpZCI6MTI5NSwidXJsIjoiaHR0cHM6XC9cL3RvY2RlZnVzdGEuY29tXC93cC1jb250ZW50XC91cGxvYWRzXC8yMDI0XC8wOFwvVERGX2FycmVsczE1LmpwZyIsInNsaWRlc2hvdyI6ImNhZGFkZDkifQ%3D%3D\">\n\t\t\t\t\t<div class=\"e-gallery-image elementor-gallery-item__image\" data-thumbnail=\"https:\/\/tocdefusta.com\/wp-content\/uploads\/2024\/08\/TDF_arrels15.jpg\" data-width=\"1080\" data-height=\"1920\" aria-label=\"\" role=\"img\" ><\/div>\n\t\t\t\t\t\t\t\t\t\t\t<div class=\"elementor-gallery-item__overlay\"><\/div>\n\t\t\t\t\t\t\t\t\t\t\t\t\t\t<\/a>\n\t\t\t\t\t\t\t<a class=\"e-gallery-item elementor-gallery-item elementor-animated-content\" href=\"https:\/\/tocdefusta.com\/wp-content\/uploads\/2024\/08\/TDF_arrels14.jpg\" data-elementor-open-lightbox=\"yes\" data-elementor-lightbox-slideshow=\"cadadd9\" data-e-action-hash=\"#elementor-action%3Aaction%3Dlightbox%26settings%3DeyJpZCI6MTI5MSwidXJsIjoiaHR0cHM6XC9cL3RvY2RlZnVzdGEuY29tXC93cC1jb250ZW50XC91cGxvYWRzXC8yMDI0XC8wOFwvVERGX2FycmVsczE0LmpwZyIsInNsaWRlc2hvdyI6ImNhZGFkZDkifQ%3D%3D\">\n\t\t\t\t\t<div class=\"e-gallery-image elementor-gallery-item__image\" data-thumbnail=\"https:\/\/tocdefusta.com\/wp-content\/uploads\/2024\/08\/TDF_arrels14.jpg\" data-width=\"1080\" data-height=\"1920\" aria-label=\"\" role=\"img\" ><\/div>\n\t\t\t\t\t\t\t\t\t\t\t<div class=\"elementor-gallery-item__overlay\"><\/div>\n\t\t\t\t\t\t\t\t\t\t\t\t\t\t<\/a>\n\t\t\t\t\t\t\t<a class=\"e-gallery-item elementor-gallery-item elementor-animated-content\" href=\"https:\/\/tocdefusta.com\/wp-content\/uploads\/2024\/08\/TDF_arrels13.jpg\" data-elementor-open-lightbox=\"yes\" data-elementor-lightbox-slideshow=\"cadadd9\" data-e-action-hash=\"#elementor-action%3Aaction%3Dlightbox%26settings%3DeyJpZCI6MTI4NywidXJsIjoiaHR0cHM6XC9cL3RvY2RlZnVzdGEuY29tXC93cC1jb250ZW50XC91cGxvYWRzXC8yMDI0XC8wOFwvVERGX2FycmVsczEzLmpwZyIsInNsaWRlc2hvdyI6ImNhZGFkZDkifQ%3D%3D\">\n\t\t\t\t\t<div class=\"e-gallery-image elementor-gallery-item__image\" data-thumbnail=\"https:\/\/tocdefusta.com\/wp-content\/uploads\/2024\/08\/TDF_arrels13.jpg\" data-width=\"1080\" data-height=\"1920\" aria-label=\"\" role=\"img\" ><\/div>\n\t\t\t\t\t\t\t\t\t\t\t<div class=\"elementor-gallery-item__overlay\"><\/div>\n\t\t\t\t\t\t\t\t\t\t\t\t\t\t<\/a>\n\t\t\t\t\t\t\t<a class=\"e-gallery-item elementor-gallery-item elementor-animated-content\" href=\"https:\/\/tocdefusta.com\/wp-content\/uploads\/2024\/08\/TDF_arrels12.jpg\" data-elementor-open-lightbox=\"yes\" data-elementor-lightbox-slideshow=\"cadadd9\" data-e-action-hash=\"#elementor-action%3Aaction%3Dlightbox%26settings%3DeyJpZCI6MTI4MywidXJsIjoiaHR0cHM6XC9cL3RvY2RlZnVzdGEuY29tXC93cC1jb250ZW50XC91cGxvYWRzXC8yMDI0XC8wOFwvVERGX2FycmVsczEyLmpwZyIsInNsaWRlc2hvdyI6ImNhZGFkZDkifQ%3D%3D\">\n\t\t\t\t\t<div class=\"e-gallery-image elementor-gallery-item__image\" data-thumbnail=\"https:\/\/tocdefusta.com\/wp-content\/uploads\/2024\/08\/TDF_arrels12.jpg\" data-width=\"1080\" data-height=\"1920\" aria-label=\"\" role=\"img\" ><\/div>\n\t\t\t\t\t\t\t\t\t\t\t<div class=\"elementor-gallery-item__overlay\"><\/div>\n\t\t\t\t\t\t\t\t\t\t\t\t\t\t<\/a>\n\t\t\t\t\t\t\t<a class=\"e-gallery-item elementor-gallery-item elementor-animated-content\" href=\"https:\/\/tocdefusta.com\/wp-content\/uploads\/2024\/08\/TDF_arrels11.jpg\" data-elementor-open-lightbox=\"yes\" data-elementor-lightbox-slideshow=\"cadadd9\" data-e-action-hash=\"#elementor-action%3Aaction%3Dlightbox%26settings%3DeyJpZCI6MTI3OSwidXJsIjoiaHR0cHM6XC9cL3RvY2RlZnVzdGEuY29tXC93cC1jb250ZW50XC91cGxvYWRzXC8yMDI0XC8wOFwvVERGX2FycmVsczExLmpwZyIsInNsaWRlc2hvdyI6ImNhZGFkZDkifQ%3D%3D\">\n\t\t\t\t\t<div class=\"e-gallery-image elementor-gallery-item__image\" data-thumbnail=\"https:\/\/tocdefusta.com\/wp-content\/uploads\/2024\/08\/TDF_arrels11.jpg\" data-width=\"1920\" data-height=\"1080\" aria-label=\"\" role=\"img\" ><\/div>\n\t\t\t\t\t\t\t\t\t\t\t<div class=\"elementor-gallery-item__overlay\"><\/div>\n\t\t\t\t\t\t\t\t\t\t\t\t\t\t<\/a>\n\t\t\t\t\t\t\t<a class=\"e-gallery-item elementor-gallery-item elementor-animated-content\" href=\"https:\/\/tocdefusta.com\/wp-content\/uploads\/2024\/08\/TDF_arrels10.jpg\" data-elementor-open-lightbox=\"yes\" data-elementor-lightbox-slideshow=\"cadadd9\" data-e-action-hash=\"#elementor-action%3Aaction%3Dlightbox%26settings%3DeyJpZCI6MTI3NSwidXJsIjoiaHR0cHM6XC9cL3RvY2RlZnVzdGEuY29tXC93cC1jb250ZW50XC91cGxvYWRzXC8yMDI0XC8wOFwvVERGX2FycmVsczEwLmpwZyIsInNsaWRlc2hvdyI6ImNhZGFkZDkifQ%3D%3D\">\n\t\t\t\t\t<div class=\"e-gallery-image elementor-gallery-item__image\" data-thumbnail=\"https:\/\/tocdefusta.com\/wp-content\/uploads\/2024\/08\/TDF_arrels10.jpg\" data-width=\"1080\" data-height=\"1920\" aria-label=\"\" role=\"img\" ><\/div>\n\t\t\t\t\t\t\t\t\t\t\t<div class=\"elementor-gallery-item__overlay\"><\/div>\n\t\t\t\t\t\t\t\t\t\t\t\t\t\t<\/a>\n\t\t\t\t\t\t\t<a class=\"e-gallery-item elementor-gallery-item elementor-animated-content\" href=\"https:\/\/tocdefusta.com\/wp-content\/uploads\/2024\/08\/TDF_arrels9.jpg\" data-elementor-open-lightbox=\"yes\" data-elementor-lightbox-slideshow=\"cadadd9\" data-e-action-hash=\"#elementor-action%3Aaction%3Dlightbox%26settings%3DeyJpZCI6MTI3MSwidXJsIjoiaHR0cHM6XC9cL3RvY2RlZnVzdGEuY29tXC93cC1jb250ZW50XC91cGxvYWRzXC8yMDI0XC8wOFwvVERGX2FycmVsczkuanBnIiwic2xpZGVzaG93IjoiY2FkYWRkOSJ9\">\n\t\t\t\t\t<div class=\"e-gallery-image elementor-gallery-item__image\" data-thumbnail=\"https:\/\/tocdefusta.com\/wp-content\/uploads\/2024\/08\/TDF_arrels9.jpg\" data-width=\"1080\" data-height=\"1920\" aria-label=\"\" role=\"img\" ><\/div>\n\t\t\t\t\t\t\t\t\t\t\t<div class=\"elementor-gallery-item__overlay\"><\/div>\n\t\t\t\t\t\t\t\t\t\t\t\t\t\t<\/a>\n\t\t\t\t\t\t\t<a class=\"e-gallery-item elementor-gallery-item elementor-animated-content\" href=\"https:\/\/tocdefusta.com\/wp-content\/uploads\/2024\/08\/TDF_arrels8.jpg\" data-elementor-open-lightbox=\"yes\" data-elementor-lightbox-slideshow=\"cadadd9\" data-e-action-hash=\"#elementor-action%3Aaction%3Dlightbox%26settings%3DeyJpZCI6MTI2NywidXJsIjoiaHR0cHM6XC9cL3RvY2RlZnVzdGEuY29tXC93cC1jb250ZW50XC91cGxvYWRzXC8yMDI0XC8wOFwvVERGX2FycmVsczguanBnIiwic2xpZGVzaG93IjoiY2FkYWRkOSJ9\">\n\t\t\t\t\t<div class=\"e-gallery-image elementor-gallery-item__image\" data-thumbnail=\"https:\/\/tocdefusta.com\/wp-content\/uploads\/2024\/08\/TDF_arrels8.jpg\" data-width=\"1080\" data-height=\"1920\" aria-label=\"\" role=\"img\" ><\/div>\n\t\t\t\t\t\t\t\t\t\t\t<div class=\"elementor-gallery-item__overlay\"><\/div>\n\t\t\t\t\t\t\t\t\t\t\t\t\t\t<\/a>\n\t\t\t\t\t\t\t<a class=\"e-gallery-item elementor-gallery-item elementor-animated-content\" href=\"https:\/\/tocdefusta.com\/wp-content\/uploads\/2024\/08\/TDF_arrels7.jpg\" data-elementor-open-lightbox=\"yes\" data-elementor-lightbox-slideshow=\"cadadd9\" data-e-action-hash=\"#elementor-action%3Aaction%3Dlightbox%26settings%3DeyJpZCI6MTI2MywidXJsIjoiaHR0cHM6XC9cL3RvY2RlZnVzdGEuY29tXC93cC1jb250ZW50XC91cGxvYWRzXC8yMDI0XC8wOFwvVERGX2FycmVsczcuanBnIiwic2xpZGVzaG93IjoiY2FkYWRkOSJ9\">\n\t\t\t\t\t<div class=\"e-gallery-image elementor-gallery-item__image\" data-thumbnail=\"https:\/\/tocdefusta.com\/wp-content\/uploads\/2024\/08\/TDF_arrels7.jpg\" data-width=\"1080\" data-height=\"1920\" aria-label=\"\" role=\"img\" ><\/div>\n\t\t\t\t\t\t\t\t\t\t\t<div class=\"elementor-gallery-item__overlay\"><\/div>\n\t\t\t\t\t\t\t\t\t\t\t\t\t\t<\/a>\n\t\t\t\t\t\t\t<a class=\"e-gallery-item elementor-gallery-item elementor-animated-content\" href=\"https:\/\/tocdefusta.com\/wp-content\/uploads\/2024\/08\/TDF_arrels6.jpg\" data-elementor-open-lightbox=\"yes\" data-elementor-lightbox-slideshow=\"cadadd9\" data-e-action-hash=\"#elementor-action%3Aaction%3Dlightbox%26settings%3DeyJpZCI6MTI1OSwidXJsIjoiaHR0cHM6XC9cL3RvY2RlZnVzdGEuY29tXC93cC1jb250ZW50XC91cGxvYWRzXC8yMDI0XC8wOFwvVERGX2FycmVsczYuanBnIiwic2xpZGVzaG93IjoiY2FkYWRkOSJ9\">\n\t\t\t\t\t<div class=\"e-gallery-image elementor-gallery-item__image\" data-thumbnail=\"https:\/\/tocdefusta.com\/wp-content\/uploads\/2024\/08\/TDF_arrels6.jpg\" data-width=\"1920\" data-height=\"1080\" aria-label=\"\" role=\"img\" ><\/div>\n\t\t\t\t\t\t\t\t\t\t\t<div class=\"elementor-gallery-item__overlay\"><\/div>\n\t\t\t\t\t\t\t\t\t\t\t\t\t\t<\/a>\n\t\t\t\t\t\t\t<a class=\"e-gallery-item elementor-gallery-item elementor-animated-content\" href=\"https:\/\/tocdefusta.com\/wp-content\/uploads\/2024\/08\/TDF_arrels5.jpg\" data-elementor-open-lightbox=\"yes\" data-elementor-lightbox-slideshow=\"cadadd9\" data-e-action-hash=\"#elementor-action%3Aaction%3Dlightbox%26settings%3DeyJpZCI6MTI1NSwidXJsIjoiaHR0cHM6XC9cL3RvY2RlZnVzdGEuY29tXC93cC1jb250ZW50XC91cGxvYWRzXC8yMDI0XC8wOFwvVERGX2FycmVsczUuanBnIiwic2xpZGVzaG93IjoiY2FkYWRkOSJ9\">\n\t\t\t\t\t<div class=\"e-gallery-image elementor-gallery-item__image\" data-thumbnail=\"https:\/\/tocdefusta.com\/wp-content\/uploads\/2024\/08\/TDF_arrels5.jpg\" data-width=\"1920\" data-height=\"1080\" aria-label=\"\" role=\"img\" ><\/div>\n\t\t\t\t\t\t\t\t\t\t\t<div class=\"elementor-gallery-item__overlay\"><\/div>\n\t\t\t\t\t\t\t\t\t\t\t\t\t\t<\/a>\n\t\t\t\t\t\t\t<a class=\"e-gallery-item elementor-gallery-item elementor-animated-content\" href=\"https:\/\/tocdefusta.com\/wp-content\/uploads\/2024\/08\/TDF_arrels4.jpg\" data-elementor-open-lightbox=\"yes\" data-elementor-lightbox-slideshow=\"cadadd9\" data-e-action-hash=\"#elementor-action%3Aaction%3Dlightbox%26settings%3DeyJpZCI6MTI1MSwidXJsIjoiaHR0cHM6XC9cL3RvY2RlZnVzdGEuY29tXC93cC1jb250ZW50XC91cGxvYWRzXC8yMDI0XC8wOFwvVERGX2FycmVsczQuanBnIiwic2xpZGVzaG93IjoiY2FkYWRkOSJ9\">\n\t\t\t\t\t<div class=\"e-gallery-image elementor-gallery-item__image\" data-thumbnail=\"https:\/\/tocdefusta.com\/wp-content\/uploads\/2024\/08\/TDF_arrels4.jpg\" data-width=\"1920\" data-height=\"1080\" aria-label=\"\" role=\"img\" ><\/div>\n\t\t\t\t\t\t\t\t\t\t\t<div class=\"elementor-gallery-item__overlay\"><\/div>\n\t\t\t\t\t\t\t\t\t\t\t\t\t\t<\/a>\n\t\t\t\t\t\t\t<a class=\"e-gallery-item elementor-gallery-item elementor-animated-content\" href=\"https:\/\/tocdefusta.com\/wp-content\/uploads\/2024\/08\/TDF_arrels3.jpg\" data-elementor-open-lightbox=\"yes\" data-elementor-lightbox-slideshow=\"cadadd9\" data-e-action-hash=\"#elementor-action%3Aaction%3Dlightbox%26settings%3DeyJpZCI6MTI0NywidXJsIjoiaHR0cHM6XC9cL3RvY2RlZnVzdGEuY29tXC93cC1jb250ZW50XC91cGxvYWRzXC8yMDI0XC8wOFwvVERGX2FycmVsczMuanBnIiwic2xpZGVzaG93IjoiY2FkYWRkOSJ9\">\n\t\t\t\t\t<div class=\"e-gallery-image elementor-gallery-item__image\" data-thumbnail=\"https:\/\/tocdefusta.com\/wp-content\/uploads\/2024\/08\/TDF_arrels3.jpg\" data-width=\"1080\" data-height=\"1920\" aria-label=\"\" role=\"img\" ><\/div>\n\t\t\t\t\t\t\t\t\t\t\t<div class=\"elementor-gallery-item__overlay\"><\/div>\n\t\t\t\t\t\t\t\t\t\t\t\t\t\t<\/a>\n\t\t\t\t\t\t\t<a class=\"e-gallery-item elementor-gallery-item elementor-animated-content\" href=\"https:\/\/tocdefusta.com\/wp-content\/uploads\/2024\/08\/TDF_arrels2.jpg\" data-elementor-open-lightbox=\"yes\" data-elementor-lightbox-slideshow=\"cadadd9\" data-e-action-hash=\"#elementor-action%3Aaction%3Dlightbox%26settings%3DeyJpZCI6MTI0MywidXJsIjoiaHR0cHM6XC9cL3RvY2RlZnVzdGEuY29tXC93cC1jb250ZW50XC91cGxvYWRzXC8yMDI0XC8wOFwvVERGX2FycmVsczIuanBnIiwic2xpZGVzaG93IjoiY2FkYWRkOSJ9\">\n\t\t\t\t\t<div class=\"e-gallery-image elementor-gallery-item__image\" data-thumbnail=\"https:\/\/tocdefusta.com\/wp-content\/uploads\/2024\/08\/TDF_arrels2.jpg\" data-width=\"1080\" data-height=\"1466\" aria-label=\"\" role=\"img\" ><\/div>\n\t\t\t\t\t\t\t\t\t\t\t<div class=\"elementor-gallery-item__overlay\"><\/div>\n\t\t\t\t\t\t\t\t\t\t\t\t\t\t<\/a>\n\t\t\t\t\t<\/div>\n\t\t\t\t\t<\/div>\n\t\t\t\t<\/div>\n\t\t\t\t\t<\/div>\n\t\t<\/div>\n\t\t\t\t\t<\/div>\n\t\t<\/section>\n\t\t\t\t<\/div>\n\t\t","protected":false},"excerpt":{"rendered":"<p>https:\/\/youtu.be\/gdQkJ1rSByg Arrels es una instalaci\u00f3n participativa que transforma tradiciones de todo el mundo en una experiencia l\u00fadica. A trav\u00e9s de una colecci\u00f3n de juegos originales, de creaci\u00f3n propia, abrimos una ventana a la riqueza de las ra\u00edces culturales globales. 16 estructuras que son la reinterpretaci\u00f3n creativa de una tradici\u00f3n cultural espec\u00edfica, con la cual comparten [&hellip;]<\/p>\n","protected":false},"author":1,"featured_media":0,"parent":0,"menu_order":0,"comment_status":"closed","ping_status":"closed","template":"elementor_header_footer","meta":{"footnotes":""},"class_list":["post-1376","page","type-page","status-publish","hentry"],"_links":{"self":[{"href":"https:\/\/tocdefusta.com\/es\/wp-json\/wp\/v2\/pages\/1376","targetHints":{"allow":["GET"]}}],"collection":[{"href":"https:\/\/tocdefusta.com\/es\/wp-json\/wp\/v2\/pages"}],"about":[{"href":"https:\/\/tocdefusta.com\/es\/wp-json\/wp\/v2\/types\/page"}],"author":[{"embeddable":true,"href":"https:\/\/tocdefusta.com\/es\/wp-json\/wp\/v2\/users\/1"}],"replies":[{"embeddable":true,"href":"https:\/\/tocdefusta.com\/es\/wp-json\/wp\/v2\/comments?post=1376"}],"version-history":[{"count":1,"href":"https:\/\/tocdefusta.com\/es\/wp-json\/wp\/v2\/pages\/1376\/revisions"}],"predecessor-version":[{"id":1377,"href":"https:\/\/tocdefusta.com\/es\/wp-json\/wp\/v2\/pages\/1376\/revisions\/1377"}],"wp:attachment":[{"href":"https:\/\/tocdefusta.com\/es\/wp-json\/wp\/v2\/media?parent=1376"}],"curies":[{"name":"wp","href":"https:\/\/api.w.org\/{rel}","templated":true}]}}