{"id":1410,"date":"2024-08-29T12:44:56","date_gmt":"2024-08-29T10:44:56","guid":{"rendered":"https:\/\/tocdefusta.com\/arrels\/"},"modified":"2024-08-29T12:44:57","modified_gmt":"2024-08-29T10:44:57","slug":"arrels","status":"publish","type":"page","link":"https:\/\/tocdefusta.com\/en\/arrels\/","title":{"rendered":"Arrels"},"content":{"rendered":"\t\t<div data-elementor-type=\"wp-page\" data-elementor-id=\"1410\" class=\"elementor elementor-1410 elementor-1233\" data-elementor-post-type=\"page\">\n\t\t\t\t\t\t<section class=\"elementor-section elementor-top-section elementor-element elementor-element-3b87317 elementor-section-boxed elementor-section-height-default elementor-section-height-default\" data-id=\"3b87317\" data-element_type=\"section\">\n\t\t\t\t\t\t<div class=\"elementor-container elementor-column-gap-default\">\n\t\t\t\t\t<div class=\"elementor-column elementor-col-100 elementor-top-column elementor-element elementor-element-41dacc6\" data-id=\"41dacc6\" data-element_type=\"column\">\n\t\t\t<div class=\"elementor-widget-wrap elementor-element-populated\">\n\t\t\t\t\t\t<section class=\"elementor-section elementor-inner-section elementor-element elementor-element-d4bde79 elementor-section-boxed elementor-section-height-default elementor-section-height-default\" data-id=\"d4bde79\" data-element_type=\"section\">\n\t\t\t\t\t\t<div class=\"elementor-container elementor-column-gap-default\">\n\t\t\t\t\t<div class=\"elementor-column elementor-col-66 elementor-inner-column elementor-element elementor-element-a1ad1a8\" data-id=\"a1ad1a8\" data-element_type=\"column\">\n\t\t\t<div class=\"elementor-widget-wrap elementor-element-populated\">\n\t\t\t\t\t\t<div class=\"elementor-element elementor-element-91d293d elementor-hidden-desktop elementor-widget elementor-widget-image\" data-id=\"91d293d\" data-element_type=\"widget\" data-widget_type=\"image.default\">\n\t\t\t\t<div class=\"elementor-widget-container\">\n\t\t\t\t\t\t\t\t\t\t\t\t\t\t\t<img fetchpriority=\"high\" decoding=\"async\" width=\"786\" height=\"1000\" src=\"https:\/\/tocdefusta.com\/wp-content\/uploads\/2024\/08\/arrels_logo_ppal-_color.png\" class=\"attachment-full size-full wp-image-1236\" alt=\"\" srcset=\"https:\/\/tocdefusta.com\/wp-content\/uploads\/2024\/08\/arrels_logo_ppal-_color.png 786w, https:\/\/tocdefusta.com\/wp-content\/uploads\/2024\/08\/arrels_logo_ppal-_color-236x300.png 236w, https:\/\/tocdefusta.com\/wp-content\/uploads\/2024\/08\/arrels_logo_ppal-_color-768x977.png 768w\" sizes=\"(max-width: 786px) 100vw, 786px\" \/>\t\t\t\t\t\t\t\t\t\t\t\t\t\t\t<\/div>\n\t\t\t\t<\/div>\n\t\t\t\t<div class=\"elementor-element elementor-element-3431e40 elementor-widget elementor-widget-video\" data-id=\"3431e40\" data-element_type=\"widget\" data-settings=\"{&quot;youtube_url&quot;:&quot;https:\\\/\\\/youtu.be\\\/gdQkJ1rSByg&quot;,&quot;video_type&quot;:&quot;youtube&quot;,&quot;controls&quot;:&quot;yes&quot;}\" data-widget_type=\"video.default\">\n\t\t\t\t<div class=\"elementor-widget-container\">\n\t\t\t\t\t\t\t<div class=\"elementor-wrapper elementor-open-inline\">\n\t\t\t<div class=\"elementor-video\"><\/div>\t\t<\/div>\n\t\t\t\t\t\t<\/div>\n\t\t\t\t<\/div>\n\t\t\t\t<div class=\"elementor-element elementor-element-8caae25 elementor-widget elementor-widget-text-editor\" data-id=\"8caae25\" data-element_type=\"widget\" data-widget_type=\"text-editor.default\">\n\t\t\t\t<div class=\"elementor-widget-container\">\n\t\t\t\t\t\t\t\t\t<p>Arrels is a participatory installation that transforms traditions from around the world into a playful experience. Through a collection of original, self-created games, we open a window to the richness of global cultural roots. Sixteen structures serve as creative reinterpretations of specific cultural traditions, sharing not only their essence but also their history and character.  <\/p>\n<p>We bring traditions to life through play.<br \/>We create a meeting space that celebrates cultural diversity<br \/>and invites exploration and connection with the history and customs of different cultures.<\/p>\n\t\t\t\t\t\t\t\t<\/div>\n\t\t\t\t<\/div>\n\t\t\t\t\t<\/div>\n\t\t<\/div>\n\t\t\t\t<div class=\"elementor-column elementor-col-33 elementor-inner-column elementor-element elementor-element-e93641b\" data-id=\"e93641b\" data-element_type=\"column\">\n\t\t\t<div class=\"elementor-widget-wrap elementor-element-populated\">\n\t\t\t\t\t\t<div class=\"elementor-element elementor-element-09a5f5b elementor-hidden-tablet elementor-hidden-phone elementor-widget elementor-widget-image\" data-id=\"09a5f5b\" data-element_type=\"widget\" data-widget_type=\"image.default\">\n\t\t\t\t<div class=\"elementor-widget-container\">\n\t\t\t\t\t\t\t\t\t\t\t\t\t\t\t<img decoding=\"async\" src=\"https:\/\/tocdefusta.com\/wp-content\/uploads\/2024\/08\/arrels_logo_ppal-_color.png\" title=\"arrels_logo_ppal _color\" alt=\"arrels_logo_ppal _color\" loading=\"lazy\" \/>\t\t\t\t\t\t\t\t\t\t\t\t\t\t\t<\/div>\n\t\t\t\t<\/div>\n\t\t\t\t<div class=\"elementor-element elementor-element-14a9c73 elementor-position-left elementor-vertical-align-top elementor-widget elementor-widget-image-box\" data-id=\"14a9c73\" data-element_type=\"widget\" data-widget_type=\"image-box.default\">\n\t\t\t\t<div class=\"elementor-widget-container\">\n\t\t\t\t\t<div class=\"elementor-image-box-wrapper\"><figure class=\"elementor-image-box-img\"><img decoding=\"async\" width=\"25\" height=\"25\" src=\"https:\/\/tocdefusta.com\/wp-content\/uploads\/2024\/08\/TdF_icones_tecnica.png\" class=\"attachment-full size-full wp-image-1196\" alt=\"\" \/><\/figure><div class=\"elementor-image-box-content\"><h3 class=\"elementor-image-box-title\">Technical sheet<\/h3><p class=\"elementor-image-box-description\">A flat space of about 300m2 with access and parking for a large van.<\/p><\/div><\/div>\t\t\t\t<\/div>\n\t\t\t\t<\/div>\n\t\t\t\t<div class=\"elementor-element elementor-element-44cb27f elementor-position-left elementor-vertical-align-top elementor-widget elementor-widget-image-box\" data-id=\"44cb27f\" data-element_type=\"widget\" data-widget_type=\"image-box.default\">\n\t\t\t\t<div class=\"elementor-widget-container\">\n\t\t\t\t\t<div class=\"elementor-image-box-wrapper\"><figure class=\"elementor-image-box-img\"><img decoding=\"async\" width=\"25\" height=\"25\" src=\"https:\/\/tocdefusta.com\/wp-content\/uploads\/2024\/08\/TdF_icones_temps.png\" class=\"attachment-full size-full wp-image-1197\" alt=\"\" \/><\/figure><div class=\"elementor-image-box-content\"><h3 class=\"elementor-image-box-title\">Time<\/h3><p class=\"elementor-image-box-description\">Assembly: 2 h Duration: from 3 to 6 h Disassembly: 1 h 30'<\/p><\/div><\/div>\t\t\t\t<\/div>\n\t\t\t\t<\/div>\n\t\t\t\t<div class=\"elementor-element elementor-element-1d07b1c elementor-position-left elementor-vertical-align-top elementor-widget elementor-widget-image-box\" data-id=\"1d07b1c\" data-element_type=\"widget\" data-widget_type=\"image-box.default\">\n\t\t\t\t<div class=\"elementor-widget-container\">\n\t\t\t\t\t<div class=\"elementor-image-box-wrapper\"><figure class=\"elementor-image-box-img\"><img loading=\"lazy\" decoding=\"async\" width=\"25\" height=\"25\" src=\"https:\/\/tocdefusta.com\/wp-content\/uploads\/2024\/08\/TdF_icones_idea.png\" class=\"attachment-full size-full wp-image-1195\" alt=\"\" \/><\/figure><div class=\"elementor-image-box-content\"><h3 class=\"elementor-image-box-title\">Artistic card<\/h3><p class=\"elementor-image-box-description\">Created and built by Alfred Borr\u00e0s, Albert Utg\u00e9 and Laura Utg\u00e9 Produced by Toc de Fusta<\/p><\/div><\/div>\t\t\t\t<\/div>\n\t\t\t\t<\/div>\n\t\t\t\t\t<\/div>\n\t\t<\/div>\n\t\t\t\t\t<\/div>\n\t\t<\/section>\n\t\t\t\t<div class=\"elementor-element elementor-element-cadadd9 elementor-widget elementor-widget-gallery\" data-id=\"cadadd9\" data-element_type=\"widget\" data-settings=\"{&quot;gallery_layout&quot;:&quot;justified&quot;,&quot;lazyload&quot;:&quot;yes&quot;,&quot;ideal_row_height&quot;:{&quot;unit&quot;:&quot;px&quot;,&quot;size&quot;:200,&quot;sizes&quot;:[]},&quot;ideal_row_height_tablet&quot;:{&quot;unit&quot;:&quot;px&quot;,&quot;size&quot;:150,&quot;sizes&quot;:[]},&quot;ideal_row_height_mobile&quot;:{&quot;unit&quot;:&quot;px&quot;,&quot;size&quot;:150,&quot;sizes&quot;:[]},&quot;gap&quot;:{&quot;unit&quot;:&quot;px&quot;,&quot;size&quot;:10,&quot;sizes&quot;:[]},&quot;gap_tablet&quot;:{&quot;unit&quot;:&quot;px&quot;,&quot;size&quot;:10,&quot;sizes&quot;:[]},&quot;gap_mobile&quot;:{&quot;unit&quot;:&quot;px&quot;,&quot;size&quot;:10,&quot;sizes&quot;:[]},&quot;link_to&quot;:&quot;file&quot;,&quot;overlay_background&quot;:&quot;yes&quot;,&quot;content_hover_animation&quot;:&quot;fade-in&quot;}\" data-widget_type=\"gallery.default\">\n\t\t\t\t<div class=\"elementor-widget-container\">\n\t\t\t\t\t\t\t<div class=\"elementor-gallery__container\">\n\t\t\t\t\t\t\t<a class=\"e-gallery-item elementor-gallery-item elementor-animated-content\" href=\"https:\/\/tocdefusta.com\/wp-content\/uploads\/2024\/08\/TDF_arrels1.jpg\" data-elementor-open-lightbox=\"yes\" data-elementor-lightbox-slideshow=\"cadadd9\" data-e-action-hash=\"#elementor-action%3Aaction%3Dlightbox%26settings%3DeyJpZCI6MTIzOSwidXJsIjoiaHR0cHM6XC9cL3RvY2RlZnVzdGEuY29tXC93cC1jb250ZW50XC91cGxvYWRzXC8yMDI0XC8wOFwvVERGX2FycmVsczEuanBnIiwic2xpZGVzaG93IjoiY2FkYWRkOSJ9\">\n\t\t\t\t\t<div class=\"e-gallery-image elementor-gallery-item__image\" data-thumbnail=\"https:\/\/tocdefusta.com\/wp-content\/uploads\/2024\/08\/TDF_arrels1.jpg\" data-width=\"1920\" data-height=\"1080\" aria-label=\"\" role=\"img\" ><\/div>\n\t\t\t\t\t\t\t\t\t\t\t<div class=\"elementor-gallery-item__overlay\"><\/div>\n\t\t\t\t\t\t\t\t\t\t\t\t\t\t<\/a>\n\t\t\t\t\t\t\t<a class=\"e-gallery-item elementor-gallery-item elementor-animated-content\" href=\"https:\/\/tocdefusta.com\/wp-content\/uploads\/2024\/08\/TDF_arrels15.jpg\" data-elementor-open-lightbox=\"yes\" data-elementor-lightbox-slideshow=\"cadadd9\" data-e-action-hash=\"#elementor-action%3Aaction%3Dlightbox%26settings%3DeyJpZCI6MTI5NSwidXJsIjoiaHR0cHM6XC9cL3RvY2RlZnVzdGEuY29tXC93cC1jb250ZW50XC91cGxvYWRzXC8yMDI0XC8wOFwvVERGX2FycmVsczE1LmpwZyIsInNsaWRlc2hvdyI6ImNhZGFkZDkifQ%3D%3D\">\n\t\t\t\t\t<div class=\"e-gallery-image elementor-gallery-item__image\" data-thumbnail=\"https:\/\/tocdefusta.com\/wp-content\/uploads\/2024\/08\/TDF_arrels15.jpg\" data-width=\"1080\" data-height=\"1920\" aria-label=\"\" role=\"img\" ><\/div>\n\t\t\t\t\t\t\t\t\t\t\t<div class=\"elementor-gallery-item__overlay\"><\/div>\n\t\t\t\t\t\t\t\t\t\t\t\t\t\t<\/a>\n\t\t\t\t\t\t\t<a class=\"e-gallery-item elementor-gallery-item elementor-animated-content\" href=\"https:\/\/tocdefusta.com\/wp-content\/uploads\/2024\/08\/TDF_arrels14.jpg\" data-elementor-open-lightbox=\"yes\" data-elementor-lightbox-slideshow=\"cadadd9\" data-e-action-hash=\"#elementor-action%3Aaction%3Dlightbox%26settings%3DeyJpZCI6MTI5MSwidXJsIjoiaHR0cHM6XC9cL3RvY2RlZnVzdGEuY29tXC93cC1jb250ZW50XC91cGxvYWRzXC8yMDI0XC8wOFwvVERGX2FycmVsczE0LmpwZyIsInNsaWRlc2hvdyI6ImNhZGFkZDkifQ%3D%3D\">\n\t\t\t\t\t<div class=\"e-gallery-image elementor-gallery-item__image\" data-thumbnail=\"https:\/\/tocdefusta.com\/wp-content\/uploads\/2024\/08\/TDF_arrels14.jpg\" data-width=\"1080\" data-height=\"1920\" aria-label=\"\" role=\"img\" ><\/div>\n\t\t\t\t\t\t\t\t\t\t\t<div class=\"elementor-gallery-item__overlay\"><\/div>\n\t\t\t\t\t\t\t\t\t\t\t\t\t\t<\/a>\n\t\t\t\t\t\t\t<a class=\"e-gallery-item elementor-gallery-item elementor-animated-content\" href=\"https:\/\/tocdefusta.com\/wp-content\/uploads\/2024\/08\/TDF_arrels13.jpg\" data-elementor-open-lightbox=\"yes\" data-elementor-lightbox-slideshow=\"cadadd9\" data-e-action-hash=\"#elementor-action%3Aaction%3Dlightbox%26settings%3DeyJpZCI6MTI4NywidXJsIjoiaHR0cHM6XC9cL3RvY2RlZnVzdGEuY29tXC93cC1jb250ZW50XC91cGxvYWRzXC8yMDI0XC8wOFwvVERGX2FycmVsczEzLmpwZyIsInNsaWRlc2hvdyI6ImNhZGFkZDkifQ%3D%3D\">\n\t\t\t\t\t<div class=\"e-gallery-image elementor-gallery-item__image\" data-thumbnail=\"https:\/\/tocdefusta.com\/wp-content\/uploads\/2024\/08\/TDF_arrels13.jpg\" data-width=\"1080\" data-height=\"1920\" aria-label=\"\" role=\"img\" ><\/div>\n\t\t\t\t\t\t\t\t\t\t\t<div class=\"elementor-gallery-item__overlay\"><\/div>\n\t\t\t\t\t\t\t\t\t\t\t\t\t\t<\/a>\n\t\t\t\t\t\t\t<a class=\"e-gallery-item elementor-gallery-item elementor-animated-content\" href=\"https:\/\/tocdefusta.com\/wp-content\/uploads\/2024\/08\/TDF_arrels12.jpg\" data-elementor-open-lightbox=\"yes\" data-elementor-lightbox-slideshow=\"cadadd9\" data-e-action-hash=\"#elementor-action%3Aaction%3Dlightbox%26settings%3DeyJpZCI6MTI4MywidXJsIjoiaHR0cHM6XC9cL3RvY2RlZnVzdGEuY29tXC93cC1jb250ZW50XC91cGxvYWRzXC8yMDI0XC8wOFwvVERGX2FycmVsczEyLmpwZyIsInNsaWRlc2hvdyI6ImNhZGFkZDkifQ%3D%3D\">\n\t\t\t\t\t<div class=\"e-gallery-image elementor-gallery-item__image\" data-thumbnail=\"https:\/\/tocdefusta.com\/wp-content\/uploads\/2024\/08\/TDF_arrels12.jpg\" data-width=\"1080\" data-height=\"1920\" aria-label=\"\" role=\"img\" ><\/div>\n\t\t\t\t\t\t\t\t\t\t\t<div class=\"elementor-gallery-item__overlay\"><\/div>\n\t\t\t\t\t\t\t\t\t\t\t\t\t\t<\/a>\n\t\t\t\t\t\t\t<a class=\"e-gallery-item elementor-gallery-item elementor-animated-content\" href=\"https:\/\/tocdefusta.com\/wp-content\/uploads\/2024\/08\/TDF_arrels11.jpg\" data-elementor-open-lightbox=\"yes\" data-elementor-lightbox-slideshow=\"cadadd9\" data-e-action-hash=\"#elementor-action%3Aaction%3Dlightbox%26settings%3DeyJpZCI6MTI3OSwidXJsIjoiaHR0cHM6XC9cL3RvY2RlZnVzdGEuY29tXC93cC1jb250ZW50XC91cGxvYWRzXC8yMDI0XC8wOFwvVERGX2FycmVsczExLmpwZyIsInNsaWRlc2hvdyI6ImNhZGFkZDkifQ%3D%3D\">\n\t\t\t\t\t<div class=\"e-gallery-image elementor-gallery-item__image\" data-thumbnail=\"https:\/\/tocdefusta.com\/wp-content\/uploads\/2024\/08\/TDF_arrels11.jpg\" data-width=\"1920\" data-height=\"1080\" aria-label=\"\" role=\"img\" ><\/div>\n\t\t\t\t\t\t\t\t\t\t\t<div class=\"elementor-gallery-item__overlay\"><\/div>\n\t\t\t\t\t\t\t\t\t\t\t\t\t\t<\/a>\n\t\t\t\t\t\t\t<a class=\"e-gallery-item elementor-gallery-item elementor-animated-content\" href=\"https:\/\/tocdefusta.com\/wp-content\/uploads\/2024\/08\/TDF_arrels10.jpg\" data-elementor-open-lightbox=\"yes\" data-elementor-lightbox-slideshow=\"cadadd9\" data-e-action-hash=\"#elementor-action%3Aaction%3Dlightbox%26settings%3DeyJpZCI6MTI3NSwidXJsIjoiaHR0cHM6XC9cL3RvY2RlZnVzdGEuY29tXC93cC1jb250ZW50XC91cGxvYWRzXC8yMDI0XC8wOFwvVERGX2FycmVsczEwLmpwZyIsInNsaWRlc2hvdyI6ImNhZGFkZDkifQ%3D%3D\">\n\t\t\t\t\t<div class=\"e-gallery-image elementor-gallery-item__image\" data-thumbnail=\"https:\/\/tocdefusta.com\/wp-content\/uploads\/2024\/08\/TDF_arrels10.jpg\" data-width=\"1080\" data-height=\"1920\" aria-label=\"\" role=\"img\" ><\/div>\n\t\t\t\t\t\t\t\t\t\t\t<div class=\"elementor-gallery-item__overlay\"><\/div>\n\t\t\t\t\t\t\t\t\t\t\t\t\t\t<\/a>\n\t\t\t\t\t\t\t<a class=\"e-gallery-item elementor-gallery-item elementor-animated-content\" href=\"https:\/\/tocdefusta.com\/wp-content\/uploads\/2024\/08\/TDF_arrels9.jpg\" data-elementor-open-lightbox=\"yes\" data-elementor-lightbox-slideshow=\"cadadd9\" data-e-action-hash=\"#elementor-action%3Aaction%3Dlightbox%26settings%3DeyJpZCI6MTI3MSwidXJsIjoiaHR0cHM6XC9cL3RvY2RlZnVzdGEuY29tXC93cC1jb250ZW50XC91cGxvYWRzXC8yMDI0XC8wOFwvVERGX2FycmVsczkuanBnIiwic2xpZGVzaG93IjoiY2FkYWRkOSJ9\">\n\t\t\t\t\t<div class=\"e-gallery-image elementor-gallery-item__image\" data-thumbnail=\"https:\/\/tocdefusta.com\/wp-content\/uploads\/2024\/08\/TDF_arrels9.jpg\" data-width=\"1080\" data-height=\"1920\" aria-label=\"\" role=\"img\" ><\/div>\n\t\t\t\t\t\t\t\t\t\t\t<div class=\"elementor-gallery-item__overlay\"><\/div>\n\t\t\t\t\t\t\t\t\t\t\t\t\t\t<\/a>\n\t\t\t\t\t\t\t<a class=\"e-gallery-item elementor-gallery-item elementor-animated-content\" href=\"https:\/\/tocdefusta.com\/wp-content\/uploads\/2024\/08\/TDF_arrels8.jpg\" data-elementor-open-lightbox=\"yes\" data-elementor-lightbox-slideshow=\"cadadd9\" data-e-action-hash=\"#elementor-action%3Aaction%3Dlightbox%26settings%3DeyJpZCI6MTI2NywidXJsIjoiaHR0cHM6XC9cL3RvY2RlZnVzdGEuY29tXC93cC1jb250ZW50XC91cGxvYWRzXC8yMDI0XC8wOFwvVERGX2FycmVsczguanBnIiwic2xpZGVzaG93IjoiY2FkYWRkOSJ9\">\n\t\t\t\t\t<div class=\"e-gallery-image elementor-gallery-item__image\" data-thumbnail=\"https:\/\/tocdefusta.com\/wp-content\/uploads\/2024\/08\/TDF_arrels8.jpg\" data-width=\"1080\" data-height=\"1920\" aria-label=\"\" role=\"img\" ><\/div>\n\t\t\t\t\t\t\t\t\t\t\t<div class=\"elementor-gallery-item__overlay\"><\/div>\n\t\t\t\t\t\t\t\t\t\t\t\t\t\t<\/a>\n\t\t\t\t\t\t\t<a class=\"e-gallery-item elementor-gallery-item elementor-animated-content\" href=\"https:\/\/tocdefusta.com\/wp-content\/uploads\/2024\/08\/TDF_arrels7.jpg\" data-elementor-open-lightbox=\"yes\" data-elementor-lightbox-slideshow=\"cadadd9\" data-e-action-hash=\"#elementor-action%3Aaction%3Dlightbox%26settings%3DeyJpZCI6MTI2MywidXJsIjoiaHR0cHM6XC9cL3RvY2RlZnVzdGEuY29tXC93cC1jb250ZW50XC91cGxvYWRzXC8yMDI0XC8wOFwvVERGX2FycmVsczcuanBnIiwic2xpZGVzaG93IjoiY2FkYWRkOSJ9\">\n\t\t\t\t\t<div class=\"e-gallery-image elementor-gallery-item__image\" data-thumbnail=\"https:\/\/tocdefusta.com\/wp-content\/uploads\/2024\/08\/TDF_arrels7.jpg\" data-width=\"1080\" data-height=\"1920\" aria-label=\"\" role=\"img\" ><\/div>\n\t\t\t\t\t\t\t\t\t\t\t<div class=\"elementor-gallery-item__overlay\"><\/div>\n\t\t\t\t\t\t\t\t\t\t\t\t\t\t<\/a>\n\t\t\t\t\t\t\t<a class=\"e-gallery-item elementor-gallery-item elementor-animated-content\" href=\"https:\/\/tocdefusta.com\/wp-content\/uploads\/2024\/08\/TDF_arrels6.jpg\" data-elementor-open-lightbox=\"yes\" data-elementor-lightbox-slideshow=\"cadadd9\" data-e-action-hash=\"#elementor-action%3Aaction%3Dlightbox%26settings%3DeyJpZCI6MTI1OSwidXJsIjoiaHR0cHM6XC9cL3RvY2RlZnVzdGEuY29tXC93cC1jb250ZW50XC91cGxvYWRzXC8yMDI0XC8wOFwvVERGX2FycmVsczYuanBnIiwic2xpZGVzaG93IjoiY2FkYWRkOSJ9\">\n\t\t\t\t\t<div class=\"e-gallery-image elementor-gallery-item__image\" data-thumbnail=\"https:\/\/tocdefusta.com\/wp-content\/uploads\/2024\/08\/TDF_arrels6.jpg\" data-width=\"1920\" data-height=\"1080\" aria-label=\"\" role=\"img\" ><\/div>\n\t\t\t\t\t\t\t\t\t\t\t<div class=\"elementor-gallery-item__overlay\"><\/div>\n\t\t\t\t\t\t\t\t\t\t\t\t\t\t<\/a>\n\t\t\t\t\t\t\t<a class=\"e-gallery-item elementor-gallery-item elementor-animated-content\" href=\"https:\/\/tocdefusta.com\/wp-content\/uploads\/2024\/08\/TDF_arrels5.jpg\" data-elementor-open-lightbox=\"yes\" data-elementor-lightbox-slideshow=\"cadadd9\" data-e-action-hash=\"#elementor-action%3Aaction%3Dlightbox%26settings%3DeyJpZCI6MTI1NSwidXJsIjoiaHR0cHM6XC9cL3RvY2RlZnVzdGEuY29tXC93cC1jb250ZW50XC91cGxvYWRzXC8yMDI0XC8wOFwvVERGX2FycmVsczUuanBnIiwic2xpZGVzaG93IjoiY2FkYWRkOSJ9\">\n\t\t\t\t\t<div class=\"e-gallery-image elementor-gallery-item__image\" data-thumbnail=\"https:\/\/tocdefusta.com\/wp-content\/uploads\/2024\/08\/TDF_arrels5.jpg\" data-width=\"1920\" data-height=\"1080\" aria-label=\"\" role=\"img\" ><\/div>\n\t\t\t\t\t\t\t\t\t\t\t<div class=\"elementor-gallery-item__overlay\"><\/div>\n\t\t\t\t\t\t\t\t\t\t\t\t\t\t<\/a>\n\t\t\t\t\t\t\t<a class=\"e-gallery-item elementor-gallery-item elementor-animated-content\" href=\"https:\/\/tocdefusta.com\/wp-content\/uploads\/2024\/08\/TDF_arrels4.jpg\" data-elementor-open-lightbox=\"yes\" data-elementor-lightbox-slideshow=\"cadadd9\" data-e-action-hash=\"#elementor-action%3Aaction%3Dlightbox%26settings%3DeyJpZCI6MTI1MSwidXJsIjoiaHR0cHM6XC9cL3RvY2RlZnVzdGEuY29tXC93cC1jb250ZW50XC91cGxvYWRzXC8yMDI0XC8wOFwvVERGX2FycmVsczQuanBnIiwic2xpZGVzaG93IjoiY2FkYWRkOSJ9\">\n\t\t\t\t\t<div class=\"e-gallery-image elementor-gallery-item__image\" data-thumbnail=\"https:\/\/tocdefusta.com\/wp-content\/uploads\/2024\/08\/TDF_arrels4.jpg\" data-width=\"1920\" data-height=\"1080\" aria-label=\"\" role=\"img\" ><\/div>\n\t\t\t\t\t\t\t\t\t\t\t<div class=\"elementor-gallery-item__overlay\"><\/div>\n\t\t\t\t\t\t\t\t\t\t\t\t\t\t<\/a>\n\t\t\t\t\t\t\t<a class=\"e-gallery-item elementor-gallery-item elementor-animated-content\" href=\"https:\/\/tocdefusta.com\/wp-content\/uploads\/2024\/08\/TDF_arrels3.jpg\" data-elementor-open-lightbox=\"yes\" data-elementor-lightbox-slideshow=\"cadadd9\" data-e-action-hash=\"#elementor-action%3Aaction%3Dlightbox%26settings%3DeyJpZCI6MTI0NywidXJsIjoiaHR0cHM6XC9cL3RvY2RlZnVzdGEuY29tXC93cC1jb250ZW50XC91cGxvYWRzXC8yMDI0XC8wOFwvVERGX2FycmVsczMuanBnIiwic2xpZGVzaG93IjoiY2FkYWRkOSJ9\">\n\t\t\t\t\t<div class=\"e-gallery-image elementor-gallery-item__image\" data-thumbnail=\"https:\/\/tocdefusta.com\/wp-content\/uploads\/2024\/08\/TDF_arrels3.jpg\" data-width=\"1080\" data-height=\"1920\" aria-label=\"\" role=\"img\" ><\/div>\n\t\t\t\t\t\t\t\t\t\t\t<div class=\"elementor-gallery-item__overlay\"><\/div>\n\t\t\t\t\t\t\t\t\t\t\t\t\t\t<\/a>\n\t\t\t\t\t\t\t<a class=\"e-gallery-item elementor-gallery-item elementor-animated-content\" href=\"https:\/\/tocdefusta.com\/wp-content\/uploads\/2024\/08\/TDF_arrels2.jpg\" data-elementor-open-lightbox=\"yes\" data-elementor-lightbox-slideshow=\"cadadd9\" data-e-action-hash=\"#elementor-action%3Aaction%3Dlightbox%26settings%3DeyJpZCI6MTI0MywidXJsIjoiaHR0cHM6XC9cL3RvY2RlZnVzdGEuY29tXC93cC1jb250ZW50XC91cGxvYWRzXC8yMDI0XC8wOFwvVERGX2FycmVsczIuanBnIiwic2xpZGVzaG93IjoiY2FkYWRkOSJ9\">\n\t\t\t\t\t<div class=\"e-gallery-image elementor-gallery-item__image\" data-thumbnail=\"https:\/\/tocdefusta.com\/wp-content\/uploads\/2024\/08\/TDF_arrels2.jpg\" data-width=\"1080\" data-height=\"1466\" aria-label=\"\" role=\"img\" ><\/div>\n\t\t\t\t\t\t\t\t\t\t\t<div class=\"elementor-gallery-item__overlay\"><\/div>\n\t\t\t\t\t\t\t\t\t\t\t\t\t\t<\/a>\n\t\t\t\t\t<\/div>\n\t\t\t\t\t<\/div>\n\t\t\t\t<\/div>\n\t\t\t\t\t<\/div>\n\t\t<\/div>\n\t\t\t\t\t<\/div>\n\t\t<\/section>\n\t\t\t\t<\/div>\n\t\t","protected":false},"excerpt":{"rendered":"<p>https:\/\/youtu.be\/gdQkJ1rSByg Arrels is a participatory installation that transforms traditions from around the world into a playful experience. Through a collection of original, self-created games, we open a window to the richness of global cultural roots. Sixteen structures serve as creative reinterpretations of specific cultural traditions, sharing not only their essence but also their history and [&hellip;]<\/p>\n","protected":false},"author":1,"featured_media":0,"parent":0,"menu_order":0,"comment_status":"closed","ping_status":"closed","template":"elementor_header_footer","meta":{"footnotes":""},"class_list":["post-1410","page","type-page","status-publish","hentry"],"_links":{"self":[{"href":"https:\/\/tocdefusta.com\/en\/wp-json\/wp\/v2\/pages\/1410","targetHints":{"allow":["GET"]}}],"collection":[{"href":"https:\/\/tocdefusta.com\/en\/wp-json\/wp\/v2\/pages"}],"about":[{"href":"https:\/\/tocdefusta.com\/en\/wp-json\/wp\/v2\/types\/page"}],"author":[{"embeddable":true,"href":"https:\/\/tocdefusta.com\/en\/wp-json\/wp\/v2\/users\/1"}],"replies":[{"embeddable":true,"href":"https:\/\/tocdefusta.com\/en\/wp-json\/wp\/v2\/comments?post=1410"}],"version-history":[{"count":1,"href":"https:\/\/tocdefusta.com\/en\/wp-json\/wp\/v2\/pages\/1410\/revisions"}],"predecessor-version":[{"id":1411,"href":"https:\/\/tocdefusta.com\/en\/wp-json\/wp\/v2\/pages\/1410\/revisions\/1411"}],"wp:attachment":[{"href":"https:\/\/tocdefusta.com\/en\/wp-json\/wp\/v2\/media?parent=1410"}],"curies":[{"name":"wp","href":"https:\/\/api.w.org\/{rel}","templated":true}]}}